{"id":2381,"date":"2020-06-25T13:14:48","date_gmt":"2020-06-25T11:14:48","guid":{"rendered":"https:\/\/johann-v-goisern.com\/imprimez\/"},"modified":"2023-10-16T12:38:49","modified_gmt":"2023-10-16T10:38:49","slug":"imprimez","status":"publish","type":"page","link":"https:\/\/johann-v-goisern.com\/fr\/imprimez\/","title":{"rendered":"Imprimez"},"content":{"rendered":"<p>[et_pb_section fb_built=\u00a0\u00bb1&Prime; _builder_version=\u00a0\u00bb4.16&Prime; global_colors_info=\u00a0\u00bb{}\u00a0\u00bb][et_pb_row _builder_version=\u00a0\u00bb4.16&Prime; global_colors_info=\u00a0\u00bb{}\u00a0\u00bb][et_pb_column type=\u00a0\u00bb4_4&Prime; _builder_version=\u00a0\u00bb4.16&Prime; global_colors_info=\u00a0\u00bb{}\u00a0\u00bb][et_pb_text _builder_version=\u00a0\u00bb4.22.2&Prime; hover_enabled=\u00a0\u00bb0&Prime; global_colors_info=\u00a0\u00bb{}\u00a0\u00bb sticky_enabled=\u00a0\u00bb0&Prime;]<\/p>\n<h1>Imprimez<\/h1>\n<p>La marque \u00ab\u00a0Johann von Goisern\u00a0\u00bb appartient \u00e0 POMBERGER Goisern GmbH (abr\u00e9g\u00e9: POMBERGER). Ce site Web est fourni par POMBERGER. POMBERGER distribue des montures de lunettes et des accessoires de la marque \u00ab\u00a0Johann von Goisern\u00a0\u00bb en Autriche et \u00e0 l&rsquo;international. Dans certains pays, il existe des droits de distribution exclusifs pour les partenaires de distribution et les repr\u00e9sentants commerciaux (voir l&rsquo;\u00e9l\u00e9ment de menu <a href=\"https:\/\/johann-v-goisern.com\/\/fr\/contact\/\">Contact<\/a>).<\/p>\n<p>Toutes les photos utilis\u00e9es sur le site (<a href=\"https:\/\/johann-v-goisern.com\/\">www.johann-v-goisern.com<\/a>) sont la propri\u00e9t\u00e9 de POMBERGER. Les photos et logos propos\u00e9s au t\u00e9l\u00e9chargement peuvent \u00eatre utilis\u00e9s jusqu&rsquo;\u00e0 leur r\u00e9vocation conditionnelle si la source (<a href=\"https:\/\/johann-v-goisern.com\/\">www.johann-v-goisern.com<\/a>) est nomm\u00e9e.<\/p>\n<p><strong>POMBERGER Goisern GmbH<\/strong><br \/>Au 131<br \/>4822\u00a0Bad Goisern a. H.<br \/>Autriche<\/p>\n<p>T\u00e9l : +43 6135 7465<br \/>Fax : +43 6135 7465 &#8211; 20<br \/><a>office@pomberger.com<\/a><br \/><a href=\"http:\/\/www.pomberger.com\/\">www.pomberger.com<\/a><\/p>\n<p>N\u00b0 de TVA : <span>ATU78604627<\/span><br \/>Num\u00e9ro d&rsquo;enregistrement de la soci\u00e9t\u00e9 : <span>FN 590054 b<\/span><\/p>\n<p><span><a href=\"https:\/\/johann-v-goisern.com\/\/documents\/\" target=\"_blank\" rel=\"noopener\">Instruction manuals and declarations of conformity (MDR)<\/a><\/span><\/p>\n<p><a href=\"https:\/\/images.pomberger.com\/Info\/2021-04-06_Conditionsdegarantie_JvG_FR.pdf\" target=\"_blank\" rel=\"noopener noreferrer\">Conditions de garantie<\/a><\/p>\n<p><a href=\"https:\/\/firmen.wko.at\/Web\/DetailsKontakt.aspx?FirmaID=511a237e-98e4-4f88-9168-a93e36cfe3ac&amp;Name=Pomberger+Goisern+GmbH&amp;Standort=Ober%c3%b6sterreich+(Bundesland)\" target=\"_blank\" rel=\"noopener noreferrer\">Donn\u00e9es importantes de l&rsquo;entreprise conform\u00e9ment \u00e0 la loi sur le commerce \u00e9lectronique \u00a7 5 paragraphe 1 (1.1.2002) [Handelsgewerbe]Important company data according to e-commerce law \u00a7 5 paragraph 1 (1.1.2002) [Handelsgewerbe]<\/a><\/p>\n<p><a href=\"https:\/\/firmen.wko.at\/Web\/DetailsKontakt.aspx?FirmaID=37a95a18-f5aa-4925-8f46-895871f58c13&amp;Name=Pomberger+Goisern+GmbH&amp;Standort=Ober%c3%b6sterreich+(Bundesland)\" target=\"_blank\" rel=\"noopener noreferrer\">Donn\u00e9es importantes de l&rsquo;entreprise selon la loi sur le commerce \u00e9lectronique \u00a7 5 paragraphe 1 (1.1.2002) [Kunststoffverarbeiter]Important company data according to e-commerce law \u00a7 5 paragraph 1 (1.1.2002) [Kunststoffverarbeiter]<\/a><\/p>\n<p>[\/et_pb_text][\/et_pb_column][\/et_pb_row][\/et_pb_section]<\/p>\n","protected":false},"excerpt":{"rendered":"<p>Imprimez La marque \u00ab\u00a0Johann von Goisern\u00a0\u00bb appartient \u00e0 POMBERGER Goisern GmbH (abr\u00e9g\u00e9: POMBERGER). Ce site Web est fourni par POMBERGER. POMBERGER distribue des montures de lunettes et des accessoires de la marque \u00ab\u00a0Johann von Goisern\u00a0\u00bb en Autriche et \u00e0 l&rsquo;international. Dans certains pays, il existe des droits de distribution exclusifs pour les partenaires de distribution [&hellip;]<\/p>\n","protected":false},"author":2,"featured_media":0,"parent":0,"menu_order":0,"comment_status":"closed","ping_status":"closed","template":"","meta":{"_et_pb_use_builder":"on","_et_pb_old_content":"","_et_gb_content_width":"","footnotes":""},"class_list":["post-2381","page","type-page","status-publish","hentry"],"_links":{"self":[{"href":"https:\/\/johann-v-goisern.com\/fr\/wp-json\/wp\/v2\/pages\/2381","targetHints":{"allow":["GET"]}}],"collection":[{"href":"https:\/\/johann-v-goisern.com\/fr\/wp-json\/wp\/v2\/pages"}],"about":[{"href":"https:\/\/johann-v-goisern.com\/fr\/wp-json\/wp\/v2\/types\/page"}],"author":[{"embeddable":true,"href":"https:\/\/johann-v-goisern.com\/fr\/wp-json\/wp\/v2\/users\/2"}],"replies":[{"embeddable":true,"href":"https:\/\/johann-v-goisern.com\/fr\/wp-json\/wp\/v2\/comments?post=2381"}],"version-history":[{"count":0,"href":"https:\/\/johann-v-goisern.com\/fr\/wp-json\/wp\/v2\/pages\/2381\/revisions"}],"wp:attachment":[{"href":"https:\/\/johann-v-goisern.com\/fr\/wp-json\/wp\/v2\/media?parent=2381"}],"curies":[{"name":"wp","href":"https:\/\/api.w.org\/{rel}","templated":true}]}}