{"id":2391,"date":"2020-06-25T13:35:28","date_gmt":"2020-06-25T11:35:28","guid":{"rendered":"https:\/\/johann-v-goisern.com\/jvg-club\/"},"modified":"2020-06-25T13:35:29","modified_gmt":"2020-06-25T11:35:29","slug":"jvg-club","status":"publish","type":"page","link":"https:\/\/johann-v-goisern.com\/fr\/jvg-club\/","title":{"rendered":"JvG Club"},"content":{"rendered":"<p>[et_pb_section fb_built=\u00a0\u00bb1&Prime; _builder_version=\u00a0\u00bb4.4.7&Prime; min_height=\u00a0\u00bb194px\u00a0\u00bb][et_pb_row column_structure=\u00a0\u00bb1_2,1_2&Prime; _builder_version=\u00a0\u00bb4.4.7&Prime;][et_pb_column type=\u00a0\u00bb1_2&Prime; _builder_version=\u00a0\u00bb4.4.7&Prime;][et_pb_text _builder_version=\u00a0\u00bb4.4.7&Prime;]<\/p>\n<h1>QUI PORTE UNE JOHANN VON GOISERN, OSE ETRE DIFFERENT<\/h1>\n<p>[\/et_pb_text][\/et_pb_column][et_pb_column type=\u00a0\u00bb1_2&Prime; _builder_version=\u00a0\u00bb4.4.7&Prime;][et_pb_text _builder_version=\u00a0\u00bb4.4.7&Prime;]Un porteur Johann von Goisern est passionn\u00e9 par les lunettes, le design et la qualit\u00e9, ainsi que l&rsquo;histoire qui se d\u00e9roule derri\u00e8re chaque paire de lunettes JvG. Pour maintenir cet enthousiasme, nous avons cr\u00e9\u00e9 un club sp\u00e9cialement pour les propri\u00e9taires de JvG. L&rsquo;adh\u00e9sion est gratuite, la seule condition est d&rsquo;\u00eatre propri\u00e9taire d&rsquo;une monture Johann von Goisern original et du num\u00e9ro de carte de certificat correspondant[\/et_pb_text][\/et_pb_column][\/et_pb_row][\/et_pb_section][et_pb_section fb_built=\u00a0\u00bb1&Prime; _builder_version=\u00a0\u00bb4.4.7&Prime; background_image=\u00a0\u00bbhttps:\/\/johann-v-goisern.com\/\/wp-content\/uploads\/2020\/06\/Lichttest_Schmall.gif\u00a0\u00bb background_size=\u00a0\u00bbcontain\u00a0\u00bb background_repeat=\u00a0\u00bbrepeat-x\u00a0\u00bb custom_padding=\u00a0\u00bb0px||0px|||\u00a0\u00bb][et_pb_row _builder_version=\u00a0\u00bb4.4.7&Prime; custom_margin=\u00a0\u00bb0px||0px||false|false\u00a0\u00bb custom_padding=\u00a0\u00bb10px||10px||false|false\u00a0\u00bb][et_pb_column type=\u00a0\u00bb4_4&Prime; _builder_version=\u00a0\u00bb4.4.7&Prime;][et_pb_image src=\u00a0\u00bbhttps:\/\/johann-v-goisern.com\/\/wp-content\/uploads\/2020\/06\/JvG-Club.png\u00a0\u00bb title_text=\u00a0\u00bbJvG Club\u00a0\u00bb url=\u00a0\u00bbhttps:\/\/www.jvg.club\/\u00a0\u00bb url_new_window=\u00a0\u00bbon\u00a0\u00bb align=\u00a0\u00bbcenter\u00a0\u00bb _builder_version=\u00a0\u00bb4.4.7&Prime; max_height=\u00a0\u00bb200px\u00a0\u00bb custom_margin=\u00a0\u00bb0px|0px|0px|0px|false|false\u00a0\u00bb custom_padding=\u00a0\u00bb0px|0px|0px|0px|false|false\u00a0\u00bb transform_styles__hover_enabled=\u00a0\u00bbon|hover\u00a0\u00bb transform_scale__hover_enabled=\u00a0\u00bbon|hover\u00a0\u00bb transform_translate__hover_enabled=\u00a0\u00bbon|desktop\u00a0\u00bb transform_rotate__hover_enabled=\u00a0\u00bbon|desktop\u00a0\u00bb transform_skew__hover_enabled=\u00a0\u00bbon|desktop\u00a0\u00bb transform_origin__hover_enabled=\u00a0\u00bbon|desktop\u00a0\u00bb transform_scale__hover=\u00a0\u00bb110%|110%\u00a0\u00bb][\/et_pb_image][\/et_pb_column][\/et_pb_row][\/et_pb_section][et_pb_section fb_built=\u00a0\u00bb1&Prime; _builder_version=\u00a0\u00bb4.4.7&Prime; min_height=\u00a0\u00bb39px\u00a0\u00bb][et_pb_row _builder_version=\u00a0\u00bb4.4.7&Prime; custom_padding=\u00a0\u00bb0px||0px|||\u00a0\u00bb][et_pb_column type=\u00a0\u00bb4_4&Prime; _builder_version=\u00a0\u00bb4.4.7&Prime;][et_pb_text _builder_version=\u00a0\u00bb4.4.7&Prime; custom_padding=\u00a0\u00bb||0px|||\u00a0\u00bb]<\/p>\n<h1><span style=\"color: #999999;\">EN TANT QUE MEMBRE DU CLUB, VOUS PROFITEZ DES AVANTAGES SUIVANTS:<\/span><\/h1>\n<ul>\n<li>Un forfait sp\u00e9cial \u00abbienvenue\u00bb (comprenant une carte de membre, une surprise au chocolat et d&rsquo;autres cadeaux)<\/li>\n<li>Informations exclusives, telles que des descriptions, des photos, des vid\u00e9os concernant la production et le traitement des montures Johann von Goisern<\/li>\n<li>Un aper\u00e7u d\u00e9taill\u00e9 de tous les mod\u00e8les et couleurs (vue 360 \u00b0, photos haute r\u00e9solution et tous les d\u00e9tails techniques)<\/li>\n<li>Produits exclusifs JvG club (accessoires, T-shirts, etc.)<\/li>\n<li>Tirage au sort de cadeaux et tombolas \u00e0 intervalles r\u00e9guliers<\/li>\n<\/ul>\n<p>&#8230; et beaucoup plus encore![\/et_pb_text][\/et_pb_column][\/et_pb_row][\/et_pb_section][et_pb_section fb_built=\u00a0\u00bb1&Prime; _builder_version=\u00a0\u00bb4.4.7&Prime; custom_margin=\u00a0\u00bb||-87px|||\u00a0\u00bb][et_pb_row _builder_version=\u00a0\u00bb4.4.7&Prime; custom_margin=\u00a0\u00bb-52px|auto||auto||\u00a0\u00bb][et_pb_column type=\u00a0\u00bb4_4&Prime; _builder_version=\u00a0\u00bb4.4.7&Prime;][et_pb_image src=\u00a0\u00bbhttps:\/\/johann-v-goisern.com\/\/wp-content\/uploads\/2020\/06\/Club_Wimpel_Alt.png\u00a0\u00bb align=\u00a0\u00bbcenter\u00a0\u00bb _builder_version=\u00a0\u00bb4.4.7&Prime; custom_margin=\u00a0\u00bb||8px|||\u00a0\u00bb custom_padding=\u00a0\u00bb||0px|||\u00a0\u00bb][\/et_pb_image][et_pb_text _builder_version=\u00a0\u00bb4.4.7&Prime; custom_padding=\u00a0\u00bb0px||17px|||\u00a0\u00bb transform_styles__hover_enabled=\u00a0\u00bbon|desktop\u00a0\u00bb transform_scale__hover_enabled=\u00a0\u00bbon|desktop\u00a0\u00bb transform_translate__hover_enabled=\u00a0\u00bbon|desktop\u00a0\u00bb transform_rotate__hover_enabled=\u00a0\u00bbon|desktop\u00a0\u00bb transform_skew__hover_enabled=\u00a0\u00bbon|desktop\u00a0\u00bb transform_origin__hover_enabled=\u00a0\u00bbon|desktop\u00a0\u00bb]<a href=\"https:\/\/jvg.club\">Vers la page du Club JvG<\/a>[\/et_pb_text][\/et_pb_column][\/et_pb_row][\/et_pb_section][et_pb_section fb_built=\u00a0\u00bb1&Prime; _builder_version=\u00a0\u00bb4.4.7&Prime;][et_pb_row _builder_version=\u00a0\u00bb4.4.7&Prime; min_height=\u00a0\u00bb47px\u00a0\u00bb][et_pb_column type=\u00a0\u00bb4_4&Prime; _builder_version=\u00a0\u00bb4.4.7&Prime;][et_pb_text _builder_version=\u00a0\u00bb4.4.7&Prime; header_font=\u00a0\u00bb|||on|||||\u00a0\u00bb]<\/p>\n<h2><span style=\"color: #999999;\">Questions fr\u00e9quentes<\/span><\/h2>\n<p>[\/et_pb_text][\/et_pb_column][\/et_pb_row][et_pb_row _builder_version=\u00a0\u00bb4.4.7&Prime;][et_pb_column type=\u00a0\u00bb4_4&Prime; _builder_version=\u00a0\u00bb4.4.7&Prime;][et_pb_toggle title=\u00a0\u00bbQU\u2019EST CE QUE LE CLUB \u00ab JOHANN VON GOISERN \u00bb ?\u00a0\u00bb _builder_version=\u00a0\u00bb4.4.7&Prime; min_height=\u00a0\u00bb31px\u00a0\u00bb]VIP level, which depends on the number of frames purchased.<\/p>\n<p>Le JvG Club est une plateforme sur Internet accessible \u00e0 l&rsquo;adresse Internet suivante: www.jvg.club. Seuls les porteurs de lunettes JvG peuvent devenir membres. Chaque membre du club re\u00e7oit des informations exclusives sur les lunettes JvG et une vari\u00e9t\u00e9 d&rsquo;avantages. De plus, chaque membre re\u00e7oit un niveau VIP JvG Club, qui d\u00e9pend du nombre de montures achet\u00e9es.[\/et_pb_toggle][\/et_pb_column][\/et_pb_row][et_pb_row _builder_version=\u00a0\u00bb4.4.7&Prime;][et_pb_column type=\u00a0\u00bb4_4&Prime; _builder_version=\u00a0\u00bb4.4.7&Prime;][et_pb_toggle title=\u00a0\u00bbCOMMENT PUIS-JE OBTENIR UN NIVEAU VIP SUP\u00c9RIEUR ?\u00a0\u00bb _builder_version=\u00a0\u00bb4.4.7&Prime;]Certificate Cards you have registered, the higher your VIP level will be. \u00c0 chaque achat de lunetes JvG, vous recevrez une carte de certificat. D\u00e8s que vous aurez enregistr\u00e9 le nouveau num\u00e9ro de carte de certificat sur www.jvg.club, nous augmenterons votre niveau VIP. Plus vous avez enregistr\u00e9 de cartes de certificat, plus votre niveau VIP sera \u00e9lev\u00e9.[\/et_pb_toggle][\/et_pb_column][\/et_pb_row][et_pb_row _builder_version=\u00a0\u00bb4.4.7&Prime;][et_pb_column type=\u00a0\u00bb4_4&Prime; _builder_version=\u00a0\u00bb4.4.7&Prime;][et_pb_toggle title=\u00a0\u00bbQUELS AVANTAGES M\u2019ATTENDENT DANS LE CLUB ?\u00a0\u00bb _builder_version=\u00a0\u00bb4.4.7&Prime;]Chaque membre du club a acc\u00e8s \u00e0\u00a0 un emplacement prot\u00e9g\u00e9 sur <a href=\"https:\/\/jvg.club\">www.jvg.club<\/a>. En fonction de leur niveau VIP, chaque membre b\u00e9n\u00e9ficie d&rsquo;une remise exclusive sur tous les articles de fans JvG (T-shirts, pr\u00e9sentoirs de lunettes, etc.). Les prix sont r\u00e9guli\u00e8rement tir\u00e9s au sort parmi toutes les cartes de certificat enregistr\u00e9es. Des informations \u00e0 jour arrivent plusieurs fois par an via une newsletter exclusive.[\/et_pb_toggle][\/et_pb_column][\/et_pb_row][et_pb_row _builder_version=\u00a0\u00bb4.4.7&Prime;][et_pb_column type=\u00a0\u00bb4_4&Prime; _builder_version=\u00a0\u00bb4.4.7&Prime;][et_pb_toggle title=\u00a0\u00bbCOMMENT DEVENIR MEMBRE DU CLUB?\u00a0\u00bb _builder_version=\u00a0\u00bb4.4.7&Prime;]En vous inscrivant sur<a href=\"https:\/\/www.jvg.club\"> www.jvg.club<\/a> avec votre premi\u00e8re carte de certificat[\/et_pb_toggle][\/et_pb_column][\/et_pb_row][et_pb_row _builder_version=\u00a0\u00bb4.4.7&Prime;][et_pb_column type=\u00a0\u00bb4_4&Prime; _builder_version=\u00a0\u00bb4.4.7&Prime;][et_pb_toggle title=\u00a0\u00bbJ&rsquo;AI DES LUNETTES JVG MAIS PAS DE CARTE CERTIFICAT! QUE PUIS-JE FAIRE?\u00a0\u00bb _builder_version=\u00a0\u00bb4.4.7&Prime;]Chaque porteur de lunettes JvG a droit \u00e0 une carte de certificat. Si vos lunettes ne sont pas fournies avec une carte de certificat, ce n&rsquo;est pas un probl\u00e8me. Vous pouvez demander une carte de certificat sur<a href=\"https:\/\/www.jvg.club\/home\/requestCard\"> www.jvg.club\/home\/requestCard<\/a>. Nous vous l&rsquo;enverrons avec plaisir avec votre kit de bienvenue![\/et_pb_toggle][\/et_pb_column][\/et_pb_row][et_pb_row _builder_version=\u00a0\u00bb4.4.7&Prime;][et_pb_column type=\u00a0\u00bb4_4&Prime; _builder_version=\u00a0\u00bb4.4.7&Prime;][et_pb_toggle title=\u00a0\u00bbQU&rsquo;ARRIVE-T-IL \u00c0 MES DONN\u00c9ES PERSONNELLES?\u00a0\u00bb _builder_version=\u00a0\u00bb4.4.7&Prime; hover_enabled=\u00a0\u00bb0&Prime;]Pour vous envoyer votre colis de bienvenue, nous cr\u00e9erons un compte personnel avec l&rsquo;adresse que vous fournissez. Celui-ci sera transmis \u00e0 un transporteur (ex: Poste, DPD, etc.) afin que vous puissiez recevoir votre colis. Sinon, vos donn\u00e9es ne seront pas transmises \u00e0 des tiers. Si vous vous inscrivez au club, nous supposons que vous souhaitez \u00e9galement recevoir notre newsletter. Pour cela, nous avons besoin d&rsquo;une adresse e-mail. Mais vous pouvez vous d\u00e9sinscrire \u00e0 tout moment. Vous pouvez trouver plus d&rsquo;informations sur la protection des donn\u00e9es dans l&rsquo;\u00e9l\u00e9ment de menu du m\u00eame nom.<br \/>\n[\/et_pb_toggle][\/et_pb_column][\/et_pb_row][et_pb_row _builder_version=\u00a0\u00bb4.4.7&Prime;][et_pb_column type=\u00a0\u00bb4_4&Prime; _builder_version=\u00a0\u00bb4.4.7&Prime;][et_pb_toggle title=\u00a0\u00bbL&rsquo;ADH\u00c9SION AU CLUB CO\u00dbTE-T-ELLE QUELQUE CHOSE?\u00a0\u00bb _builder_version=\u00a0\u00bb4.4.7&Prime;]Non, l&rsquo;adh\u00e9sion au club est absolument gratuite.[\/et_pb_toggle][\/et_pb_column][\/et_pb_row][et_pb_row _builder_version=\u00a0\u00bb4.4.7&Prime;][et_pb_column type=\u00a0\u00bb4_4&Prime; _builder_version=\u00a0\u00bb4.4.7&Prime;][et_pb_toggle title=\u00a0\u00bbQUAND PUIS-JE OBTENIR UNE CARTE D&rsquo;ADH\u00c9SION PERSONNELLE AU CLUB?\u00a0\u00bb _builder_version=\u00a0\u00bb4.4.7&Prime;]D\u00e8s que vous avez achet\u00e9 votre premi\u00e8re paire de lunettes JvG, vous pouvez demander \u00e0 devenir membre du club avec la carte de certificat jointe.[\/et_pb_toggle][\/et_pb_column][\/et_pb_row][\/et_pb_section]<\/p>\n","protected":false},"excerpt":{"rendered":"<p>QUI PORTE UNE JOHANN VON GOISERN, OSE ETRE DIFFERENTUn porteur Johann von Goisern est passionn\u00e9 par les lunettes, le design et la qualit\u00e9, ainsi que l&rsquo;histoire qui se d\u00e9roule derri\u00e8re chaque paire de lunettes JvG. Pour maintenir cet enthousiasme, nous avons cr\u00e9\u00e9 un club sp\u00e9cialement pour les propri\u00e9taires de JvG. L&rsquo;adh\u00e9sion est gratuite, la seule [&hellip;]<\/p>\n","protected":false},"author":2,"featured_media":0,"parent":0,"menu_order":0,"comment_status":"closed","ping_status":"closed","template":"","meta":{"_et_pb_use_builder":"on","_et_pb_old_content":"","_et_gb_content_width":"","footnotes":""},"class_list":["post-2391","page","type-page","status-publish","hentry"],"_links":{"self":[{"href":"https:\/\/johann-v-goisern.com\/fr\/wp-json\/wp\/v2\/pages\/2391","targetHints":{"allow":["GET"]}}],"collection":[{"href":"https:\/\/johann-v-goisern.com\/fr\/wp-json\/wp\/v2\/pages"}],"about":[{"href":"https:\/\/johann-v-goisern.com\/fr\/wp-json\/wp\/v2\/types\/page"}],"author":[{"embeddable":true,"href":"https:\/\/johann-v-goisern.com\/fr\/wp-json\/wp\/v2\/users\/2"}],"replies":[{"embeddable":true,"href":"https:\/\/johann-v-goisern.com\/fr\/wp-json\/wp\/v2\/comments?post=2391"}],"version-history":[{"count":0,"href":"https:\/\/johann-v-goisern.com\/fr\/wp-json\/wp\/v2\/pages\/2391\/revisions"}],"wp:attachment":[{"href":"https:\/\/johann-v-goisern.com\/fr\/wp-json\/wp\/v2\/media?parent=2391"}],"curies":[{"name":"wp","href":"https:\/\/api.w.org\/{rel}","templated":true}]}}