{"id":2441,"date":"2020-06-25T13:43:37","date_gmt":"2020-06-25T11:43:37","guid":{"rendered":"https:\/\/johann-v-goisern.com\/politique-de-confidentialite\/"},"modified":"2020-06-25T15:38:53","modified_gmt":"2020-06-25T13:38:53","slug":"politique-de-confidentialite","status":"publish","type":"page","link":"https:\/\/johann-v-goisern.com\/fr\/politique-de-confidentialite\/","title":{"rendered":"Politique de confidentialit\u00e9"},"content":{"rendered":"<p>[et_pb_section fb_built=\u00a0\u00bb1&Prime; _builder_version=\u00a0\u00bb4.4.7&Prime;][et_pb_row _builder_version=\u00a0\u00bb4.4.7&Prime;][et_pb_column type=\u00a0\u00bb4_4&Prime; _builder_version=\u00a0\u00bb4.4.7&Prime;][et_pb_text _builder_version=\u00a0\u00bb4.4.7&Prime; hover_enabled=\u00a0\u00bb0&Prime;]<\/p>\n<p style=\"text-align: justify;\">\n<h1>Politique de confidentialit\u00e9<\/h1>\n<p>Nous vous remercions de l&rsquo;int\u00e9r\u00eat que vous portez \u00e0 notre site Web. Il est tr\u00e8s important pour nous de traiter vos donn\u00e9es personnelles en toute s\u00e9curit\u00e9. Vous trouverez ici un bref aper\u00e7u des donn\u00e9es trait\u00e9es et comment vous contr\u00f4lez la fa\u00e7on dont nous utilisons vos donn\u00e9es.<\/p>\n<p>&nbsp;<\/p>\n<h2>Donn\u00e9es des entreprises partenaires, pour l&rsquo;ex\u00e9cution du contrat<\/h2>\n<p>Nous ne cr\u00e9ons des comptes clients que lorsque vous souhaitez acheter nos produits. Outre les informations de contact et d&rsquo;adresse normales, nous collectons \u00e9galement des donn\u00e9es telles que le num\u00e9ro de TVA, les donn\u00e9es bancaires, etc. &#8211; tout ce qui est n\u00e9cessaire \u00e0 l&rsquo;ex\u00e9cution du contrat ou obligatoire par la loi.<\/p>\n<p>Pour vous exp\u00e9dier les produits command\u00e9s, nous transmettons vos informations de contact et d&rsquo;adresse aux transporteurs de livraison (par exemple DPD, Post). Si n\u00e9cessaire, nous devons \u00e9galement transmettre vos donn\u00e9es \u00e0 des repr\u00e9sentants de la justice, des tribunaux, etc.<\/p>\n<p>S&rsquo;il est d\u00e9j\u00e0 d\u00e9fini avec votre gestionnaire de compte, nous enregistrons \u00e9galement le niveau VIP associ\u00e9 \u00e0 votre compte client. De cette fa\u00e7on, nous pouvons nous assurer que vous recevrez tous les avantages du service promis.<\/p>\n<h1>Newsletters pour les entreprises partenaires<\/h1>\n<p>Pour vous tenir au courant de nos produits, nous envoyons r\u00e9guli\u00e8rement des newsletters. Si vous ne souhaitez pas les recevoir, faites-le nous savoir: un court e-mail \u00e0 <a href=\"mailto:office@pomberger.com\">office@pomberger.com<\/a> ou un appel au +43 6135 7465 avec les informations br\u00e8ves, que vous ne souhaitez pas recevoir la newsletter plus, c&rsquo;est assez. Aucune explication n&rsquo;est n\u00e9cessaire.<\/p>\n<p>&nbsp;<\/p>\n<h1>Visibilit\u00e9 des entreprises partenaires dans notre Shop-Finder<\/h1>\n<p>Pour permettre aux clients potentiels de vous trouver, nous fournissons vos coordonn\u00e9es et vos coordonn\u00e9es informatiques, ainsi que de br\u00e8ves informations sur les collections que vous obtenez de nous via notre Shop-Finder. Cela se produit automatiquement, nous ne pouvons donc pas garantir que les donn\u00e9es (y compris la position sur la carte, qui est d\u00e9termin\u00e9e automatiquement sur l&rsquo;adresse) sont correctes ou \u00e0 jour. Nous nous r\u00e9servons \u00e9galement le droit de modifier manuellement les entr\u00e9es (par exemple, si une entreprise partenaire souhaite afficher une adresse e-mail diff\u00e9rente de notre syst\u00e8me).<\/p>\n<p>Si vous ne souhaitez pas faire partie de notre Shop-Finder, faites-le nous savoir. Nous nous assurons que votre entr\u00e9e est supprim\u00e9e le jour ouvrable suivant. Veuillez \u00e9galement nous informer des donn\u00e9es incorrectes ou obsol\u00e8tes &#8211; nous essaierons de corriger les entr\u00e9es concern\u00e9es d\u00e8s que possible. Vous pouvez nous contacter sous <a href=\"mailto:office@pomberger.com\">office@pomberger.com<\/a> ou +43 6135 7465.<\/p>\n<p>&nbsp;<\/p>\n<h2>Commandes de soci\u00e9t\u00e9s partenaires via notre boutique en ligne<\/h2>\n<p>Sur demande, nous vous inscrivons \u00e0 notre boutique en ligne (shop.pomberger.com). Pour les commandes pass\u00e9es via la boutique, nos conditions g\u00e9n\u00e9rales de commande en ligne s&rsquo;appliquent. La boutique en ligne est r\u00e9serv\u00e9e aux opticiens &#8211; nous ne vendrons jamais de montures \u00e0 des clients finaux via cette boutique en ligne. Si vous souhaitez fermer votre compte de boutique en ligne, faites-le nous savoir via <a href=\"mailto:office@pomberger.com\">office@pomberger.com<\/a> ou +43 6135 7465.<\/p>\n<p>&nbsp;<\/p>\n<h2>Donn\u00e9es des membres du JvG-Club, pour l&rsquo;ex\u00e9cution des services promis<\/h2>\n<p>Lorsque vous vous inscrivez au JvG-Club, nous cr\u00e9ons un compte client avec acc\u00e8s \u00e0 l&rsquo;espace JvG-Club. En plus de vos coordonn\u00e9es et de votre adresse, nous recueillons \u00e9galement des informations sur les cadres que vous avez enregistr\u00e9s, ainsi que leurs num\u00e9ros de carte de certificat. Cela d\u00e9termine g\u00e9n\u00e9ralement votre niveau VIP JvG-Club, ce qui augmente la remise que vous obtenez sur les articles et marchandises des fans du JvG-Club.<\/p>\n<p>Pour vous envoyer votre carte de membre personnalis\u00e9e et notre petit cadeau de bienvenue, nous transmettons votre adresse \u00e0 un transporteur (par exemple DPD, Post).<\/p>\n<p>&nbsp;<\/p>\n<h2>Donn\u00e9es des membres du JvG-Club, pour l&rsquo;ex\u00e9cution des contrats<\/h2>\n<p>Si vous commandez quelque chose dans la zone du JvG-Club, nos conditions g\u00e9n\u00e9rales de vente pour les commandes en ligne sur notre boutique en ligne (shop.pomberger.com) s&rsquo;appliquent.<\/p>\n<p><strong>\u00a0<\/strong><\/p>\n<h2>Bulletin d&rsquo;information pour les membres du JvG-Club<\/h2>\n<p>Le JvG-Club a \u00e9t\u00e9 cr\u00e9\u00e9 pour vous tenir au courant de tout ce qui concerne Johann von Goisern. C&rsquo;est pourquoi nous partons du principe qu&rsquo;en vous inscrivant, vous souhaitez \u00e9galement recevoir notre bulletin d&rsquo;information.<\/p>\n<p>Si ce n&rsquo;est pas le cas, il suffit de nous le faire savoir : un bref e-mail \u00e0 <a href=\"mailto:office@pomberger.com\">office@pomberger.com<\/a> avec la courte info, que vous ne voulez plus recevoir le bulletin d&rsquo;information, suffit. Aucune explication n&rsquo;est n\u00e9cessaire.<\/p>\n<p>&nbsp;<\/p>\n<h2>Utilisation des cookies et de Google Analytics pour l&rsquo;analyse du web<\/h2>\n<p>Afin de rendre la navigation sur ce site aussi confortable que possible, des \u00ab\u00a0cookies\u00a0\u00bb peuvent \u00eatre cr\u00e9\u00e9s. Les cookies sont de petits fichiers qui sont stock\u00e9s sur l&rsquo;appareil que vous utilisez pour visiter ce site web. Ces cookies peuvent \u00eatre supprim\u00e9s ou bloqu\u00e9s un par un ou en masse par le biais de votre navigateur. Il est possible que certaines fonctions de ce site web ne fonctionnent pas comme pr\u00e9vu apr\u00e8s le blocage de certains cookies.<\/p>\n<p>Ce site web utilise \u00e9galement Google Analytics &#8211; un service d&rsquo;analyse web de Google Inc. (www.google.at). Ce service utilise ces cookies, entre autres, pour collecter et stocker des donn\u00e9es sur l&rsquo;utilisation de ce site web. Ce transfert va g\u00e9n\u00e9ralement vers un serveur appartenant \u00e0 Google aux \u00c9tats-Unis. Gr\u00e2ce \u00e0 l&rsquo;activation de l&rsquo;anonymisation IP, votre adresse IP sera g\u00e9n\u00e9ralement raccourcie avant d&rsquo;\u00eatre transf\u00e9r\u00e9e \u00e0 Google. Dans certains cas seulement, ce raccourcissement se produit apr\u00e8s le transfert. Dans tous les cas, gr\u00e2ce \u00e0 notre utilisation de Google Analytics, votre adresse IP ne sera pas combin\u00e9e avec d&rsquo;autres donn\u00e9es de Google.<\/p>\n<p>Si vous ne souhaitez pas que Google Analytics collecte des donn\u00e9es sur votre adresse IP et l&rsquo;utilisation des pages web par l&rsquo;interm\u00e9diaire de votre navigateur (c&rsquo;est-\u00e0-dire sur tout site web que vous visitez), vous pouvez installer le plugin de navigateur suivant :<br \/>\n<a href=\"https:\/\/tools.google.com\/dlpage\/gaoptout?hl=en\">https:\/\/tools.google.com\/dlpage\/gaoptout?hl=fr<\/a><\/p>\n<p>&nbsp;<\/p>\n<h2>Vos droits<\/h2>\n<p>Vous avez le droit de demander des informations sur toutes vos donn\u00e9es personnelles que nous avons stock\u00e9es. En outre, vous avez le droit de demander la correction, la suppression, la restriction ou la limitation partielle de ces donn\u00e9es. Vous pouvez \u00e9galement vous opposer au traitement de vos donn\u00e9es personnelles \u00e0 des fins de publicit\u00e9 directe. Tous ces services sont fournis gratuitement. Si vous souhaitez b\u00e9n\u00e9ficier d&rsquo;un ou de plusieurs de ces services, veuillez prendre contact avec nous :\n<\/p>\n<p>POMBERGER Goisern GmbH<br \/>\nAu 131<br \/>\n4822 Bad Goisern a.H.<br \/>\n+43 6135 7465<br \/>\n<a href=\"mailto:datenschutz@pomberger.com\">datenschutz@pomberger.com<\/a>[\/et_pb_text][\/et_pb_column][\/et_pb_row][\/et_pb_section]<\/p>\n","protected":false},"excerpt":{"rendered":"<p>Politique de confidentialit\u00e9 Nous vous remercions de l&rsquo;int\u00e9r\u00eat que vous portez \u00e0 notre site Web. Il est tr\u00e8s important pour nous de traiter vos donn\u00e9es personnelles en toute s\u00e9curit\u00e9. Vous trouverez ici un bref aper\u00e7u des donn\u00e9es trait\u00e9es et comment vous contr\u00f4lez la fa\u00e7on dont nous utilisons vos donn\u00e9es. &nbsp; Donn\u00e9es des entreprises partenaires, pour [&hellip;]<\/p>\n","protected":false},"author":2,"featured_media":0,"parent":0,"menu_order":0,"comment_status":"closed","ping_status":"closed","template":"","meta":{"_et_pb_use_builder":"on","_et_pb_old_content":"","_et_gb_content_width":"","footnotes":""},"class_list":["post-2441","page","type-page","status-publish","hentry"],"_links":{"self":[{"href":"https:\/\/johann-v-goisern.com\/fr\/wp-json\/wp\/v2\/pages\/2441","targetHints":{"allow":["GET"]}}],"collection":[{"href":"https:\/\/johann-v-goisern.com\/fr\/wp-json\/wp\/v2\/pages"}],"about":[{"href":"https:\/\/johann-v-goisern.com\/fr\/wp-json\/wp\/v2\/types\/page"}],"author":[{"embeddable":true,"href":"https:\/\/johann-v-goisern.com\/fr\/wp-json\/wp\/v2\/users\/2"}],"replies":[{"embeddable":true,"href":"https:\/\/johann-v-goisern.com\/fr\/wp-json\/wp\/v2\/comments?post=2441"}],"version-history":[{"count":0,"href":"https:\/\/johann-v-goisern.com\/fr\/wp-json\/wp\/v2\/pages\/2441\/revisions"}],"wp:attachment":[{"href":"https:\/\/johann-v-goisern.com\/fr\/wp-json\/wp\/v2\/media?parent=2441"}],"curies":[{"name":"wp","href":"https:\/\/api.w.org\/{rel}","templated":true}]}}