{"id":2445,"date":"2020-06-25T13:51:08","date_gmt":"2020-06-25T11:51:08","guid":{"rendered":"https:\/\/johann-v-goisern.com\/inspiration\/"},"modified":"2020-06-25T15:20:42","modified_gmt":"2020-06-25T13:20:42","slug":"inspiration","status":"publish","type":"page","link":"https:\/\/johann-v-goisern.com\/fr\/inspiration\/","title":{"rendered":"Inspiration"},"content":{"rendered":"<p>[et_pb_section fb_built=\u00a0\u00bb1&Prime; _builder_version=\u00a0\u00bb4.4.7&Prime; custom_padding=\u00a0\u00bb0px|||||\u00a0\u00bb][et_pb_row make_equal=\u00a0\u00bbon\u00a0\u00bb _builder_version=\u00a0\u00bb4.4.7&Prime; background_enable_color=\u00a0\u00bboff\u00a0\u00bb background_image=\u00a0\u00bbhttps:\/\/johann-v-goisern.com\/\/wp-content\/uploads\/2020\/06\/2560x1440_wolke_mit_brillen_alt.jpg\u00a0\u00bb width=\u00a0\u00bb100%\u00a0\u00bb width_tablet=\u00a0\u00bb100%\u00a0\u00bb width_phone=\u00a0\u00bb\u00a0\u00bb width_last_edited=\u00a0\u00bbon|phone\u00a0\u00bb max_width=\u00a0\u00bb100%\u00a0\u00bb height=\u00a0\u00bb500px\u00a0\u00bb height_tablet=\u00a0\u00bb200px\u00a0\u00bb height_phone=\u00a0\u00bb150px\u00a0\u00bb height_last_edited=\u00a0\u00bbon|tablet\u00a0\u00bb custom_padding=\u00a0\u00bb||0px|||\u00a0\u00bb custom_css_main_element=\u00a0\u00bbalign-items:flex-end;\u00a0\u00bb locked=\u00a0\u00bboff\u00a0\u00bb][et_pb_column type=\u00a0\u00bb4_4&Prime; _builder_version=\u00a0\u00bb4.4.7&Prime;][\/et_pb_column][\/et_pb_row][et_pb_row _builder_version=\u00a0\u00bb4.4.7&Prime; custom_padding=\u00a0\u00bb0px||0px|||\u00a0\u00bb locked=\u00a0\u00bboff\u00a0\u00bb][et_pb_column type=\u00a0\u00bb4_4&Prime; _builder_version=\u00a0\u00bb4.4.7&Prime;][et_pb_text _builder_version=\u00a0\u00bb4.4.7&Prime; header_font=\u00a0\u00bbAllura|700|||||||\u00a0\u00bb header_text_align=\u00a0\u00bbcenter\u00a0\u00bb header_text_color=\u00a0\u00bb#ffffff\u00a0\u00bb header_font_size=\u00a0\u00bb5em\u00a0\u00bb background_image=\u00a0\u00bbhttps:\/\/johann-v-goisern.com\/\/wp-content\/uploads\/2020\/06\/flag_green.png\u00a0\u00bb background_size=\u00a0\u00bbcontain\u00a0\u00bb custom_margin=\u00a0\u00bb-45px||||false|false\u00a0\u00bb custom_margin_tablet=\u00a0\u00bb||||false|false\u00a0\u00bb custom_margin_phone=\u00a0\u00bb-20px||||false|false\u00a0\u00bb custom_margin_last_edited=\u00a0\u00bbon|phone\u00a0\u00bb header_font_size_tablet=\u00a0\u00bb3em\u00a0\u00bb header_font_size_phone=\u00a0\u00bb2em\u00a0\u00bb header_font_size_last_edited=\u00a0\u00bbon|phone\u00a0\u00bb header_text_shadow_style=\u00a0\u00bbpreset2&Prime;]<\/p>\n<h1>Inspiration<\/h1>\n<p>[\/et_pb_text][\/et_pb_column][\/et_pb_row][et_pb_row _builder_version=\u00a0\u00bb4.4.7&Prime;][et_pb_column type=\u00a0\u00bb4_4&Prime; _builder_version=\u00a0\u00bb4.4.7&Prime;][et_pb_text _builder_version=\u00a0\u00bb4.4.7&Prime;]<\/p>\n<p style=\"text-align: justify;\">Nos lunettes vivent de leur <strong>design extraordinaire<\/strong>. Inspir\u00e9s par la nature et le monde animal de la r\u00e9gion, les designs de Johann von Goisern ont toujours \u00e9t\u00e9 d\u00e9velopp\u00e9s par nous-m\u00eames. Chaque combinaison de formes et de couleurs est soigneusement s\u00e9lectionn\u00e9e afin que chaque couleur, chaque mod\u00e8le et donc chaque collection soit harmonieuse mais en m\u00eame temps unique.<\/p>\n<p>[\/et_pb_text][\/et_pb_column][\/et_pb_row][et_pb_row column_structure=\u00a0\u00bb1_3,1_3,1_3&Prime; _builder_version=\u00a0\u00bb4.4.7&Prime;][et_pb_column type=\u00a0\u00bb1_3&Prime; _builder_version=\u00a0\u00bb4.4.7&Prime;][et_pb_image src=\u00a0\u00bbhttps:\/\/johann-v-goisern.com\/\/wp-content\/uploads\/2020\/06\/Brillenmodelle01.png\u00a0\u00bb _builder_version=\u00a0\u00bb4.4.7&Prime;][\/et_pb_image][\/et_pb_column][et_pb_column type=\u00a0\u00bb1_3&Prime; _builder_version=\u00a0\u00bb4.4.7&Prime;][et_pb_image src=\u00a0\u00bbhttps:\/\/johann-v-goisern.com\/\/wp-content\/uploads\/2020\/06\/Brillenmodelle02.png\u00a0\u00bb _builder_version=\u00a0\u00bb4.4.7&Prime;][\/et_pb_image][\/et_pb_column][et_pb_column type=\u00a0\u00bb1_3&Prime; _builder_version=\u00a0\u00bb4.4.7&Prime;][et_pb_image src=\u00a0\u00bbhttps:\/\/johann-v-goisern.com\/\/wp-content\/uploads\/2020\/06\/Brillenmodelle03.png\u00a0\u00bb _builder_version=\u00a0\u00bb4.4.7&Prime;][\/et_pb_image][\/et_pb_column][\/et_pb_row][et_pb_row _builder_version=\u00a0\u00bb4.4.7&Prime;][et_pb_column type=\u00a0\u00bb4_4&Prime; _builder_version=\u00a0\u00bb4.4.7&Prime;][et_pb_text _builder_version=\u00a0\u00bb4.4.7&Prime;]<\/p>\n<p style=\"text-align: justify;\">Chaque forme a son propre caract\u00e8re: du classique au moderne, du calme au frappant, du s\u00e9rieux au ludique. Les bonnes lunettes compl\u00e8tent votre propre forme de t\u00eate et soulignent ses caract\u00e9ristiques. <strong>Pour de nombreux designers, choisir la bonne forme est la derni\u00e8re \u00e9tape &#8211; pour nous, c&rsquo;est la premi\u00e8re!<\/strong><\/p>\n<p>[\/et_pb_text][et_pb_text _builder_version=\u00a0\u00bb4.4.7&Prime;]<\/p>\n<p style=\"text-align: justify;\">Une fois que nous avons trouv\u00e9 une forme appropri\u00e9e, la conception des combinaisons de couleurs correspondantes commence. Ceux-ci sont adapt\u00e9s aux caract\u00e9ristiques de la forme et jouent avec ses caract\u00e9ristiques. Ainsi, avec chaque combinaison de couleurs, une monture compl\u00e8tement unique est cr\u00e9\u00e9e.<\/p>\n<p>[\/et_pb_text][\/et_pb_column][\/et_pb_row][\/et_pb_section][et_pb_section fb_built=\u00a0\u00bb1&Prime; fullwidth=\u00a0\u00bbon\u00a0\u00bb _builder_version=\u00a0\u00bb4.4.7&Prime; background_color=\u00a0\u00bb#141414&Prime;][et_pb_fullwidth_slider show_arrows=\u00a0\u00bboff\u00a0\u00bb show_pagination=\u00a0\u00bboff\u00a0\u00bb arrows_custom_color=\u00a0\u00bb#ffffff\u00a0\u00bb _builder_version=\u00a0\u00bb4.4.7&Prime; background_color=\u00a0\u00bb#141414&Prime; background_image=\u00a0\u00bbhttps:\/\/johann-v-goisern.com\/\/wp-content\/uploads\/2020\/06\/Schablone_Schwarz.png\u00a0\u00bb background_size=\u00a0\u00bbcontain\u00a0\u00bb height=\u00a0\u00bb800px\u00a0\u00bb height_tablet=\u00a0\u00bb400px\u00a0\u00bb height_phone=\u00a0\u00bb400px\u00a0\u00bb height_last_edited=\u00a0\u00bbon|desktop\u00a0\u00bb custom_margin=\u00a0\u00bb||||false|false\u00a0\u00bb custom_padding=\u00a0\u00bb||||false|false\u00a0\u00bb auto=\u00a0\u00bbon\u00a0\u00bb auto_speed=\u00a0\u00bb2500&Prime; auto_ignore_hover=\u00a0\u00bbon\u00a0\u00bb][et_pb_slide arrows_custom_color=\u00a0\u00bb#ffffff\u00a0\u00bb _builder_version=\u00a0\u00bb4.4.7&Prime; background_image=\u00a0\u00bbhttps:\/\/johann-v-goisern.com\/\/wp-content\/uploads\/2020\/06\/Brille_2_05.jpg\u00a0\u00bb background_enable_image=\u00a0\u00bbon\u00a0\u00bb background_size=\u00a0\u00bbcontain\u00a0\u00bb][\/et_pb_slide][et_pb_slide arrows_custom_color=\u00a0\u00bb#ffffff\u00a0\u00bb _builder_version=\u00a0\u00bb4.4.7&Prime; background_image=\u00a0\u00bbhttps:\/\/johann-v-goisern.com\/\/wp-content\/uploads\/2020\/06\/Brille_2_04.jpg\u00a0\u00bb background_enable_image=\u00a0\u00bbon\u00a0\u00bb background_size=\u00a0\u00bbcontain\u00a0\u00bb][\/et_pb_slide][et_pb_slide arrows_custom_color=\u00a0\u00bb#ffffff\u00a0\u00bb _builder_version=\u00a0\u00bb4.4.7&Prime; background_image=\u00a0\u00bbhttps:\/\/johann-v-goisern.com\/\/wp-content\/uploads\/2020\/06\/Brille_2_03.jpg\u00a0\u00bb background_enable_image=\u00a0\u00bbon\u00a0\u00bb background_size=\u00a0\u00bbcontain\u00a0\u00bb][\/et_pb_slide][et_pb_slide arrows_custom_color=\u00a0\u00bb#ffffff\u00a0\u00bb _builder_version=\u00a0\u00bb4.4.7&Prime; background_image=\u00a0\u00bbhttps:\/\/johann-v-goisern.com\/\/wp-content\/uploads\/2020\/06\/Brille_2_02.jpg\u00a0\u00bb background_enable_image=\u00a0\u00bbon\u00a0\u00bb background_size=\u00a0\u00bbcontain\u00a0\u00bb][\/et_pb_slide][et_pb_slide arrows_custom_color=\u00a0\u00bb#ffffff\u00a0\u00bb _builder_version=\u00a0\u00bb4.4.7&Prime; background_image=\u00a0\u00bbhttps:\/\/johann-v-goisern.com\/\/wp-content\/uploads\/2020\/06\/Brille_2_01.jpg\u00a0\u00bb background_enable_image=\u00a0\u00bbon\u00a0\u00bb background_size=\u00a0\u00bbcontain\u00a0\u00bb][\/et_pb_slide][\/et_pb_fullwidth_slider][\/et_pb_section][et_pb_section fb_built=\u00a0\u00bb1&Prime; _builder_version=\u00a0\u00bb4.4.7&Prime;][et_pb_row _builder_version=\u00a0\u00bb4.4.7&Prime;][et_pb_column type=\u00a0\u00bb4_4&Prime; _builder_version=\u00a0\u00bb4.4.7&Prime;][et_pb_text _builder_version=\u00a0\u00bb4.4.7&Prime;]<\/p>\n<p style=\"text-align: justify;\">Les bonnes lunettes caressent les yeux comme la bonne monture caresse une belle \u0153uvre d&rsquo;art. Puisque les yeux jouent un r\u00f4le central dans la communication interpersonnelle, leur \u00ab\u00a0cadre\u00a0\u00bb litt\u00e9ral a un grand impact sur l&rsquo;apparence personnelle.<\/p>\n<p><strong>Avec les nombreuses couleurs et formes diff\u00e9rentes, il y a certainement une Johann von Goisern appropri\u00e9e pour chaque porteur de lunettes!<\/strong>[\/et_pb_text][\/et_pb_column][\/et_pb_row][\/et_pb_section][et_pb_section fb_built=\u00a0\u00bb1&Prime; fullwidth=\u00a0\u00bbon\u00a0\u00bb _builder_version=\u00a0\u00bb4.4.7&Prime; background_color=\u00a0\u00bb#141414&Prime;][et_pb_fullwidth_slider show_arrows=\u00a0\u00bboff\u00a0\u00bb show_pagination=\u00a0\u00bboff\u00a0\u00bb arrows_custom_color=\u00a0\u00bb#ffffff\u00a0\u00bb _builder_version=\u00a0\u00bb4.4.7&Prime; background_color=\u00a0\u00bb#141414&Prime; background_image=\u00a0\u00bbhttps:\/\/johann-v-goisern.com\/\/wp-content\/uploads\/2020\/06\/Schablone_Schwarz.png\u00a0\u00bb background_size=\u00a0\u00bbcontain\u00a0\u00bb height=\u00a0\u00bb800px\u00a0\u00bb height_tablet=\u00a0\u00bb400px\u00a0\u00bb height_phone=\u00a0\u00bb400px\u00a0\u00bb height_last_edited=\u00a0\u00bbon|desktop\u00a0\u00bb custom_margin=\u00a0\u00bb||||false|false\u00a0\u00bb custom_padding=\u00a0\u00bb||||false|false\u00a0\u00bb auto=\u00a0\u00bbon\u00a0\u00bb auto_speed=\u00a0\u00bb2500&Prime; auto_ignore_hover=\u00a0\u00bbon\u00a0\u00bb][et_pb_slide arrows_custom_color=\u00a0\u00bb#ffffff\u00a0\u00bb _builder_version=\u00a0\u00bb4.4.7&Prime; background_image=\u00a0\u00bbhttps:\/\/johann-v-goisern.com\/\/wp-content\/uploads\/2020\/06\/Brille_01-1.jpg\u00a0\u00bb background_enable_image=\u00a0\u00bbon\u00a0\u00bb background_size=\u00a0\u00bbcontain\u00a0\u00bb][\/et_pb_slide][et_pb_slide arrows_custom_color=\u00a0\u00bb#ffffff\u00a0\u00bb _builder_version=\u00a0\u00bb4.4.7&Prime; background_image=\u00a0\u00bbhttps:\/\/johann-v-goisern.com\/\/wp-content\/uploads\/2020\/06\/Brille_02.jpg\u00a0\u00bb background_enable_image=\u00a0\u00bbon\u00a0\u00bb background_size=\u00a0\u00bbcontain\u00a0\u00bb][\/et_pb_slide][et_pb_slide arrows_custom_color=\u00a0\u00bb#ffffff\u00a0\u00bb _builder_version=\u00a0\u00bb4.4.7&Prime; background_image=\u00a0\u00bbhttps:\/\/johann-v-goisern.com\/\/wp-content\/uploads\/2020\/06\/Brille_03.jpg\u00a0\u00bb background_enable_image=\u00a0\u00bbon\u00a0\u00bb background_size=\u00a0\u00bbcontain\u00a0\u00bb][\/et_pb_slide][et_pb_slide arrows_custom_color=\u00a0\u00bb#ffffff\u00a0\u00bb _builder_version=\u00a0\u00bb4.4.7&Prime; background_image=\u00a0\u00bbhttps:\/\/johann-v-goisern.com\/\/wp-content\/uploads\/2020\/06\/Brille_04.jpg\u00a0\u00bb background_enable_image=\u00a0\u00bbon\u00a0\u00bb background_size=\u00a0\u00bbcontain\u00a0\u00bb][\/et_pb_slide][et_pb_slide arrows_custom_color=\u00a0\u00bb#ffffff\u00a0\u00bb _builder_version=\u00a0\u00bb4.4.7&Prime; background_image=\u00a0\u00bbhttps:\/\/johann-v-goisern.com\/\/wp-content\/uploads\/2020\/06\/Brille_05.jpg\u00a0\u00bb background_enable_image=\u00a0\u00bbon\u00a0\u00bb background_size=\u00a0\u00bbcontain\u00a0\u00bb][\/et_pb_slide][\/et_pb_fullwidth_slider][\/et_pb_section][et_pb_section fb_built=\u00a0\u00bb1&Prime; _builder_version=\u00a0\u00bb4.4.7&Prime;][et_pb_row _builder_version=\u00a0\u00bb4.4.7&Prime;][et_pb_column type=\u00a0\u00bb4_4&Prime; _builder_version=\u00a0\u00bb4.4.7&Prime;][et_pb_text _builder_version=\u00a0\u00bb4.4.7&Prime;]<\/p>\n<p style=\"text-align: justify;\">Pour nos montures, nous utilisons uniquement de<strong> l&rsquo;ac\u00e9tate de coton<\/strong> (ou de l&rsquo;ac\u00e9tate de cellulose, compos\u00e9 \u00e0 97% de coton). Avant le traitement, nous affinons la mati\u00e8re premi\u00e8re pour cr\u00e9er nos combinaisons de couleurs sp\u00e9ciales. Dans ce but, nous avons d\u00e9velopp\u00e9 notre propre technologie, qui nous permet de combiner jusqu&rsquo;\u00e0 20 couches diff\u00e9rentes en une seule combinaison.<\/p>\n<p>[\/et_pb_text][et_pb_text _builder_version=\u00a0\u00bb4.4.7&Prime; background_color=\u00a0\u00bbrgba(10,10,10,0.6)\u00a0\u00bb background_layout=\u00a0\u00bbdark\u00a0\u00bb custom_margin=\u00a0\u00bb60px||||false|false\u00a0\u00bb custom_padding=\u00a0\u00bb10px|20px|10px|20px|false|false\u00a0\u00bb hover_enabled=\u00a0\u00bb0&Prime; locked=\u00a0\u00bboff\u00a0\u00bb]<strong>Comment sont cr\u00e9\u00e9es les combinaisons de couleurs Johann von Goisern?<\/strong> D\u00e9couvrez la technologie sp\u00e9ciale qui rend nos conceptions possibles!<br \/>\n[\/et_pb_text][\/et_pb_column][\/et_pb_row][\/et_pb_section][et_pb_section fb_built=\u00a0\u00bb1&Prime; _builder_version=\u00a0\u00bb4.4.7&Prime; title_text=\u00a0\u00bbProd_03-Laminierung\u00a0\u00bb background_image=\u00a0\u00bbhttps:\/\/johann-v-goisern.com\/\/wp-content\/uploads\/2020\/06\/Prod_03-Laminierung-1.jpg\u00a0\u00bb parallax=\u00a0\u00bbon\u00a0\u00bb hover_enabled=\u00a0\u00bb0&Prime; min_height=\u00a0\u00bb800px\u00a0\u00bb][et_pb_row _builder_version=\u00a0\u00bb4.4.7&Prime;][et_pb_column _builder_version=\u00a0\u00bb4.4.7&Prime; type=\u00a0\u00bb4_4&Prime;][et_pb_image src=\u00a0\u00bbhttps:\/\/johann-v-goisern.com\/\/wp-content\/uploads\/2020\/06\/Technologie_Alt.png\u00a0\u00bb _builder_version=\u00a0\u00bb4.4.7&Prime; title_text=\u00a0\u00bbLa techonologie\u00a0\u00bb align=\u00a0\u00bbcenter\u00a0\u00bb hover_enabled=\u00a0\u00bb0&Prime; transform_styles__hover_enabled=\u00a0\u00bbon|hover\u00a0\u00bb transform_scale__hover_enabled=\u00a0\u00bbon|hover\u00a0\u00bb transform_translate__hover_enabled=\u00a0\u00bbon|desktop\u00a0\u00bb transform_rotate__hover_enabled=\u00a0\u00bbon|desktop\u00a0\u00bb transform_skew__hover_enabled=\u00a0\u00bbon|desktop\u00a0\u00bb transform_origin__hover_enabled=\u00a0\u00bbon|desktop\u00a0\u00bb transform_scale__hover=\u00a0\u00bb110%|110%\u00a0\u00bb custom_css_main_element=\u00a0\u00bbcursor:pointer;\u00a0\u00bb height=\u00a0\u00bb200px\u00a0\u00bb height_last_edited=\u00a0\u00bbon|phone\u00a0\u00bb height_tablet=\u00a0\u00bb150px\u00a0\u00bb height_phone=\u00a0\u00bb150px\u00a0\u00bb url=\u00a0\u00bb@ET-DC@eyJkeW5hbWljIjp0cnVlLCJjb250ZW50IjoicG9zdF9saW5rX3VybF9wYWdlIiwic2V0dGluZ3MiOnsicG9zdF9pZCI6IjEwOCJ9fQ==@\u00a0\u00bb _dynamic_attributes=\u00a0\u00bburl\u00a0\u00bb][\/et_pb_image][et_pb_button button_text=\u00a0\u00bbD\u00e9couvrez la technologie\u00a0\u00bb _builder_version=\u00a0\u00bb4.4.7&Prime; button_alignment=\u00a0\u00bbcenter\u00a0\u00bb custom_button=\u00a0\u00bbon\u00a0\u00bb button_use_icon=\u00a0\u00bboff\u00a0\u00bb button_bg_color=\u00a0\u00bb#cd25f7&Prime; button_bg_enable_color=\u00a0\u00bbon\u00a0\u00bb hover_enabled=\u00a0\u00bb0&Prime; button_url=\u00a0\u00bb@ET-DC@eyJkeW5hbWljIjp0cnVlLCJjb250ZW50IjoicG9zdF9saW5rX3VybF9wYWdlIiwic2V0dGluZ3MiOnsicG9zdF9pZCI6IjEwOCJ9fQ==@\u00a0\u00bb _dynamic_attributes=\u00a0\u00bbbutton_url\u00a0\u00bb][\/et_pb_button][\/et_pb_column][\/et_pb_row][\/et_pb_section]<\/p>\n","protected":false},"excerpt":{"rendered":"<p>InspirationNos lunettes vivent de leur design extraordinaire. Inspir\u00e9s par la nature et le monde animal de la r\u00e9gion, les designs de Johann von Goisern ont toujours \u00e9t\u00e9 d\u00e9velopp\u00e9s par nous-m\u00eames. Chaque combinaison de formes et de couleurs est soigneusement s\u00e9lectionn\u00e9e afin que chaque couleur, chaque mod\u00e8le et donc chaque collection soit harmonieuse mais en m\u00eame [&hellip;]<\/p>\n","protected":false},"author":2,"featured_media":0,"parent":0,"menu_order":0,"comment_status":"closed","ping_status":"closed","template":"","meta":{"_et_pb_use_builder":"on","_et_pb_old_content":"","_et_gb_content_width":"","footnotes":""},"class_list":["post-2445","page","type-page","status-publish","hentry"],"_links":{"self":[{"href":"https:\/\/johann-v-goisern.com\/fr\/wp-json\/wp\/v2\/pages\/2445","targetHints":{"allow":["GET"]}}],"collection":[{"href":"https:\/\/johann-v-goisern.com\/fr\/wp-json\/wp\/v2\/pages"}],"about":[{"href":"https:\/\/johann-v-goisern.com\/fr\/wp-json\/wp\/v2\/types\/page"}],"author":[{"embeddable":true,"href":"https:\/\/johann-v-goisern.com\/fr\/wp-json\/wp\/v2\/users\/2"}],"replies":[{"embeddable":true,"href":"https:\/\/johann-v-goisern.com\/fr\/wp-json\/wp\/v2\/comments?post=2445"}],"version-history":[{"count":0,"href":"https:\/\/johann-v-goisern.com\/fr\/wp-json\/wp\/v2\/pages\/2445\/revisions"}],"wp:attachment":[{"href":"https:\/\/johann-v-goisern.com\/fr\/wp-json\/wp\/v2\/media?parent=2445"}],"curies":[{"name":"wp","href":"https:\/\/api.w.org\/{rel}","templated":true}]}}