{"id":2453,"date":"2020-06-25T14:54:59","date_gmt":"2020-06-25T12:54:59","guid":{"rendered":"https:\/\/johann-v-goisern.com\/telechargements\/"},"modified":"2020-06-25T14:55:00","modified_gmt":"2020-06-25T12:55:00","slug":"telechargements","status":"publish","type":"page","link":"https:\/\/johann-v-goisern.com\/fr\/telechargements\/","title":{"rendered":"T\u00e9l\u00e9chargements"},"content":{"rendered":"<p>[et_pb_section fb_built=\u00a0\u00bb1&Prime; _builder_version=\u00a0\u00bb4.4.7&Prime;][et_pb_row _builder_version=\u00a0\u00bb4.4.7&Prime; custom_margin=\u00a0\u00bb||||false|false\u00a0\u00bb custom_padding=\u00a0\u00bb||||false|false\u00a0\u00bb][et_pb_column type=\u00a0\u00bb4_4&Prime; _builder_version=\u00a0\u00bb4.4.7&Prime;][et_pb_text _builder_version=\u00a0\u00bb4.4.7&Prime;]<\/p>\n<h1><span style=\"color: #999999;\">T\u00c9L\u00c9CHARGEMENTS<\/span><\/h1>\n<p>[\/et_pb_text][et_pb_tabs disabled_on=\u00a0\u00bbon|on|on\u00a0\u00bb _builder_version=\u00a0\u00bb4.4.7&Prime; min_height=\u00a0\u00bb347px\u00a0\u00bb disabled=\u00a0\u00bbon\u00a0\u00bb][et_pb_tab title=\u00a0\u00bbWallpaper\u00a0\u00bb _builder_version=\u00a0\u00bb4.4.7&Prime;]<\/p>\n<table style=\"border-color: #ffffff; width: auto; height: auto; margin-left: auto; margin-right: auto;\" cellpadding=\"1px\" border=\"0px\" cellspacing=\"1px\">\n<tbody>\n<tr style=\"height: 129.667px;padding:0\">\n<td style=\"width: 255px; height: 129.667px;\"><a href=\"https:\/\/images.pomberger.com\/jvgcom\/downloads\/Wallpaper01.jpg\" target=\"_blank\" rel=\"noopener noreferrer\"><img decoding=\"async\" width=\"2158\" height=\"1440\" src=\"https:\/\/images.pomberger.com\/jvgcom\/downloads\/Wallpaper01.jpg\" alt=\"\" class=\"size-medium aligncenter\" \/><\/a><\/td>\n<td style=\"width: 248px; height: 129.667px;\"><a href=\"https:\/\/images.pomberger.com\/jvgcom\/downloads\/Wallpaper02.jpg\" target=\"_blank\" rel=\"noopener noreferrer\"><img decoding=\"async\" width=\"2158\" height=\"1440\" src=\"https:\/\/images.pomberger.com\/jvgcom\/downloads\/Wallpaper02.jpg\" alt=\"\" class=\"size-medium aligncenter\" \/><\/a><\/td>\n<td style=\"width: 250px; height: 129.667px;\"><a href=\"https:\/\/images.pomberger.com\/jvgcom\/downloads\/Wallpaper03.jpg\" target=\"_blank\" rel=\"noopener noreferrer\"><img decoding=\"async\" width=\"2160\" height=\"1440\" src=\"https:\/\/images.pomberger.com\/jvgcom\/downloads\/Wallpaper03.jpg\" alt=\"\" class=\"size-medium aligncenter\" \/><\/a><\/td>\n<td style=\"width: 248px; height: 129.667px;\"><a href=\"https:\/\/images.pomberger.com\/jvgcom\/downloads\/Wallpaper04.jpg\" target=\"_blank\" rel=\"noopener noreferrer\"><img decoding=\"async\" width=\"2158\" height=\"1440\" src=\"https:\/\/images.pomberger.com\/jvgcom\/downloads\/Wallpaper04.jpg\" alt=\"\" class=\"size-medium aligncenter\" \/><\/a><\/td>\n<\/tr>\n<tr style=\"height: 129.667px;\">\n<td style=\"width: 255px; height: 129.667px;\"><a href=\"https:\/\/images.pomberger.com\/jvgcom\/downloads\/Wallpaper05.jpg\" target=\"_blank\" rel=\"noopener noreferrer\"><img decoding=\"async\" width=\"2158\" height=\"1440\" src=\"https:\/\/images.pomberger.com\/jvgcom\/downloads\/Wallpaper05.jpg\" alt=\"\" class=\"size-medium aligncenter\" \/><\/a><\/td>\n<td style=\"width: 248px; height: 129.667px;\"><a href=\"https:\/\/images.pomberger.com\/jvgcom\/downloads\/Wallpaper06.jpg\" target=\"_blank\" rel=\"noopener noreferrer\"><img decoding=\"async\" width=\"2158\" height=\"1440\" src=\"https:\/\/images.pomberger.com\/jvgcom\/downloads\/Wallpaper06.jpg\" alt=\"\" class=\"size-medium aligncenter\" \/><\/a><\/td>\n<td style=\"width: 250px; height: 129.667px;\"><a href=\"https:\/\/images.pomberger.com\/jvgcom\/downloads\/Wallpaper07.jpg\" target=\"_blank\" rel=\"noopener noreferrer\"><img decoding=\"async\" width=\"1895\" height=\"1265\" src=\"https:\/\/images.pomberger.com\/jvgcom\/downloads\/Wallpaper07.jpg\" alt=\"\" class=\"size-medium aligncenter\" \/><\/a><\/td>\n<td style=\"width: 248px; height: 129.667px;\"><a href=\"https:\/\/images.pomberger.com\/jvgcom\/downloads\/Wallpaper08.jpg\" target=\"_blank\" rel=\"noopener noreferrer\"><img decoding=\"async\" width=\"2158\" height=\"1440\" src=\"https:\/\/images.pomberger.com\/jvgcom\/downloads\/Wallpaper08.jpg\" alt=\"\" class=\"size-medium aligncenter\" \/><\/a><\/td>\n<\/tr>\n<\/tbody>\n<\/table>\n<p>&nbsp;[\/et_pb_tab][\/et_pb_tabs][\/et_pb_column][\/et_pb_row][et_pb_row column_structure=\u00a0\u00bb1_4,1_4,1_4,1_4&Prime; _builder_version=\u00a0\u00bb4.4.7&Prime;][et_pb_column type=\u00a0\u00bb1_4&Prime; _builder_version=\u00a0\u00bb4.4.7&Prime;][et_pb_image src=\u00a0\u00bbhttp:\/\/images.pomberger.com\/jvgcom\/downloads\/Wallpaper01.jpg\u00a0\u00bb url=\u00a0\u00bbhttp:\/\/images.pomberger.com\/jvgcom\/downloads\/Wallpaper01.jpg\u00a0\u00bb url_new_window=\u00a0\u00bbon\u00a0\u00bb _builder_version=\u00a0\u00bb4.4.7&Prime; hover_enabled=\u00a0\u00bb0&Prime; filter_opacity__hover_enabled=\u00a0\u00bbon|hover\u00a0\u00bb filter_opacity__hover=\u00a0\u00bb50%\u00a0\u00bb][\/et_pb_image][\/et_pb_column][et_pb_column type=\u00a0\u00bb1_4&Prime; _builder_version=\u00a0\u00bb4.4.7&Prime;][et_pb_image src=\u00a0\u00bbhttp:\/\/images.pomberger.com\/jvgcom\/downloads\/Wallpaper02.jpg\u00a0\u00bb url=\u00a0\u00bbhttp:\/\/images.pomberger.com\/jvgcom\/downloads\/Wallpaper02.jpg\u00a0\u00bb url_new_window=\u00a0\u00bbon\u00a0\u00bb _builder_version=\u00a0\u00bb4.4.7&Prime; hover_enabled=\u00a0\u00bb0&Prime; filter_opacity__hover_enabled=\u00a0\u00bbon|hover\u00a0\u00bb filter_opacity__hover=\u00a0\u00bb50%\u00a0\u00bb][\/et_pb_image][\/et_pb_column][et_pb_column type=\u00a0\u00bb1_4&Prime; _builder_version=\u00a0\u00bb4.4.7&Prime;][et_pb_image src=\u00a0\u00bbhttp:\/\/images.pomberger.com\/jvgcom\/downloads\/Wallpaper03.jpg\u00a0\u00bb url=\u00a0\u00bbhttp:\/\/images.pomberger.com\/jvgcom\/downloads\/Wallpaper03.jpg\u00a0\u00bb url_new_window=\u00a0\u00bbon\u00a0\u00bb _builder_version=\u00a0\u00bb4.4.7&Prime; hover_enabled=\u00a0\u00bb0&Prime; filter_opacity__hover_enabled=\u00a0\u00bbon|hover\u00a0\u00bb filter_opacity__hover=\u00a0\u00bb50%\u00a0\u00bb][\/et_pb_image][\/et_pb_column][et_pb_column type=\u00a0\u00bb1_4&Prime; _builder_version=\u00a0\u00bb4.4.7&Prime;][et_pb_image src=\u00a0\u00bbhttp:\/\/images.pomberger.com\/jvgcom\/downloads\/Wallpaper04.jpg\u00a0\u00bb url=\u00a0\u00bbhttp:\/\/images.pomberger.com\/jvgcom\/downloads\/Wallpaper04.jpg\u00a0\u00bb url_new_window=\u00a0\u00bbon\u00a0\u00bb _builder_version=\u00a0\u00bb4.4.7&Prime; hover_enabled=\u00a0\u00bb0&Prime; filter_opacity__hover_enabled=\u00a0\u00bbon|hover\u00a0\u00bb filter_opacity__hover=\u00a0\u00bb50%\u00a0\u00bb][\/et_pb_image][\/et_pb_column][\/et_pb_row][et_pb_row column_structure=\u00a0\u00bb1_4,1_4,1_4,1_4&Prime; _builder_version=\u00a0\u00bb4.4.7&Prime;][et_pb_column type=\u00a0\u00bb1_4&Prime; _builder_version=\u00a0\u00bb4.4.7&Prime;][et_pb_image src=\u00a0\u00bbhttp:\/\/images.pomberger.com\/jvgcom\/downloads\/Wallpaper05.jpg\u00a0\u00bb url=\u00a0\u00bbhttp:\/\/images.pomberger.com\/jvgcom\/downloads\/Wallpaper05.jpg\u00a0\u00bb url_new_window=\u00a0\u00bbon\u00a0\u00bb _builder_version=\u00a0\u00bb4.4.7&Prime; hover_enabled=\u00a0\u00bb0&Prime; filter_opacity__hover_enabled=\u00a0\u00bbon|hover\u00a0\u00bb filter_opacity__hover=\u00a0\u00bb50%\u00a0\u00bb][\/et_pb_image][\/et_pb_column][et_pb_column type=\u00a0\u00bb1_4&Prime; _builder_version=\u00a0\u00bb4.4.7&Prime;][et_pb_image src=\u00a0\u00bbhttp:\/\/images.pomberger.com\/jvgcom\/downloads\/Wallpaper06.jpg\u00a0\u00bb url=\u00a0\u00bbhttp:\/\/images.pomberger.com\/jvgcom\/downloads\/Wallpaper06.jpg\u00a0\u00bb url_new_window=\u00a0\u00bbon\u00a0\u00bb _builder_version=\u00a0\u00bb4.4.7&Prime; hover_enabled=\u00a0\u00bb0&Prime; filter_opacity__hover_enabled=\u00a0\u00bbon|hover\u00a0\u00bb filter_opacity__hover=\u00a0\u00bb50%\u00a0\u00bb][\/et_pb_image][\/et_pb_column][et_pb_column type=\u00a0\u00bb1_4&Prime; _builder_version=\u00a0\u00bb4.4.7&Prime;][et_pb_image src=\u00a0\u00bbhttp:\/\/images.pomberger.com\/jvgcom\/downloads\/Wallpaper07.jpg\u00a0\u00bb url=\u00a0\u00bbhttp:\/\/images.pomberger.com\/jvgcom\/downloads\/Wallpaper07.jpg\u00a0\u00bb url_new_window=\u00a0\u00bbon\u00a0\u00bb _builder_version=\u00a0\u00bb4.4.7&Prime; hover_enabled=\u00a0\u00bb0&Prime; filter_opacity__hover_enabled=\u00a0\u00bbon|hover\u00a0\u00bb filter_opacity__hover=\u00a0\u00bb50%\u00a0\u00bb][\/et_pb_image][\/et_pb_column][et_pb_column type=\u00a0\u00bb1_4&Prime; _builder_version=\u00a0\u00bb4.4.7&Prime;][et_pb_image src=\u00a0\u00bbhttp:\/\/images.pomberger.com\/jvgcom\/downloads\/Wallpaper08.jpg\u00a0\u00bb url=\u00a0\u00bbhttp:\/\/images.pomberger.com\/jvgcom\/downloads\/Wallpaper08.jpg\u00a0\u00bb url_new_window=\u00a0\u00bbon\u00a0\u00bb _builder_version=\u00a0\u00bb4.4.7&Prime; hover_enabled=\u00a0\u00bb0&Prime; filter_opacity__hover_enabled=\u00a0\u00bbon|hover\u00a0\u00bb filter_opacity__hover=\u00a0\u00bb50%\u00a0\u00bb][\/et_pb_image][\/et_pb_column][\/et_pb_row][et_pb_row disabled_on=\u00a0\u00bbon|on|on\u00a0\u00bb _builder_version=\u00a0\u00bb4.4.7&Prime; min_height=\u00a0\u00bb188px\u00a0\u00bb custom_padding=\u00a0\u00bb40px|||||\u00a0\u00bb disabled=\u00a0\u00bbon\u00a0\u00bb][et_pb_column type=\u00a0\u00bb4_4&Prime; _builder_version=\u00a0\u00bb4.4.7&Prime;][et_pb_text _builder_version=\u00a0\u00bb4.4.7&Prime; custom_margin=\u00a0\u00bb||5px|||\u00a0\u00bb]Photos en haute r\u00e9solution[\/et_pb_text][et_pb_tabs _builder_version=\u00a0\u00bb4.4.7&Prime;][et_pb_tab title=\u00a0\u00bbJvG Adult\u00a0\u00bb _builder_version=\u00a0\u00bb4.4.7&Prime;][\/et_pb_tab][et_pb_tab title=\u00a0\u00bbJvG Art\u00a0\u00bb _builder_version=\u00a0\u00bb4.4.7&Prime; custom_css_main_element=\u00a0\u00bbborder: 0 hidden white !important;\u00a0\u00bb]<\/p>\n<table width=\"100%\" height=\"61\" border=\"0\" style=\"height: 61px; border-color: #ffffff; background-color: #ffffff;\">\n<tbody>\n<tr>\n<td style=\"width: 201.333px;\"><a href=\"https:\/\/images.pomberger.com\/jvgcom\/downloads\/Art01.jpg\" target=\"_blank\" rel=\"noopener noreferrer\"><img decoding=\"async\" src=\"https:\/\/johann-v-goisern.com\/\/wp-content\/uploads\/2020\/06\/Art01_thumb.jpg\" width=\"200\" height=\"133\" alt=\"\" class=\"wp-image-1289 alignnone size-full\" \/><\/a><\/td>\n<td style=\"width: 202px;\"><a href=\"https:\/\/images.pomberger.com\/jvgcom\/downloads\/Art02.jpg\" target=\"_blank\" rel=\"noopener noreferrer\"><img decoding=\"async\" src=\"https:\/\/johann-v-goisern.com\/\/wp-content\/uploads\/2020\/06\/Art02_thumb.jpg\" width=\"200\" height=\"133\" alt=\"\" class=\"wp-image-1295 alignnone size-full\" \/><\/a><\/td>\n<td style=\"width: 202px;\"><a href=\"https:\/\/images.pomberger.com\/jvgcom\/downloads\/Art03.jpg\" target=\"_blank\" rel=\"noopener noreferrer\"><img decoding=\"async\" src=\"https:\/\/johann-v-goisern.com\/\/wp-content\/uploads\/2020\/06\/Art03_thumb.jpg\" width=\"200\" height=\"133\" alt=\"\" class=\"wp-image-1296 alignnone size-full\" \/><\/a><\/td>\n<td style=\"width: 202px;\"><a href=\"https:\/\/images.pomberger.com\/jvgcom\/downloads\/Art04.jpg\" target=\"_blank\" rel=\"noopener noreferrer\"><img decoding=\"async\" src=\"https:\/\/johann-v-goisern.com\/\/wp-content\/uploads\/2020\/06\/Art04_thumb.jpg\" width=\"200\" height=\"133\" alt=\"\" class=\"wp-image-1304 alignnone size-full\" \/><\/a><\/td>\n<\/tr>\n<tr>\n<td style=\"width: 201.333px;\">J711_T48<\/td>\n<td style=\"width: 202px;\">J711_T48 + J713_T46<\/td>\n<td style=\"width: 202px;\">J712_T39<\/td>\n<td style=\"width: 202px;\">J713_T45<\/td>\n<\/tr>\n<\/tbody>\n<\/table>\n<p>&nbsp;<\/p>\n<p>&nbsp;<\/p>\n<p>&nbsp;<\/p>\n<p>&nbsp;<\/p>\n<p>&nbsp;<\/p>\n<p>&nbsp;<\/p>\n<p>&nbsp;<\/p>\n<p>[\/et_pb_tab][et_pb_tab title=\u00a0\u00bbJvG Sun\u00a0\u00bb _builder_version=\u00a0\u00bb4.4.7&Prime;][\/et_pb_tab][et_pb_tab title=\u00a0\u00bbJvG Kids\u00a0\u00bb _builder_version=\u00a0\u00bb4.4.7&Prime;]<\/p>\n<p>Your content goes here. Edit or remove this text inline or in the module Content settings. You can also style every aspect of this content in the module Design settings and even apply custom CSS to this text in the module Advanced settings.<\/p>\n<p>[\/et_pb_tab][et_pb_tab title=\u00a0\u00bbJvG Classics\u00a0\u00bb _builder_version=\u00a0\u00bb4.4.7&Prime;]<\/p>\n<p>Your content goes here. Edit or remove this text inline or in the module Content settings. You can also style every aspect of this content in the module Design settings and even apply custom CSS to this text in the module Advanced settings.<\/p>\n<p>[\/et_pb_tab][\/et_pb_tabs][\/et_pb_column][\/et_pb_row][\/et_pb_section]<\/p>\n","protected":false},"excerpt":{"rendered":"<p>T\u00c9L\u00c9CHARGEMENTS &nbsp;Photos en haute r\u00e9solution J711_T48 J711_T48 + J713_T46 J712_T39 J713_T45 &nbsp; &nbsp; &nbsp; &nbsp; &nbsp; &nbsp; &nbsp;Your content goes here. Edit or remove this text inline or in the module Content settings. You can also style every aspect of this content in the module Design settings and even apply custom CSS to this text [&hellip;]<\/p>\n","protected":false},"author":2,"featured_media":0,"parent":0,"menu_order":0,"comment_status":"closed","ping_status":"closed","template":"","meta":{"_et_pb_use_builder":"on","_et_pb_old_content":"","_et_gb_content_width":"","footnotes":""},"class_list":["post-2453","page","type-page","status-publish","hentry"],"_links":{"self":[{"href":"https:\/\/johann-v-goisern.com\/fr\/wp-json\/wp\/v2\/pages\/2453","targetHints":{"allow":["GET"]}}],"collection":[{"href":"https:\/\/johann-v-goisern.com\/fr\/wp-json\/wp\/v2\/pages"}],"about":[{"href":"https:\/\/johann-v-goisern.com\/fr\/wp-json\/wp\/v2\/types\/page"}],"author":[{"embeddable":true,"href":"https:\/\/johann-v-goisern.com\/fr\/wp-json\/wp\/v2\/users\/2"}],"replies":[{"embeddable":true,"href":"https:\/\/johann-v-goisern.com\/fr\/wp-json\/wp\/v2\/comments?post=2453"}],"version-history":[{"count":0,"href":"https:\/\/johann-v-goisern.com\/fr\/wp-json\/wp\/v2\/pages\/2453\/revisions"}],"wp:attachment":[{"href":"https:\/\/johann-v-goisern.com\/fr\/wp-json\/wp\/v2\/media?parent=2453"}],"curies":[{"name":"wp","href":"https:\/\/api.w.org\/{rel}","templated":true}]}}