{"id":7038,"date":"2026-01-07T12:45:40","date_gmt":"2026-01-07T11:45:40","guid":{"rendered":"https:\/\/johann-v-goisern.com\/la-durabilite\/"},"modified":"2026-01-07T12:47:21","modified_gmt":"2026-01-07T11:47:21","slug":"la-durabilite","status":"publish","type":"page","link":"https:\/\/johann-v-goisern.com\/fr\/la-durabilite\/","title":{"rendered":"La durabilit\u00e9"},"content":{"rendered":"<p>[et_pb_section fb_built=\u00a0\u00bb1&Prime; _builder_version=\u00a0\u00bb4.16&Prime; custom_padding=\u00a0\u00bb0px||31px|||\u00a0\u00bb locked=\u00a0\u00bboff\u00a0\u00bb global_colors_info=\u00a0\u00bb{}\u00a0\u00bb][et_pb_row make_equal=\u00a0\u00bbon\u00a0\u00bb _builder_version=\u00a0\u00bb4.27.5&Prime; background_enable_color=\u00a0\u00bboff\u00a0\u00bb background_image=\u00a0\u00bbhttps:\/\/johann-v-goisern.com\/wp-content\/uploads\/2026\/01\/Banner_Nachhaltigkeit.webp\u00a0\u00bb width=\u00a0\u00bb100%\u00a0\u00bb width_tablet=\u00a0\u00bb100%\u00a0\u00bb width_phone=\u00a0\u00bb\u00a0\u00bb width_last_edited=\u00a0\u00bbon|phone\u00a0\u00bb max_width=\u00a0\u00bb100%\u00a0\u00bb height=\u00a0\u00bb500px\u00a0\u00bb height_tablet=\u00a0\u00bb200px\u00a0\u00bb height_phone=\u00a0\u00bb150px\u00a0\u00bb height_last_edited=\u00a0\u00bbon|tablet\u00a0\u00bb custom_padding=\u00a0\u00bb||0px|||\u00a0\u00bb custom_css_main_element=\u00a0\u00bbalign-items:flex-end;\u00a0\u00bb locked=\u00a0\u00bboff\u00a0\u00bb global_colors_info=\u00a0\u00bb{}\u00a0\u00bb][et_pb_column type=\u00a0\u00bb4_4&Prime; _builder_version=\u00a0\u00bb4.16&Prime; global_colors_info=\u00a0\u00bb{}\u00a0\u00bb][\/et_pb_column][\/et_pb_row][et_pb_row _builder_version=\u00a0\u00bb4.16&Prime; custom_padding=\u00a0\u00bb0px||0px|||\u00a0\u00bb locked=\u00a0\u00bboff\u00a0\u00bb global_colors_info=\u00a0\u00bb{}\u00a0\u00bb][et_pb_column type=\u00a0\u00bb4_4&Prime; _builder_version=\u00a0\u00bb4.16&Prime; global_colors_info=\u00a0\u00bb{}\u00a0\u00bb][et_pb_text _builder_version=\u00a0\u00bb4.27.5&Prime; header_font=\u00a0\u00bbAllura|700|||||||\u00a0\u00bb header_text_align=\u00a0\u00bbcenter\u00a0\u00bb header_text_color=\u00a0\u00bb#ffffff\u00a0\u00bb header_font_size=\u00a0\u00bb5em\u00a0\u00bb background_image=\u00a0\u00bbhttps:\/\/johann-v-goisern.com\/wp-content\/uploads\/2026\/01\/flag_nachhaltig.webp\u00a0\u00bb background_size=\u00a0\u00bbcontain\u00a0\u00bb custom_margin=\u00a0\u00bb-45px||||false|false\u00a0\u00bb custom_margin_tablet=\u00a0\u00bb||||false|false\u00a0\u00bb custom_margin_phone=\u00a0\u00bb-20px||||false|false\u00a0\u00bb custom_margin_last_edited=\u00a0\u00bbon|phone\u00a0\u00bb header_font_size_tablet=\u00a0\u00bb3em\u00a0\u00bb header_font_size_phone=\u00a0\u00bb2em\u00a0\u00bb header_font_size_last_edited=\u00a0\u00bbon|phone\u00a0\u00bb header_text_shadow_style=\u00a0\u00bbpreset2&Prime; global_colors_info=\u00a0\u00bb{}\u00a0\u00bb]<\/p>\n<h1>La durabilit\u00e9<\/h1>\n<p>[\/et_pb_text][\/et_pb_column][\/et_pb_row][et_pb_row _builder_version=\u00a0\u00bb4.16&Prime; custom_padding=\u00a0\u00bb||0px|||\u00a0\u00bb global_colors_info=\u00a0\u00bb{}\u00a0\u00bb][et_pb_column type=\u00a0\u00bb4_4&Prime; _builder_version=\u00a0\u00bb4.16&Prime; global_colors_info=\u00a0\u00bb{}\u00a0\u00bb][et_pb_text _builder_version=\u00a0\u00bb4.27.5&Prime; global_colors_info=\u00a0\u00bb{}\u00a0\u00bb]<\/p>\n<h2 style=\"text-align: justify;\"><strong><span style=\"color: #99cc00;\">La durabilit\u00e9 commence \u00e0 l\u2019origine<\/span><\/strong><\/h2>\n<p><\/p>\n<p style=\"text-align: justify;\">L\u2019ac\u00e9tate de coton est obtenu \u00e0 partir des fibres de la plante de coton ainsi que de la ressource renouvelable qu\u2019est le bois, dont la structure contient les sucs et r\u00e9sines essentiels \u00e0 la production de la mati\u00e8re premi\u00e8re de nos montures. L\u2019ac\u00e9tate de coton utilis\u00e9 par <strong data-start=\"429\" data-end=\"451\">Johann von Goisern<\/strong> se compose \u00e0 <strong data-start=\"465\" data-end=\"514\">72 % de flocons de coton et de fibres de bois<\/strong>. Ce mat\u00e9riau allie naturalit\u00e9, confort de port et durabilit\u00e9. Les charni\u00e8res proviennent \u00e9galement directement d\u2019Autriche, de la r\u00e9gion environnante.<\/p>\n<p>[\/et_pb_text][\/et_pb_column][\/et_pb_row][\/et_pb_section][et_pb_section fb_built=\u00a0\u00bb1&Prime; module_id=\u00a0\u00bbdesign\u00a0\u00bb _builder_version=\u00a0\u00bb4.27.5&Prime; background_image=\u00a0\u00bbhttps:\/\/johann-v-goisern.com\/wp-content\/uploads\/2026\/01\/Nachhaltigkeit_Baumwolle.webp\u00a0\u00bb parallax=\u00a0\u00bbon\u00a0\u00bb parallax_method=\u00a0\u00bboff\u00a0\u00bb height=\u00a0\u00bb60vh\u00a0\u00bb height_tablet=\u00a0\u00bb30vh\u00a0\u00bb height_phone=\u00a0\u00bb30vh\u00a0\u00bb height_last_edited=\u00a0\u00bbon|phone\u00a0\u00bb global_colors_info=\u00a0\u00bb{}\u00a0\u00bb][\/et_pb_section][et_pb_section fb_built=\u00a0\u00bb1&Prime; _builder_version=\u00a0\u00bb4.16&Prime; height=\u00a0\u00bb40vh\u00a0\u00bb height_tablet=\u00a0\u00bb70vh\u00a0\u00bb height_phone=\u00a0\u00bb70vh\u00a0\u00bb height_last_edited=\u00a0\u00bbon|phone\u00a0\u00bb custom_padding=\u00a0\u00bb||0px|||\u00a0\u00bb global_colors_info=\u00a0\u00bb{}\u00a0\u00bb][et_pb_row _builder_version=\u00a0\u00bb4.16&Prime; custom_padding=\u00a0\u00bb||0px|||\u00a0\u00bb locked=\u00a0\u00bboff\u00a0\u00bb global_colors_info=\u00a0\u00bb{}\u00a0\u00bb][et_pb_column type=\u00a0\u00bb4_4&Prime; _builder_version=\u00a0\u00bb4.16&Prime; global_colors_info=\u00a0\u00bb{}\u00a0\u00bb][et_pb_text _builder_version=\u00a0\u00bb4.27.5&Prime; global_colors_info=\u00a0\u00bb{}\u00a0\u00bb]<\/p>\n<h2 style=\"text-align: justify;\"><strong><span style=\"color: #99cc00;\">Le soleil comme soutien<\/span><\/strong><\/h2>\n<p><\/p>\n<p style=\"text-align: justify;\">Depuis plus de 40 ans, POMBERGER Goisern fabrique les lunettes <strong data-start=\"768\" data-end=\"790\">Johann von Goisern<\/strong> exclusivement \u00e0 Bad Goisern. L\u2019utilisation des \u00e9nergies renouvelables constitue une \u00e9tape essentielle vers l\u2019avenir : avec <strong data-start=\"914\" data-end=\"947\">plus de 350 panneaux solaires<\/strong>, formant ainsi la <strong data-start=\"966\" data-end=\"1024\">plus grande installation photovolta\u00efque de Bad Goisern<\/strong>, l\u2019entreprise alimente aujourd\u2019hui la majeure partie de sa production gr\u00e2ce \u00e0 l\u2019\u00e9nergie solaire.<br data-start=\"1121\" data-end=\"1124\" \/>L\u2019artisanat r\u00e9gional s\u2019allie ainsi \u00e0 une r\u00e9flexion durable \u2013 pour plus d\u2019ind\u00e9pendance, de responsabilit\u00e9 et un avenir viable.<\/p>\n<p>[\/et_pb_text][\/et_pb_column][\/et_pb_row][\/et_pb_section][et_pb_section fb_built=\u00a0\u00bb1&Prime; module_id=\u00a0\u00bbmaterialcutting\u00a0\u00bb _builder_version=\u00a0\u00bb4.27.5&Prime; background_image=\u00a0\u00bbhttps:\/\/johann-v-goisern.com\/wp-content\/uploads\/2026\/01\/Nachhaltigkeit_Solar.webp\u00a0\u00bb parallax=\u00a0\u00bbon\u00a0\u00bb parallax_method=\u00a0\u00bboff\u00a0\u00bb height=\u00a0\u00bb60vh\u00a0\u00bb height_tablet=\u00a0\u00bb30vh\u00a0\u00bb height_phone=\u00a0\u00bb30vh\u00a0\u00bb height_last_edited=\u00a0\u00bbon|phone\u00a0\u00bb global_colors_info=\u00a0\u00bb{}\u00a0\u00bb][\/et_pb_section][et_pb_section fb_built=\u00a0\u00bb1&Prime; _builder_version=\u00a0\u00bb4.16&Prime; height=\u00a0\u00bb40vh\u00a0\u00bb height_tablet=\u00a0\u00bb70vh\u00a0\u00bb height_phone=\u00a0\u00bb70vh\u00a0\u00bb height_last_edited=\u00a0\u00bbon|phone\u00a0\u00bb global_colors_info=\u00a0\u00bb{}\u00a0\u00bb][et_pb_row _builder_version=\u00a0\u00bb4.16&Prime; custom_padding=\u00a0\u00bb||0px|||\u00a0\u00bb locked=\u00a0\u00bboff\u00a0\u00bb global_colors_info=\u00a0\u00bb{}\u00a0\u00bb][et_pb_column type=\u00a0\u00bb4_4&Prime; _builder_version=\u00a0\u00bb4.16&Prime; global_colors_info=\u00a0\u00bb{}\u00a0\u00bb][et_pb_text _builder_version=\u00a0\u00bb4.27.5&Prime; global_colors_info=\u00a0\u00bb{}\u00a0\u00bb]<\/p>\n<h2 style=\"text-align: justify;\"><strong><span style=\"color: #99cc00;\">Valorisation intelligente de la chaleur r\u00e9siduelle<\/span><\/strong><\/h2>\n<p><\/p>\n<p style=\"text-align: justify;\">Gr\u00e2ce \u00e0 un syst\u00e8me de r\u00e9cup\u00e9ration de chaleur, la production de POMBERGER Goisern permet de restituer environ <strong data-start=\"1427\" data-end=\"1452\">96 % de chaleur utile<\/strong> \u00e0 partir de <strong data-start=\"1465\" data-end=\"1508\">100 % de l\u2019\u00e9nergie \u00e9lectrique consomm\u00e9e<\/strong>, utilis\u00e9e pour chauffer les b\u00e2timents de l\u2019entreprise.<br data-start=\"1563\" data-end=\"1566\" \/>La chaleur r\u00e9siduelle des compresseurs ainsi que celle des machines et des salles serveurs \u2013 en partie aliment\u00e9es par l\u2019\u00e9nergie photovolta\u00efque \u2013 est ainsi exploit\u00e9e. Cela permet d\u2019\u00e9conomiser environ <strong data-start=\"1765\" data-end=\"1810\">50 % de l\u2019\u00e9nergie n\u00e9cessaire au chauffage<\/strong>, optimisant les co\u00fbts tout en pr\u00e9servant l\u2019environnement. L\u2019empreinte \u00e9cologique de chaque monture <strong data-start=\"1910\" data-end=\"1932\">Johann von Goisern<\/strong> s\u2019en trouve ainsi consid\u00e9rablement r\u00e9duite.<\/p>\n<p>[\/et_pb_text][\/et_pb_column][\/et_pb_row][\/et_pb_section][et_pb_section fb_built=\u00a0\u00bb1&Prime; module_id=\u00a0\u00bblamination\u00a0\u00bb _builder_version=\u00a0\u00bb4.27.5&Prime; background_image=\u00a0\u00bbhttps:\/\/johann-v-goisern.com\/wp-content\/uploads\/2026\/01\/Nachhaltigkeit_Abwaerme.webp\u00a0\u00bb parallax=\u00a0\u00bbon\u00a0\u00bb parallax_method=\u00a0\u00bboff\u00a0\u00bb height=\u00a0\u00bb60vh\u00a0\u00bb height_tablet=\u00a0\u00bb30vh\u00a0\u00bb height_phone=\u00a0\u00bb30vh\u00a0\u00bb height_last_edited=\u00a0\u00bbon|phone\u00a0\u00bb global_colors_info=\u00a0\u00bb{}\u00a0\u00bb][\/et_pb_section][et_pb_section fb_built=\u00a0\u00bb1&Prime; _builder_version=\u00a0\u00bb4.16&Prime; height=\u00a0\u00bb40vh\u00a0\u00bb height_tablet=\u00a0\u00bb70vh\u00a0\u00bb height_phone=\u00a0\u00bb70vh\u00a0\u00bb height_last_edited=\u00a0\u00bbon|phone\u00a0\u00bb global_colors_info=\u00a0\u00bb{}\u00a0\u00bb][et_pb_row _builder_version=\u00a0\u00bb4.16&Prime; custom_padding=\u00a0\u00bb||0px|||\u00a0\u00bb locked=\u00a0\u00bboff\u00a0\u00bb global_colors_info=\u00a0\u00bb{}\u00a0\u00bb][et_pb_column type=\u00a0\u00bb4_4&Prime; _builder_version=\u00a0\u00bb4.16&Prime; global_colors_info=\u00a0\u00bb{}\u00a0\u00bb][et_pb_text _builder_version=\u00a0\u00bb4.27.5&Prime; global_colors_info=\u00a0\u00bb{}\u00a0\u00bb]<\/p>\n<h2 style=\"text-align: justify;\"><strong><span style=\"color: #99cc00;\">De Goisern vers le monde entier<\/span><\/strong><\/h2>\n<p><\/p>\n<p style=\"text-align: justify;\">Depuis Bad Goisern, POMBERGER Goisern exp\u00e9die ses lunettes dans le monde entier. En Europe notamment, nos partenaires b\u00e9n\u00e9ficient de circuits de livraison courts \u2013 les transports transoc\u00e9aniques complexes sont \u00e9vit\u00e9s, ce qui limite l\u2019empreinte \u00e9cologique.<br data-start=\"2280\" data-end=\"2283\" \/>Nous privil\u00e9gions \u00e9galement des solutions responsables dans les d\u00e9tails : le <strong data-start=\"2360\" data-end=\"2419\">pack de bienvenue pour les nouveaux membres du JvG Club<\/strong> n\u2019est envoy\u00e9 que sur demande, et de nombreux fans y renoncent volontairement par souci de l\u2019environnement. La carte de membre est fabriqu\u00e9e en carton depuis plusieurs ann\u00e9es, et nos <strong data-start=\"2602\" data-end=\"2651\">chiffons de nettoyage XXL ainsi que nos \u00e9tuis<\/strong> sont r\u00e9alis\u00e9s en <strong data-start=\"2669\" data-end=\"2685\">rPET recycl\u00e9<\/strong>.<br data-start=\"2686\" data-end=\"2689\" \/>Ainsi, nous associons pr\u00e9sence internationale et engagement responsable \u2013 pas \u00e0 pas.<\/p>\n<p>[\/et_pb_text][\/et_pb_column][\/et_pb_row][\/et_pb_section][et_pb_section fb_built=\u00a0\u00bb1&Prime; module_id=\u00a0\u00bbmilling\u00a0\u00bb _builder_version=\u00a0\u00bb4.27.5&Prime; background_image=\u00a0\u00bbhttps:\/\/johann-v-goisern.com\/wp-content\/uploads\/2026\/01\/Nachhaltigkeit_Welt.webp\u00a0\u00bb parallax=\u00a0\u00bbon\u00a0\u00bb parallax_method=\u00a0\u00bboff\u00a0\u00bb height=\u00a0\u00bb60vh\u00a0\u00bb height_tablet=\u00a0\u00bb30vh\u00a0\u00bb height_phone=\u00a0\u00bb30vh\u00a0\u00bb height_last_edited=\u00a0\u00bbon|phone\u00a0\u00bb global_colors_info=\u00a0\u00bb{}\u00a0\u00bb][\/et_pb_section][et_pb_section fb_built=\u00a0\u00bb1&Prime; _builder_version=\u00a0\u00bb4.27.5&Prime; background_image=\u00a0\u00bbhttps:\/\/johann-v-goisern.com\/wp-content\/uploads\/2026\/01\/Nachhaltigkeit_footer01.webp\u00a0\u00bb background_size=\u00a0\u00bbcontain\u00a0\u00bb height=\u00a0\u00bb19vh\u00a0\u00bb height_tablet=\u00a0\u00bb70vh\u00a0\u00bb height_phone=\u00a0\u00bb70vh\u00a0\u00bb height_last_edited=\u00a0\u00bbon|phone\u00a0\u00bb custom_margin=\u00a0\u00bb||79px|||\u00a0\u00bb custom_padding=\u00a0\u00bb||398px|||\u00a0\u00bb global_colors_info=\u00a0\u00bb{}\u00a0\u00bb][\/et_pb_section][et_pb_section fb_built=\u00a0\u00bb1&Prime; _builder_version=\u00a0\u00bb4.16&Prime; min_height=\u00a0\u00bb838.3px\u00a0\u00bb height_last_edited=\u00a0\u00bboff|phone\u00a0\u00bb custom_margin=\u00a0\u00bb-102px|||||\u00a0\u00bb custom_padding=\u00a0\u00bb0px|||||\u00a0\u00bb global_colors_info=\u00a0\u00bb{}\u00a0\u00bb][et_pb_row column_structure=\u00a0\u00bb1_3,1_3,1_3&Prime; make_equal=\u00a0\u00bbon\u00a0\u00bb _builder_version=\u00a0\u00bb4.16&Prime; module_alignment=\u00a0\u00bbcenter\u00a0\u00bb height=\u00a0\u00bb60%\u00a0\u00bb height_phone=\u00a0\u00bbauto\u00a0\u00bb height_last_edited=\u00a0\u00bboff|desktop\u00a0\u00bb custom_margin=\u00a0\u00bb100px||||false|false\u00a0\u00bb locked=\u00a0\u00bboff\u00a0\u00bb global_colors_info=\u00a0\u00bb{}\u00a0\u00bb custom_css_main_element_last_edited=\u00a0\u00bbon|desktop\u00a0\u00bb custom_css_main_element_tablet=\u00a0\u00bbalign-items: center;\u00a0\u00bb custom_css_main_element_phone=\u00a0\u00bbalign-items: center;\u00a0\u00bb][et_pb_column type=\u00a0\u00bb1_3&Prime; disabled_on=\u00a0\u00bboff|off|off\u00a0\u00bb _builder_version=\u00a0\u00bb4.16&Prime; global_colors_info=\u00a0\u00bb{}\u00a0\u00bb][et_pb_image src=\u00a0\u00bbhttps:\/\/johann-v-goisern.com\/\/wp-content\/uploads\/2020\/06\/Kataloge.png\u00a0\u00bb title_text=\u00a0\u00bbCatalogues\u00a0\u00bb url=\u00a0\u00bb@ET-DC@eyJkeW5hbWljIjp0cnVlLCJjb250ZW50IjoicG9zdF9saW5rX3VybF9wYWdlIiwic2V0dGluZ3MiOnsicG9zdF9pZCI6IjczIn19@\u00a0\u00bb align=\u00a0\u00bbcenter\u00a0\u00bb _builder_version=\u00a0\u00bb4.16&Prime; _dynamic_attributes=\u00a0\u00bburl\u00a0\u00bb max_height_tablet=\u00a0\u00bb150px\u00a0\u00bb max_height_phone=\u00a0\u00bb150px\u00a0\u00bb max_height_last_edited=\u00a0\u00bbon|phone\u00a0\u00bb global_colors_info=\u00a0\u00bb{}\u00a0\u00bb][\/et_pb_image][et_pb_blurb title=\u00a0\u00bbCatalogues\u00a0\u00bb _builder_version=\u00a0\u00bb4.16&Prime; text_orientation=\u00a0\u00bbcenter\u00a0\u00bb global_colors_info=\u00a0\u00bb{}\u00a0\u00bb]<\/p>\n<p>Nos catalogues actuels sont disponibles en ligne.<\/p>\n<p>[\/et_pb_blurb][et_pb_button button_url=\u00a0\u00bb@ET-DC@eyJkeW5hbWljIjp0cnVlLCJjb250ZW50IjoicG9zdF9saW5rX3VybF9wYWdlIiwic2V0dGluZ3MiOnsicG9zdF9pZCI6IjczIn19@\u00a0\u00bb button_text=\u00a0\u00bbVoir les collections\u00a0\u00bb button_alignment=\u00a0\u00bbcenter\u00a0\u00bb _builder_version=\u00a0\u00bb4.16&Prime; _dynamic_attributes=\u00a0\u00bbbutton_url\u00a0\u00bb custom_button=\u00a0\u00bbon\u00a0\u00bb button_bg_color=\u00a0\u00bb#0c71c3&Prime; button_use_icon=\u00a0\u00bboff\u00a0\u00bb global_colors_info=\u00a0\u00bb{}\u00a0\u00bb][\/et_pb_button][\/et_pb_column][et_pb_column type=\u00a0\u00bb1_3&Prime; _builder_version=\u00a0\u00bb4.16&Prime; global_colors_info=\u00a0\u00bb{}\u00a0\u00bb][et_pb_image src=\u00a0\u00bbhttps:\/\/johann-v-goisern.com\/\/wp-content\/uploads\/2020\/06\/Aktuelles_alt.png\u00a0\u00bb title_text=\u00a0\u00bbAktuelles_alt\u00a0\u00bb url=\u00a0\u00bb@ET-DC@eyJkeW5hbWljIjp0cnVlLCJjb250ZW50IjoicG9zdF9saW5rX3VybF9wYWdlIiwic2V0dGluZ3MiOnsicG9zdF9pZCI6IjQ2In19@\u00a0\u00bb align=\u00a0\u00bbcenter\u00a0\u00bb _builder_version=\u00a0\u00bb4.16&Prime; _dynamic_attributes=\u00a0\u00bburl\u00a0\u00bb max_height_tablet=\u00a0\u00bb150px\u00a0\u00bb max_height_phone=\u00a0\u00bb150px\u00a0\u00bb max_height_last_edited=\u00a0\u00bbon|phone\u00a0\u00bb global_colors_info=\u00a0\u00bb{}\u00a0\u00bb][\/et_pb_image][et_pb_blurb title=\u00a0\u00bbNouveaut\u00e9s\u00a0\u00bb _builder_version=\u00a0\u00bb4.16&Prime; text_orientation=\u00a0\u00bbcenter\u00a0\u00bb global_colors_info=\u00a0\u00bb{}\u00a0\u00bb]<\/p>\n<p>Vous trouverez ici toutes les actualit\u00e9s concernant Johann von Goisern.<\/p>\n<p>[\/et_pb_blurb][et_pb_button button_url=\u00a0\u00bb@ET-DC@eyJkeW5hbWljIjp0cnVlLCJjb250ZW50IjoicG9zdF9saW5rX3VybF9wYWdlIiwic2V0dGluZ3MiOnsicG9zdF9pZCI6IjQ2In19@\u00a0\u00bb button_text=\u00a0\u00bbVoir les nouveaut\u00e9s\u00a0\u00bb button_alignment=\u00a0\u00bbcenter\u00a0\u00bb _builder_version=\u00a0\u00bb4.16&Prime; _dynamic_attributes=\u00a0\u00bbbutton_url\u00a0\u00bb custom_button=\u00a0\u00bbon\u00a0\u00bb button_bg_color=\u00a0\u00bb#e29b00&Prime; button_use_icon=\u00a0\u00bboff\u00a0\u00bb global_colors_info=\u00a0\u00bb{}\u00a0\u00bb][\/et_pb_button][\/et_pb_column][et_pb_column type=\u00a0\u00bb1_3&Prime; _builder_version=\u00a0\u00bb4.16&Prime; global_colors_info=\u00a0\u00bb{}\u00a0\u00bb][et_pb_image src=\u00a0\u00bbhttps:\/\/johann-v-goisern.com\/\/wp-content\/uploads\/2020\/06\/Shopfinder.png\u00a0\u00bb title_text=\u00a0\u00bbRecherche de magasins\u00a0\u00bb align=\u00a0\u00bbcenter\u00a0\u00bb _builder_version=\u00a0\u00bb4.16&Prime; max_height_tablet=\u00a0\u00bb150px\u00a0\u00bb max_height_phone=\u00a0\u00bb150px\u00a0\u00bb max_height_last_edited=\u00a0\u00bbon|phone\u00a0\u00bb global_colors_info=\u00a0\u00bb{}\u00a0\u00bb][\/et_pb_image][et_pb_blurb title=\u00a0\u00bbShop-Finder\u00a0\u00bb _builder_version=\u00a0\u00bb4.16&Prime; text_orientation=\u00a0\u00bbcenter\u00a0\u00bb global_colors_info=\u00a0\u00bb{}\u00a0\u00bb]<\/p>\n<p>Nous vous aidons \u00e0 trouver des opticiens partenaires pr\u00e8s de chez vous.<\/p>\n<p>[\/et_pb_blurb][et_pb_button button_url=\u00a0\u00bbhttps:\/\/pomberger.com\/maps\/?remove=Alle\u00a0\u00bb button_text=\u00a0\u00bbVoir le Shop-Finder\u00a0\u00bb button_alignment=\u00a0\u00bbcenter\u00a0\u00bb _builder_version=\u00a0\u00bb4.16&Prime; custom_button=\u00a0\u00bbon\u00a0\u00bb button_bg_color=\u00a0\u00bb#e02b20&Prime; button_use_icon=\u00a0\u00bboff\u00a0\u00bb global_colors_info=\u00a0\u00bb{}\u00a0\u00bb][\/et_pb_button][\/et_pb_column][\/et_pb_row][\/et_pb_section]<\/p>\n","protected":false},"excerpt":{"rendered":"<p>La durabilit\u00e9La durabilit\u00e9 commence \u00e0 l\u2019origineL\u2019ac\u00e9tate de coton est obtenu \u00e0 partir des fibres de la plante de coton ainsi que de la ressource renouvelable qu\u2019est le bois, dont la structure contient les sucs et r\u00e9sines essentiels \u00e0 la production de la mati\u00e8re premi\u00e8re de nos montures. L\u2019ac\u00e9tate de coton utilis\u00e9 par Johann von Goisern [&hellip;]<\/p>\n","protected":false},"author":3,"featured_media":0,"parent":0,"menu_order":0,"comment_status":"closed","ping_status":"closed","template":"","meta":{"_et_pb_use_builder":"on","_et_pb_old_content":"","_et_gb_content_width":"","footnotes":""},"class_list":["post-7038","page","type-page","status-publish","hentry"],"_links":{"self":[{"href":"https:\/\/johann-v-goisern.com\/fr\/wp-json\/wp\/v2\/pages\/7038","targetHints":{"allow":["GET"]}}],"collection":[{"href":"https:\/\/johann-v-goisern.com\/fr\/wp-json\/wp\/v2\/pages"}],"about":[{"href":"https:\/\/johann-v-goisern.com\/fr\/wp-json\/wp\/v2\/types\/page"}],"author":[{"embeddable":true,"href":"https:\/\/johann-v-goisern.com\/fr\/wp-json\/wp\/v2\/users\/3"}],"replies":[{"embeddable":true,"href":"https:\/\/johann-v-goisern.com\/fr\/wp-json\/wp\/v2\/comments?post=7038"}],"version-history":[{"count":0,"href":"https:\/\/johann-v-goisern.com\/fr\/wp-json\/wp\/v2\/pages\/7038\/revisions"}],"wp:attachment":[{"href":"https:\/\/johann-v-goisern.com\/fr\/wp-json\/wp\/v2\/media?parent=7038"}],"curies":[{"name":"wp","href":"https:\/\/api.w.org\/{rel}","templated":true}]}}