{"id":2613,"date":"2020-07-07T16:49:27","date_gmt":"2020-07-07T14:49:27","guid":{"rendered":"https:\/\/johann-v-goisern.com\/a-tecnologia\/"},"modified":"2021-04-29T07:20:29","modified_gmt":"2021-04-29T05:20:29","slug":"a-tecnologia","status":"publish","type":"page","link":"https:\/\/johann-v-goisern.com\/pt-pt\/a-tecnologia\/","title":{"rendered":"A tecnologia"},"content":{"rendered":"<p>[et_pb_section fb_built=&#8221;1&#8243; _builder_version=&#8221;4.4.7&#8243; custom_padding=&#8221;0px|||||&#8221;][et_pb_row make_equal=&#8221;on&#8221; _builder_version=&#8221;4.4.7&#8243; background_enable_color=&#8221;off&#8221; background_image=&#8221;https:\/\/johann-v-goisern.com\/\/wp-content\/uploads\/2020\/06\/Prod_03-Laminierung-1.jpg&#8221; width=&#8221;100%&#8221; width_tablet=&#8221;100%&#8221; width_phone=&#8221;&#8221; width_last_edited=&#8221;on|phone&#8221; max_width=&#8221;100%&#8221; height=&#8221;500px&#8221; height_tablet=&#8221;200px&#8221; height_phone=&#8221;150px&#8221; height_last_edited=&#8221;on|tablet&#8221; custom_padding=&#8221;||0px|||&#8221; custom_css_main_element=&#8221;align-items:flex-end;&#8221; locked=&#8221;off&#8221;][et_pb_column type=&#8221;4_4&#8243; _builder_version=&#8221;4.4.7&#8243;][\/et_pb_column][\/et_pb_row][et_pb_row _builder_version=&#8221;4.4.7&#8243; custom_padding=&#8221;0px||0px|||&#8221; locked=&#8221;off&#8221;][et_pb_column type=&#8221;4_4&#8243; _builder_version=&#8221;4.4.7&#8243;][et_pb_text _builder_version=&#8221;4.4.7&#8243; header_font=&#8221;Allura|700|||||||&#8221; header_text_align=&#8221;center&#8221; header_text_color=&#8221;#ffffff&#8221; header_font_size=&#8221;5em&#8221; background_image=&#8221;https:\/\/johann-v-goisern.com\/\/wp-content\/uploads\/2020\/06\/flag_violett.png&#8221; background_size=&#8221;contain&#8221; custom_margin=&#8221;-45px||||false|false&#8221; custom_margin_tablet=&#8221;||||false|false&#8221; custom_margin_phone=&#8221;-20px||||false|false&#8221; custom_margin_last_edited=&#8221;on|phone&#8221; header_font_size_tablet=&#8221;3em&#8221; header_font_size_phone=&#8221;2em&#8221; header_font_size_last_edited=&#8221;on|phone&#8221; header_text_shadow_style=&#8221;preset2&#8243;]<\/p>\n<h1>Tecnologia<\/h1>\n<p>[\/et_pb_text][\/et_pb_column][\/et_pb_row][et_pb_row _builder_version=&#8221;4.4.7&#8243;][et_pb_column type=&#8221;4_4&#8243; _builder_version=&#8221;4.4.7&#8243;][et_pb_text _builder_version=&#8221;4.4.7&#8243;]Para realizar os nossos designs especiais, desenvolvemos as nossas pr\u00f3prias tecnologias para laminar o acetato. Os acabamentos s\u00e3o realizados manualmente e levam entre uma a duas semanas, dependendo da combina\u00e7\u00e3o de cores. Durante esse per\u00edodo, at\u00e9 20 camadas diferentes de materiais s\u00e3o refinados \u00e0 m\u00e3o para criar uma\u00a0 combina\u00e7\u00e3o de cores \u00fanica da Johann von Goisern.[\/et_pb_text][et_pb_text _builder_version=&#8221;4.4.7&#8243;]As nossas tecnologias d\u00e3o-nos liberdade na sele\u00e7\u00e3o de cores da mat\u00e9ria-prima e permitem a combina\u00e7\u00e3o de diferentes cores, padr\u00f5es e transpar\u00eancias. <strong>Assim, a \u00fanica limita\u00e7\u00e3o nos nossos designs \u00e9 a nossa pr\u00f3pria criatividade!<\/strong>[\/et_pb_text][\/et_pb_column][\/et_pb_row][\/et_pb_section][et_pb_section fb_built=&#8221;1&#8243; _builder_version=&#8221;4.4.7&#8243; custom_padding=&#8221;0px|||||&#8221;][et_pb_row _builder_version=&#8221;4.4.7&#8243; custom_padding=&#8221;0px|||||&#8221;][et_pb_column type=&#8221;4_4&#8243; _builder_version=&#8221;4.4.7&#8243;][et_pb_slider arrows_custom_color=&#8221;rgba(0,0,0,0.3)&#8221; _builder_version=&#8221;4.4.7&#8243; height=&#8221;500px&#8221; height_tablet=&#8221;300px&#8221; height_phone=&#8221;250px&#8221; height_last_edited=&#8221;on|phone&#8221; auto=&#8221;on&#8221; auto_speed=&#8221;5000&#8243; custom_css_main_element=&#8221;overflow:visible;&#8221; custom_css_slide_arrows_last_edited=&#8221;on|phone&#8221; custom_css_slide_arrows_phone=&#8221;margin-top:100px;&#8221;][et_pb_slide _builder_version=&#8221;4.4.7&#8243; background_image=&#8221;https:\/\/johann-v-goisern.com\/\/wp-content\/uploads\/2020\/06\/JVG_697_exploded.png&#8221; background_enable_image=&#8221;on&#8221; background_size=&#8221;contain&#8221; custom_padding=&#8221;||||false|false&#8221;][\/et_pb_slide][et_pb_slide _builder_version=&#8221;4.4.7&#8243; background_image=&#8221;https:\/\/johann-v-goisern.com\/\/wp-content\/uploads\/2020\/06\/2560x1440_J697_N85_J699_N92.jpg&#8221; background_enable_image=&#8221;on&#8221; background_size=&#8221;contain&#8221; custom_padding=&#8221;||||false|false&#8221;][\/et_pb_slide][et_pb_slide _builder_version=&#8221;4.4.7&#8243; background_image=&#8221;https:\/\/johann-v-goisern.com\/\/wp-content\/uploads\/2020\/06\/2560x1440_J697_N85.jpg&#8221; background_enable_image=&#8221;on&#8221; background_size=&#8221;contain&#8221; custom_padding=&#8221;||||false|false&#8221;][\/et_pb_slide][\/et_pb_slider][et_pb_text _builder_version=&#8221;4.4.7&#8243; background_color=&#8221;rgba(10,10,10,0.3)&#8221; background_layout=&#8221;dark&#8221; custom_margin=&#8221;60px||||false|false&#8221; custom_padding=&#8221;10px|20px|10px|20px|false|false&#8221; locked=&#8221;off&#8221;]<\/p>\n<h1 style=\"text-align: justify\">JvG Mod. 697 N85<\/h1>\n<p>combination of horizontal and vertical laminations on the middle part, lamination of the temples[\/et_pb_text][\/et_pb_column][\/et_pb_row][\/et_pb_section][et_pb_section fb_built=&#8221;1&#8243; _builder_version=&#8221;4.4.7&#8243; custom_padding=&#8221;0px|||||&#8221;][et_pb_row _builder_version=&#8221;4.4.7&#8243; custom_padding=&#8221;0px|||||&#8221;][et_pb_column type=&#8221;4_4&#8243; _builder_version=&#8221;4.4.7&#8243;][et_pb_slider arrows_custom_color=&#8221;rgba(0,0,0,0.3)&#8221; _builder_version=&#8221;4.4.7&#8243; height=&#8221;500px&#8221; height_tablet=&#8221;300px&#8221; height_phone=&#8221;250px&#8221; height_last_edited=&#8221;on|phone&#8221; auto=&#8221;on&#8221; auto_speed=&#8221;5000&#8243; custom_css_main_element=&#8221;overflow:visible;&#8221; custom_css_slide_arrows_last_edited=&#8221;on|phone&#8221; custom_css_slide_arrows_phone=&#8221;margin-top:100px;&#8221;][et_pb_slide _builder_version=&#8221;4.4.7&#8243; background_image=&#8221;https:\/\/johann-v-goisern.com\/\/wp-content\/uploads\/2020\/06\/2560x1440_706_exploded.png&#8221; background_enable_image=&#8221;on&#8221; background_size=&#8221;contain&#8221; custom_padding=&#8221;||||false|false&#8221;][\/et_pb_slide][et_pb_slide _builder_version=&#8221;4.4.7&#8243; background_image=&#8221;https:\/\/johann-v-goisern.com\/\/wp-content\/uploads\/2020\/06\/J706_R41_1.jpg&#8221; background_enable_image=&#8221;on&#8221; background_size=&#8221;contain&#8221; custom_padding=&#8221;||||false|false&#8221;][\/et_pb_slide][et_pb_slide _builder_version=&#8221;4.4.7&#8243; background_image=&#8221;https:\/\/johann-v-goisern.com\/\/wp-content\/uploads\/2020\/06\/J706_R41_3.jpg&#8221; background_enable_image=&#8221;on&#8221; background_size=&#8221;contain&#8221; custom_padding=&#8221;||||false|false&#8221;][\/et_pb_slide][et_pb_slide _builder_version=&#8221;4.4.7&#8243; background_image=&#8221;https:\/\/johann-v-goisern.com\/\/wp-content\/uploads\/2020\/06\/2560x1440_J706_R41_front.jpg&#8221; background_enable_image=&#8221;on&#8221; background_size=&#8221;contain&#8221; custom_padding=&#8221;||||false|false&#8221;][\/et_pb_slide][\/et_pb_slider][et_pb_text _builder_version=&#8221;4.4.7&#8243; background_color=&#8221;rgba(10,10,10,0.3)&#8221; background_layout=&#8221;dark&#8221; custom_margin=&#8221;60px||||false|false&#8221; custom_padding=&#8221;10px|20px|10px|20px|false|false&#8221; locked=&#8221;off&#8221;]<\/p>\n<h1 style=\"text-align: justify\">JvG Mod. 706 R41<\/h1>\n<p>combination of horizontal and vertical laminations on the middle part, overlay of transparent material with texture[\/et_pb_text][\/et_pb_column][\/et_pb_row][\/et_pb_section][et_pb_section fb_built=&#8221;1&#8243; _builder_version=&#8221;4.4.7&#8243; custom_padding=&#8221;0px|||||&#8221;][et_pb_row _builder_version=&#8221;4.4.7&#8243; custom_padding=&#8221;0px|||||&#8221;][et_pb_column type=&#8221;4_4&#8243; _builder_version=&#8221;4.4.7&#8243;][et_pb_slider arrows_custom_color=&#8221;rgba(0,0,0,0.3)&#8221; _builder_version=&#8221;4.4.7&#8243; height=&#8221;500px&#8221; height_tablet=&#8221;300px&#8221; height_phone=&#8221;250px&#8221; height_last_edited=&#8221;on|phone&#8221; auto=&#8221;on&#8221; auto_speed=&#8221;5000&#8243; custom_css_main_element=&#8221;overflow:visible;&#8221; custom_css_slide_arrows_last_edited=&#8221;on|phone&#8221; custom_css_slide_arrows_phone=&#8221;margin-top:100px;&#8221;][et_pb_slide _builder_version=&#8221;4.4.7&#8243; background_image=&#8221;https:\/\/johann-v-goisern.com\/\/wp-content\/uploads\/2020\/06\/asym.jpg&#8221; background_enable_image=&#8221;on&#8221; background_size=&#8221;contain&#8221; custom_padding=&#8221;||||false|false&#8221;][\/et_pb_slide][et_pb_slide _builder_version=&#8221;4.4.7&#8243; background_image=&#8221;https:\/\/johann-v-goisern.com\/\/wp-content\/uploads\/2020\/06\/angular.jpg&#8221; background_enable_image=&#8221;on&#8221; background_size=&#8221;contain&#8221; custom_padding=&#8221;||||false|false&#8221;][\/et_pb_slide][et_pb_slide _builder_version=&#8221;4.4.7&#8243; background_image=&#8221;https:\/\/johann-v-goisern.com\/\/wp-content\/uploads\/2020\/06\/lam1.jpg&#8221; background_enable_image=&#8221;on&#8221; background_size=&#8221;contain&#8221; custom_padding=&#8221;||||false|false&#8221;][\/et_pb_slide][et_pb_slide _builder_version=&#8221;4.4.7&#8243; background_image=&#8221;https:\/\/johann-v-goisern.com\/\/wp-content\/uploads\/2020\/06\/lam2.jpg&#8221; background_enable_image=&#8221;on&#8221; background_size=&#8221;contain&#8221; custom_padding=&#8221;||||false|false&#8221;][\/et_pb_slide][\/et_pb_slider][et_pb_text _builder_version=&#8221;4.5.1&#8243; background_color=&#8221;rgba(10,10,10,0.3)&#8221; background_layout=&#8221;dark&#8221; custom_margin=&#8221;60px||||false|false&#8221; custom_padding=&#8221;10px|20px|10px|20px|false|false&#8221; hover_enabled=&#8221;0&#8243; locked=&#8221;off&#8221;]<\/p>\n<h1 style=\"text-align: justify;\">V\u00e1rios Modelos<\/h1>\n<p>asymmetrical, combined laminations on the middle part and temples<\/p>\n<p>[\/et_pb_text][\/et_pb_column][\/et_pb_row][\/et_pb_section][et_pb_section fb_built=&#8221;1&#8243; _builder_version=&#8221;4.4.7&#8243; custom_padding=&#8221;0px|||||&#8221;][et_pb_row _builder_version=&#8221;4.4.7&#8243;][et_pb_column type=&#8221;4_4&#8243; _builder_version=&#8221;4.4.7&#8243;][et_pb_text _builder_version=&#8221;4.4.7&#8243;]Os nossos designs harmoniosos s\u00e3o produzidos atrav\u00e9s da lamina\u00e7\u00e3o especial. Mas isto \u00e9 apenas o in\u00edcio! Ap\u00f3s a lamina\u00e7\u00e3o, as nossas arma\u00e7\u00f5es ainda t\u00eam uma jornada emocionante pela frente. No total, dividimos a nossa produ\u00e7\u00e3o em 80 passos diferentes, dependendo da complexidade do design.[\/et_pb_text][et_pb_text _builder_version=&#8221;4.4.7&#8243; background_color=&#8221;rgba(10,10,10,0.6)&#8221; background_layout=&#8221;dark&#8221; custom_margin=&#8221;60px||||false|false&#8221; custom_padding=&#8221;10px|20px|10px|20px|false|false&#8221; locked=&#8221;off&#8221;]<strong>Quais s\u00e3o os passos mais importantes na nossa produ\u00e7\u00e3o?<\/strong> Junte-se a n\u00f3s na jornada que torna cada arma\u00e7\u00e3o Johann von Goisern \u00fanica![\/et_pb_text][\/et_pb_column][\/et_pb_row][\/et_pb_section][et_pb_section fb_built=&#8221;1&#8243; _builder_version=&#8221;4.4.7&#8243; background_image=&#8221;https:\/\/johann-v-goisern.com\/\/wp-content\/uploads\/2020\/06\/2560x1440_road.jpg&#8221; parallax=&#8221;on&#8221; min_height=&#8221;800px&#8221; custom_padding=&#8221;0px||0px|||&#8221;][et_pb_row make_equal=&#8221;on&#8221; _builder_version=&#8221;4.4.7&#8243; use_background_color_gradient=&#8221;on&#8221; background_color_gradient_start=&#8221;rgba(10,0,0,0.25)&#8221; background_color_gradient_end=&#8221;rgba(10,0,0,0)&#8221; background_color_gradient_type=&#8221;radial&#8221; width=&#8221;100%&#8221; max_width=&#8221;100%&#8221; min_height=&#8221;800px&#8221; height=&#8221;100%&#8221; max_height=&#8221;100%&#8221;][et_pb_column type=&#8221;4_4&#8243; _builder_version=&#8221;4.4.7&#8243;][et_pb_image src=&#8221;https:\/\/johann-v-goisern.com\/\/wp-content\/uploads\/2020\/06\/Reise.png&#8221; title_text=&#8221;Journey&#8221; url=&#8221;@ET-DC@eyJkeW5hbWljIjp0cnVlLCJjb250ZW50IjoicG9zdF9saW5rX3VybF9wYWdlIiwic2V0dGluZ3MiOnsicG9zdF9pZCI6IjExMyJ9fQ==@&#8221; align=&#8221;center&#8221; _builder_version=&#8221;4.4.7&#8243; _dynamic_attributes=&#8221;url&#8221; height=&#8221;200px&#8221; height_tablet=&#8221;150px&#8221; height_phone=&#8221;150px&#8221; height_last_edited=&#8221;on|phone&#8221; custom_margin=&#8221;100px||||false|false&#8221; custom_css_main_element=&#8221;cursor:pointer;&#8221; transform_styles__hover_enabled=&#8221;on|hover&#8221; transform_scale__hover_enabled=&#8221;on|hover&#8221; transform_translate__hover_enabled=&#8221;on|desktop&#8221; transform_rotate__hover_enabled=&#8221;on|desktop&#8221; transform_skew__hover_enabled=&#8221;on|desktop&#8221; transform_origin__hover_enabled=&#8221;on|desktop&#8221; transform_scale__hover=&#8221;110%|110%&#8221;][\/et_pb_image][et_pb_button button_url=&#8221;@ET-DC@eyJkeW5hbWljIjp0cnVlLCJjb250ZW50IjoicG9zdF9saW5rX3VybF9wYWdlIiwic2V0dGluZ3MiOnsicG9zdF9pZCI6IjExMyJ9fQ==@&#8221; button_text=&#8221;comece a jornada&#8221; button_alignment=&#8221;center&#8221; _builder_version=&#8221;4.4.7&#8243; _dynamic_attributes=&#8221;button_url&#8221; custom_button=&#8221;on&#8221; button_bg_color=&#8221;#0c71c3&#8243; button_use_icon=&#8221;off&#8221; box_shadow_style=&#8221;preset2&#8243;][\/et_pb_button][\/et_pb_column][\/et_pb_row][\/et_pb_section]<\/p>\n","protected":false},"excerpt":{"rendered":"<p>TecnologiaPara realizar os nossos designs especiais, desenvolvemos as nossas pr\u00f3prias tecnologias para laminar o acetato. Os acabamentos s\u00e3o realizados manualmente e levam entre uma a duas semanas, dependendo da combina\u00e7\u00e3o de cores. Durante esse per\u00edodo, at\u00e9 20 camadas diferentes de materiais s\u00e3o refinados \u00e0 m\u00e3o para criar uma\u00a0 combina\u00e7\u00e3o de cores \u00fanica da Johann von [&hellip;]<\/p>\n","protected":false},"author":2,"featured_media":0,"parent":0,"menu_order":0,"comment_status":"closed","ping_status":"closed","template":"","meta":{"_et_pb_use_builder":"on","_et_pb_old_content":"","_et_gb_content_width":"","footnotes":""},"class_list":["post-2613","page","type-page","status-publish","hentry"],"_links":{"self":[{"href":"https:\/\/johann-v-goisern.com\/pt-pt\/wp-json\/wp\/v2\/pages\/2613","targetHints":{"allow":["GET"]}}],"collection":[{"href":"https:\/\/johann-v-goisern.com\/pt-pt\/wp-json\/wp\/v2\/pages"}],"about":[{"href":"https:\/\/johann-v-goisern.com\/pt-pt\/wp-json\/wp\/v2\/types\/page"}],"author":[{"embeddable":true,"href":"https:\/\/johann-v-goisern.com\/pt-pt\/wp-json\/wp\/v2\/users\/2"}],"replies":[{"embeddable":true,"href":"https:\/\/johann-v-goisern.com\/pt-pt\/wp-json\/wp\/v2\/comments?post=2613"}],"version-history":[{"count":0,"href":"https:\/\/johann-v-goisern.com\/pt-pt\/wp-json\/wp\/v2\/pages\/2613\/revisions"}],"wp:attachment":[{"href":"https:\/\/johann-v-goisern.com\/pt-pt\/wp-json\/wp\/v2\/media?parent=2613"}],"curies":[{"name":"wp","href":"https:\/\/api.w.org\/{rel}","templated":true}]}}