{"id":2625,"date":"2020-07-09T13:33:47","date_gmt":"2020-07-09T11:33:47","guid":{"rendered":"https:\/\/johann-v-goisern.com\/a-inspiracao\/"},"modified":"2020-07-09T13:33:50","modified_gmt":"2020-07-09T11:33:50","slug":"a-inspiracao","status":"publish","type":"page","link":"https:\/\/johann-v-goisern.com\/pt-pt\/a-inspiracao\/","title":{"rendered":"A inspira\u00e7\u00e3o"},"content":{"rendered":"<p>[et_pb_section fb_built=&#8221;1&#8243; _builder_version=&#8221;4.4.7&#8243; custom_padding=&#8221;0px|||||&#8221;][et_pb_row make_equal=&#8221;on&#8221; _builder_version=&#8221;4.4.7&#8243; background_enable_color=&#8221;off&#8221; background_image=&#8221;https:\/\/johann-v-goisern.com\/\/wp-content\/uploads\/2020\/06\/2560x1440_wolke_mit_brillen_alt.jpg&#8221; width=&#8221;100%&#8221; width_tablet=&#8221;100%&#8221; width_phone=&#8221;&#8221; width_last_edited=&#8221;on|phone&#8221; max_width=&#8221;100%&#8221; height=&#8221;500px&#8221; height_tablet=&#8221;200px&#8221; height_phone=&#8221;150px&#8221; height_last_edited=&#8221;on|tablet&#8221; custom_padding=&#8221;||0px|||&#8221; custom_css_main_element=&#8221;align-items:flex-end;&#8221; locked=&#8221;off&#8221;][et_pb_column type=&#8221;4_4&#8243; _builder_version=&#8221;4.4.7&#8243;][\/et_pb_column][\/et_pb_row][et_pb_row _builder_version=&#8221;4.4.7&#8243; custom_padding=&#8221;0px||0px|||&#8221; locked=&#8221;off&#8221;][et_pb_column type=&#8221;4_4&#8243; _builder_version=&#8221;4.4.7&#8243;][et_pb_text _builder_version=&#8221;4.4.7&#8243; header_font=&#8221;Allura|700|||||||&#8221; header_text_align=&#8221;center&#8221; header_text_color=&#8221;#ffffff&#8221; header_font_size=&#8221;5em&#8221; background_image=&#8221;https:\/\/johann-v-goisern.com\/\/wp-content\/uploads\/2020\/06\/flag_green.png&#8221; background_size=&#8221;contain&#8221; custom_margin=&#8221;-45px||||false|false&#8221; custom_margin_tablet=&#8221;||||false|false&#8221; custom_margin_phone=&#8221;-20px||||false|false&#8221; custom_margin_last_edited=&#8221;on|phone&#8221; header_font_size_tablet=&#8221;3em&#8221; header_font_size_phone=&#8221;2em&#8221; header_font_size_last_edited=&#8221;on|phone&#8221; header_text_shadow_style=&#8221;preset2&#8243;]<\/p>\n<h1>Inspira\u00e7\u00e3o<\/h1>\n<p>[\/et_pb_text][\/et_pb_column][\/et_pb_row][et_pb_row _builder_version=&#8221;4.4.7&#8243;][et_pb_column type=&#8221;4_4&#8243; _builder_version=&#8221;4.4.7&#8243;][et_pb_text _builder_version=&#8221;4.4.7&#8243;]Os nossos \u00f3culos vivem do seu seu <strong>design extraordin\u00e1rio<\/strong>. Inspirados na fauna e flora da nossa regi\u00e3o, os designs da Johann von Goisern sempre foram desenvolvidos por n\u00f3s. Cada formato e combina\u00e7\u00e3o de cores s\u00e3o escolhidos de forma cuidadosa para que cada cole\u00e7\u00e3o seja harmoniosa e ao mesmo tempo \u00fanica.[\/et_pb_text][\/et_pb_column][\/et_pb_row][et_pb_row column_structure=&#8221;1_3,1_3,1_3&#8243; _builder_version=&#8221;4.4.7&#8243;][et_pb_column type=&#8221;1_3&#8243; _builder_version=&#8221;4.4.7&#8243;][et_pb_image src=&#8221;https:\/\/johann-v-goisern.com\/\/wp-content\/uploads\/2020\/06\/Brillenmodelle01.png&#8221; _builder_version=&#8221;4.4.7&#8243;][\/et_pb_image][\/et_pb_column][et_pb_column type=&#8221;1_3&#8243; _builder_version=&#8221;4.4.7&#8243;][et_pb_image src=&#8221;https:\/\/johann-v-goisern.com\/\/wp-content\/uploads\/2020\/06\/Brillenmodelle02.png&#8221; _builder_version=&#8221;4.4.7&#8243;][\/et_pb_image][\/et_pb_column][et_pb_column type=&#8221;1_3&#8243; _builder_version=&#8221;4.4.7&#8243;][et_pb_image src=&#8221;https:\/\/johann-v-goisern.com\/\/wp-content\/uploads\/2020\/06\/Brillenmodelle03.png&#8221; _builder_version=&#8221;4.4.7&#8243;][\/et_pb_image][\/et_pb_column][\/et_pb_row][et_pb_row _builder_version=&#8221;4.4.7&#8243;][et_pb_column type=&#8221;4_4&#8243; _builder_version=&#8221;4.4.7&#8243;][et_pb_text _builder_version=&#8221;4.4.7&#8243;]Cada formato tem o seu car\u00e1cter pr\u00f3prio: desde o cl\u00e1ssico ao moderno, do tranquilo ao impressionante, do s\u00e9rio ao divertido. Os \u00f3culos certos complementam o formato da sua cabe\u00e7a e sublinham as suas caracter\u00edsticas. <strong>Para muitos designers, escolher o formato certo \u00e9 o \u00faltimo passo &#8211; para n\u00f3s \u00e9 o primeiro!<\/strong>[\/et_pb_text][et_pb_text _builder_version=&#8221;4.4.7&#8243;]Uma vez escolhido o formato adequado, come\u00e7a o design das combina\u00e7\u00f5es de cores correspondentes. Estas s\u00e3o conjugadas com o formato da arma\u00e7\u00e3o e brincam com as suas caracter\u00edsticas. Assim, com cada combina\u00e7\u00e3o de cores, \u00e9 criada uma arma\u00e7\u00e3o completamente \u00fanica.[\/et_pb_text][\/et_pb_column][\/et_pb_row][\/et_pb_section][et_pb_section fb_built=&#8221;1&#8243; fullwidth=&#8221;on&#8221; _builder_version=&#8221;4.4.7&#8243; background_color=&#8221;#141414&#8243;][et_pb_fullwidth_slider show_arrows=&#8221;off&#8221; show_pagination=&#8221;off&#8221; arrows_custom_color=&#8221;#ffffff&#8221; _builder_version=&#8221;4.4.7&#8243; background_color=&#8221;#141414&#8243; background_image=&#8221;https:\/\/johann-v-goisern.com\/\/wp-content\/uploads\/2020\/06\/Schablone_Schwarz.png&#8221; background_size=&#8221;contain&#8221; height=&#8221;800px&#8221; height_tablet=&#8221;400px&#8221; height_phone=&#8221;400px&#8221; height_last_edited=&#8221;on|desktop&#8221; custom_margin=&#8221;||||false|false&#8221; custom_padding=&#8221;||||false|false&#8221; auto=&#8221;on&#8221; auto_speed=&#8221;2500&#8243; auto_ignore_hover=&#8221;on&#8221;][et_pb_slide arrows_custom_color=&#8221;#ffffff&#8221; _builder_version=&#8221;4.4.7&#8243; background_image=&#8221;https:\/\/johann-v-goisern.com\/\/wp-content\/uploads\/2020\/06\/Brille_2_05.jpg&#8221; background_enable_image=&#8221;on&#8221; background_size=&#8221;contain&#8221;][\/et_pb_slide][et_pb_slide arrows_custom_color=&#8221;#ffffff&#8221; _builder_version=&#8221;4.4.7&#8243; background_image=&#8221;https:\/\/johann-v-goisern.com\/\/wp-content\/uploads\/2020\/06\/Brille_2_04.jpg&#8221; background_enable_image=&#8221;on&#8221; background_size=&#8221;contain&#8221;][\/et_pb_slide][et_pb_slide arrows_custom_color=&#8221;#ffffff&#8221; _builder_version=&#8221;4.4.7&#8243; background_image=&#8221;https:\/\/johann-v-goisern.com\/\/wp-content\/uploads\/2020\/06\/Brille_2_03.jpg&#8221; background_enable_image=&#8221;on&#8221; background_size=&#8221;contain&#8221;][\/et_pb_slide][et_pb_slide arrows_custom_color=&#8221;#ffffff&#8221; _builder_version=&#8221;4.4.7&#8243; background_image=&#8221;https:\/\/johann-v-goisern.com\/\/wp-content\/uploads\/2020\/06\/Brille_2_02.jpg&#8221; background_enable_image=&#8221;on&#8221; background_size=&#8221;contain&#8221;][\/et_pb_slide][et_pb_slide arrows_custom_color=&#8221;#ffffff&#8221; _builder_version=&#8221;4.4.7&#8243; background_image=&#8221;https:\/\/johann-v-goisern.com\/\/wp-content\/uploads\/2020\/06\/Brille_2_01.jpg&#8221; background_enable_image=&#8221;on&#8221; background_size=&#8221;contain&#8221;][\/et_pb_slide][\/et_pb_fullwidth_slider][\/et_pb_section][et_pb_section fb_built=&#8221;1&#8243; _builder_version=&#8221;4.4.7&#8243;][et_pb_row _builder_version=&#8221;4.4.7&#8243;][et_pb_column type=&#8221;4_4&#8243; _builder_version=&#8221;4.4.7&#8243;][et_pb_text _builder_version=&#8221;4.4.7&#8243;]Os \u00f3culos certos enquadram os olhos, como uma moldura adequada enquadra uma bela obra de arte. Como os olhos desempenham um papel central na comunica\u00e7\u00e3o interpessoal, a sua &#8220;moldura&#8221; literal tem um grande impacto na apar\u00eancia pessoal.<\/p>\n<p><strong>Com a sua imensa variedade de cores e formatos h\u00e1 definitivamente uns Johann von Goisern para cada pessoa!<\/strong>[\/et_pb_text][\/et_pb_column][\/et_pb_row][\/et_pb_section][et_pb_section fb_built=&#8221;1&#8243; fullwidth=&#8221;on&#8221; _builder_version=&#8221;4.4.7&#8243; background_color=&#8221;#141414&#8243;][et_pb_fullwidth_slider show_arrows=&#8221;off&#8221; show_pagination=&#8221;off&#8221; arrows_custom_color=&#8221;#ffffff&#8221; _builder_version=&#8221;4.4.7&#8243; background_color=&#8221;#141414&#8243; background_image=&#8221;https:\/\/johann-v-goisern.com\/\/wp-content\/uploads\/2020\/06\/Schablone_Schwarz.png&#8221; background_size=&#8221;contain&#8221; height=&#8221;800px&#8221; height_tablet=&#8221;400px&#8221; height_phone=&#8221;400px&#8221; height_last_edited=&#8221;on|desktop&#8221; custom_margin=&#8221;||||false|false&#8221; custom_padding=&#8221;||||false|false&#8221; auto=&#8221;on&#8221; auto_speed=&#8221;2500&#8243; auto_ignore_hover=&#8221;on&#8221;][et_pb_slide arrows_custom_color=&#8221;#ffffff&#8221; _builder_version=&#8221;4.4.7&#8243; background_image=&#8221;https:\/\/johann-v-goisern.com\/\/wp-content\/uploads\/2020\/06\/Brille_01-1.jpg&#8221; background_enable_image=&#8221;on&#8221; background_size=&#8221;contain&#8221;][\/et_pb_slide][et_pb_slide arrows_custom_color=&#8221;#ffffff&#8221; _builder_version=&#8221;4.4.7&#8243; background_image=&#8221;https:\/\/johann-v-goisern.com\/\/wp-content\/uploads\/2020\/06\/Brille_02.jpg&#8221; background_enable_image=&#8221;on&#8221; background_size=&#8221;contain&#8221;][\/et_pb_slide][et_pb_slide arrows_custom_color=&#8221;#ffffff&#8221; _builder_version=&#8221;4.4.7&#8243; background_image=&#8221;https:\/\/johann-v-goisern.com\/\/wp-content\/uploads\/2020\/06\/Brille_03.jpg&#8221; background_enable_image=&#8221;on&#8221; background_size=&#8221;contain&#8221;][\/et_pb_slide][et_pb_slide arrows_custom_color=&#8221;#ffffff&#8221; _builder_version=&#8221;4.4.7&#8243; background_image=&#8221;https:\/\/johann-v-goisern.com\/\/wp-content\/uploads\/2020\/06\/Brille_04.jpg&#8221; background_enable_image=&#8221;on&#8221; background_size=&#8221;contain&#8221;][\/et_pb_slide][et_pb_slide arrows_custom_color=&#8221;#ffffff&#8221; _builder_version=&#8221;4.4.7&#8243; background_image=&#8221;https:\/\/johann-v-goisern.com\/\/wp-content\/uploads\/2020\/06\/Brille_05.jpg&#8221; background_enable_image=&#8221;on&#8221; background_size=&#8221;contain&#8221;][\/et_pb_slide][\/et_pb_fullwidth_slider][\/et_pb_section][et_pb_section fb_built=&#8221;1&#8243; _builder_version=&#8221;4.4.7&#8243;][et_pb_row _builder_version=&#8221;4.4.7&#8243;][et_pb_column type=&#8221;4_4&#8243; _builder_version=&#8221;4.4.7&#8243;][et_pb_text _builder_version=&#8221;4.4.7&#8243;]Nas nossas arma\u00e7\u00f5es usamos apenas <strong>acetato de algod\u00e3o<\/strong> (ou acetato de celulose, composto por 97% de algod\u00e3o). Antes do processamento, refinamos a mat\u00e9ria-prima para criar as nossas combina\u00e7\u00f5es de cores especiais. Para isso, desenvolvemos a nossa pr\u00f3pria tecnologia, que nos permite combinar at\u00e9 20 camadas diferentes num \u00fanico bloco de cor.[\/et_pb_text][et_pb_text _builder_version=&#8221;4.4.7&#8243; background_color=&#8221;rgba(10,10,10,0.6)&#8221; background_layout=&#8221;dark&#8221; custom_margin=&#8221;60px||||false|false&#8221; custom_padding=&#8221;10px|20px|10px|20px|false|false&#8221; hover_enabled=&#8221;0&#8243; locked=&#8221;off&#8221;]<strong>Como \u00e9 que s\u00e3o criadas as combina\u00e7\u00f5es de cores da Johann von Goisern?<\/strong> Descubra a tecnologia especial que torna os nossos designs poss\u00edveis!<br \/>\n[\/et_pb_text][\/et_pb_column][\/et_pb_row][\/et_pb_section][et_pb_section fb_built=&#8221;1&#8243; _builder_version=&#8221;4.4.7&#8243; title_text=&#8221;Prod_03-Laminierung&#8221; background_image=&#8221;https:\/\/johann-v-goisern.com\/\/wp-content\/uploads\/2020\/06\/Prod_03-Laminierung-1.jpg&#8221; parallax=&#8221;on&#8221; hover_enabled=&#8221;0&#8243; min_height=&#8221;800px&#8221;][et_pb_row _builder_version=&#8221;4.4.7&#8243;][et_pb_column _builder_version=&#8221;4.4.7&#8243; type=&#8221;4_4&#8243;][et_pb_image src=&#8221;https:\/\/johann-v-goisern.com\/\/wp-content\/uploads\/2020\/06\/Technologie_Alt.png&#8221; _builder_version=&#8221;4.4.7&#8243; title_text=&#8221;Tecnologia&#8221; align=&#8221;center&#8221; hover_enabled=&#8221;0&#8243; transform_styles__hover_enabled=&#8221;on|hover&#8221; transform_scale__hover_enabled=&#8221;on|hover&#8221; transform_translate__hover_enabled=&#8221;on|desktop&#8221; transform_rotate__hover_enabled=&#8221;on|desktop&#8221; transform_skew__hover_enabled=&#8221;on|desktop&#8221; transform_origin__hover_enabled=&#8221;on|desktop&#8221; transform_scale__hover=&#8221;110%|110%&#8221; custom_css_main_element=&#8221;cursor:pointer;&#8221; height=&#8221;200px&#8221; height_last_edited=&#8221;on|phone&#8221; height_tablet=&#8221;150px&#8221; height_phone=&#8221;150px&#8221; url=&#8221;@ET-DC@eyJkeW5hbWljIjp0cnVlLCJjb250ZW50IjoicG9zdF9saW5rX3VybF9wYWdlIiwic2V0dGluZ3MiOnsicG9zdF9pZCI6IjEwOCJ9fQ==@&#8221; _dynamic_attributes=&#8221;url&#8221;][\/et_pb_image][et_pb_button button_text=&#8221;descubra a tecnologia&#8221; _builder_version=&#8221;4.4.7&#8243; button_alignment=&#8221;center&#8221; custom_button=&#8221;on&#8221; button_use_icon=&#8221;off&#8221; button_bg_color=&#8221;#cd25f7&#8243; button_bg_enable_color=&#8221;on&#8221; hover_enabled=&#8221;0&#8243; button_url=&#8221;@ET-DC@eyJkeW5hbWljIjp0cnVlLCJjb250ZW50IjoicG9zdF9saW5rX3VybF9wYWdlIiwic2V0dGluZ3MiOnsicG9zdF9pZCI6IjEwOCJ9fQ==@&#8221; _dynamic_attributes=&#8221;button_url&#8221;][\/et_pb_button][\/et_pb_column][\/et_pb_row][\/et_pb_section]<\/p>\n","protected":false},"excerpt":{"rendered":"<p>Inspira\u00e7\u00e3oOs nossos \u00f3culos vivem do seu seu design extraordin\u00e1rio. Inspirados na fauna e flora da nossa regi\u00e3o, os designs da Johann von Goisern sempre foram desenvolvidos por n\u00f3s. Cada formato e combina\u00e7\u00e3o de cores s\u00e3o escolhidos de forma cuidadosa para que cada cole\u00e7\u00e3o seja harmoniosa e ao mesmo tempo \u00fanica.Cada formato tem o seu car\u00e1cter [&hellip;]<\/p>\n","protected":false},"author":2,"featured_media":0,"parent":0,"menu_order":0,"comment_status":"closed","ping_status":"closed","template":"","meta":{"_et_pb_use_builder":"on","_et_pb_old_content":"","_et_gb_content_width":"","footnotes":""},"class_list":["post-2625","page","type-page","status-publish","hentry"],"_links":{"self":[{"href":"https:\/\/johann-v-goisern.com\/pt-pt\/wp-json\/wp\/v2\/pages\/2625","targetHints":{"allow":["GET"]}}],"collection":[{"href":"https:\/\/johann-v-goisern.com\/pt-pt\/wp-json\/wp\/v2\/pages"}],"about":[{"href":"https:\/\/johann-v-goisern.com\/pt-pt\/wp-json\/wp\/v2\/types\/page"}],"author":[{"embeddable":true,"href":"https:\/\/johann-v-goisern.com\/pt-pt\/wp-json\/wp\/v2\/users\/2"}],"replies":[{"embeddable":true,"href":"https:\/\/johann-v-goisern.com\/pt-pt\/wp-json\/wp\/v2\/comments?post=2625"}],"version-history":[{"count":0,"href":"https:\/\/johann-v-goisern.com\/pt-pt\/wp-json\/wp\/v2\/pages\/2625\/revisions"}],"wp:attachment":[{"href":"https:\/\/johann-v-goisern.com\/pt-pt\/wp-json\/wp\/v2\/media?parent=2625"}],"curies":[{"name":"wp","href":"https:\/\/api.w.org\/{rel}","templated":true}]}}