{"id":2629,"date":"2020-07-14T11:35:06","date_gmt":"2020-07-14T09:35:06","guid":{"rendered":"https:\/\/johann-v-goisern.com\/a-marca\/"},"modified":"2020-07-14T11:37:35","modified_gmt":"2020-07-14T09:37:35","slug":"a-marca","status":"publish","type":"page","link":"https:\/\/johann-v-goisern.com\/pt-pt\/a-marca\/","title":{"rendered":"A marca"},"content":{"rendered":"<p>[et_pb_section fb_built=&#8221;1&#8243; custom_padding_last_edited=&#8221;on|tablet&#8221; _builder_version=&#8221;4.4.7&#8243; background_enable_color=&#8221;off&#8221; custom_padding=&#8221;0px||||false|false&#8221; custom_padding_tablet=&#8221;||0px||false|false&#8221; custom_padding_phone=&#8221;&#8221;][et_pb_row make_equal=&#8221;on&#8221; _builder_version=&#8221;4.4.8&#8243; background_enable_color=&#8221;off&#8221; background_enable_image=&#8221;off&#8221; background_video_mp4=&#8221;https:\/\/johann-v-goisern.com\/\/wp-content\/uploads\/2020\/06\/Karte_Anim_alt.mp4&#8243; background_video_pause_outside_viewport=&#8221;off&#8221; width=&#8221;100%&#8221; width_tablet=&#8221;100%&#8221; width_phone=&#8221;&#8221; width_last_edited=&#8221;on|phone&#8221; max_width=&#8221;100%&#8221; height=&#8221;85vh&#8221; height_tablet=&#8221;50vh&#8221; height_phone=&#8221;30vh&#8221; height_last_edited=&#8221;on|phone&#8221; custom_padding=&#8221;||0px|||&#8221; custom_css_main_element=&#8221;align-items:flex-end;&#8221; locked=&#8221;off&#8221;][et_pb_column type=&#8221;4_4&#8243; _builder_version=&#8221;4.4.7&#8243;][\/et_pb_column][\/et_pb_row][et_pb_row _builder_version=&#8221;4.4.7&#8243; custom_padding=&#8221;0px||0px|||&#8221; locked=&#8221;off&#8221;][et_pb_column type=&#8221;4_4&#8243; _builder_version=&#8221;4.4.7&#8243;][et_pb_image src=&#8221;https:\/\/johann-v-goisern.com\/\/wp-content\/uploads\/2020\/06\/logo_map.png&#8221; title_text=&#8221;logo_map&#8221; align=&#8221;center&#8221; _builder_version=&#8221;4.4.7&#8243; background_image=&#8221;https:\/\/johann-v-goisern.com\/\/wp-content\/uploads\/2020\/06\/flag_black.png&#8221; background_size=&#8221;contain&#8221; max_width=&#8221;1080px&#8221; custom_margin=&#8221;-45px||||false|false&#8221; custom_margin_tablet=&#8221;&#8221; custom_margin_phone=&#8221;-20px||||false|false&#8221; custom_margin_last_edited=&#8221;on|desktop&#8221; locked=&#8221;off&#8221;][\/et_pb_image][\/et_pb_column][\/et_pb_row][\/et_pb_section][et_pb_section fb_built=&#8221;1&#8243; _builder_version=&#8221;4.4.7&#8243; custom_padding=&#8221;0px||0px|||&#8221;][et_pb_row column_structure=&#8221;3_4,1_4&#8243; _builder_version=&#8221;4.4.7&#8243;][et_pb_column type=&#8221;3_4&#8243; _builder_version=&#8221;4.4.7&#8243;][et_pb_text _builder_version=&#8221;4.4.7&#8243;]&#8221;Johann von Goisern&#8221; combina o primeiro nome de <strong>Johann<\/strong> Pomberger, o fundador criativo da marca, e a localiza\u00e7\u00e3o da nossa f\u00e1brica, em Bad Goisern. Coloquialmente, apenas a chamamos de <strong>&#8220;Goisern&#8221;.<\/strong>[\/et_pb_text][et_pb_text _builder_version=&#8221;4.4.7&#8243;]O Johann (von Goisern) &#8220;real&#8221; nasceu em Bad Goisern em 1937 e esta a regi\u00e3o e as suas pessoas estiveram muito pr\u00f3ximas do seu cora\u00e7\u00e3o. A sua carreira profissional levou-o a estar repetidamente em contacto com a \u00f3tica. Em <strong>1984<\/strong> ele finalmente montou o seu pr\u00f3prio neg\u00f3cio na \u201cmanufatura e altera\u00e7\u00e3o de arma\u00e7\u00f5es oculares\u201d. O neg\u00f3cio familiar que ele fundou \u00e9 agora gerido pela terceira gera\u00e7\u00e3o e continua a operar desde Bad Goisern, tornando esse um dos valores centrais da empresa.[\/et_pb_text][et_pb_text _builder_version=&#8221;4.4.7&#8243;]Eyewear moderno e de alta qualidade n\u00e3o precisa de ser enfadonho &#8211; e Johann tinha a certeza disso. E tamb\u00e9m pode ser produzido na \u00c1ustria. Estas tr\u00eas caracter\u00edsticas &#8211; excelente <strong>qualidade<\/strong>, <strong>design<\/strong> excecional e a <strong>localiza\u00e7\u00e3o <\/strong>em Bad Goisern &#8211; ainda fazem das arma\u00e7\u00f5es Johann von Goisern o que elas s\u00e3o hoje.[\/et_pb_text][\/et_pb_column][et_pb_column type=&#8221;1_4&#8243; _builder_version=&#8221;4.4.7&#8243;][et_pb_image src=&#8221;https:\/\/johann-v-goisern.com\/\/wp-content\/uploads\/2020\/06\/johann_pomberger.jpg&#8221; title_text=&#8221;johann_pomberger&#8221; align=&#8221;center&#8221; _builder_version=&#8221;4.4.7&#8243; max_height=&#8221;300px&#8221;][\/et_pb_image][et_pb_text _builder_version=&#8221;4.4.7&#8243; text_text_color=&#8221;rgba(0,0,0,0.33)&#8221; text_orientation=&#8221;center&#8221; custom_margin=&#8221;-30px||||false|false&#8221;]Johann Pomberger[\/et_pb_text][\/et_pb_column][\/et_pb_row][et_pb_row _builder_version=&#8221;4.4.7&#8243; background_color=&#8221;#000000&#8243; width=&#8221;100%&#8221; max_width=&#8221;100%&#8221;][et_pb_column type=&#8221;4_4&#8243; _builder_version=&#8221;4.4.7&#8243;][et_pb_video src=&#8221;https:\/\/www.youtube.com\/watch?v=CFq-t2gKJFU&#8221; thumbnail_overlay_color=&#8221;rgba(0,0,0,0.6)&#8221; _builder_version=&#8221;4.4.7&#8243; width=&#8221;80%&#8221; width_tablet=&#8221;&#8221; width_phone=&#8221;100%&#8221; width_last_edited=&#8221;on|phone&#8221; max_width=&#8221;1080px&#8221; max_width_tablet=&#8221;&#8221; max_width_phone=&#8221;100%&#8221; max_width_last_edited=&#8221;on|phone&#8221; module_alignment=&#8221;center&#8221;][\/et_pb_video][\/et_pb_column][\/et_pb_row][\/et_pb_section][et_pb_section fb_built=&#8221;1&#8243; _builder_version=&#8221;4.4.7&#8243; custom_padding=&#8221;||0px|||&#8221;][et_pb_row _builder_version=&#8221;4.4.7&#8243;][et_pb_column type=&#8221;4_4&#8243; _builder_version=&#8221;4.4.7&#8243;][et_pb_text _builder_version=&#8221;4.4.7&#8243;]Apesar de a ideia para a Johann von Goisern ter surgido no final dos anos 80 e os designs originais terem sido produzidos pouco tempo depois, a empresa POMBERGER Goisern ainda produziu para outras marcas por mais de 25 anos. Em 2010 foi tomada a decis\u00e3o de usar a inteira produ\u00e7\u00e3o exclusivamente para a Johann von Goisern.[\/et_pb_text][et_pb_text _builder_version=&#8221;4.4.7&#8243;]Apesar dos riscos associados, a recompensa chegou pouco tempo depois: a Johann von Goisern alcan\u00e7ou aprova\u00e7\u00e3o, n\u00e3o apenas na \u00c1ustria, mas tamb\u00e9m internacionalmente. Entretanto, o nome da marca tornou-se globalmente sin\u00f3nimo de uma cole\u00e7\u00e3o moderna e colorida desde Bad Goisern, na \u00c1ustria.[\/et_pb_text][et_pb_text _builder_version=&#8221;4.4.7&#8243; background_color=&#8221;rgba(10,10,10,0.6)&#8221; background_layout=&#8221;dark&#8221; custom_margin=&#8221;60px||||false|false&#8221; custom_padding=&#8221;10px|20px|10px|20px|false|false&#8221;]<strong>O que torna a Johann von Goisern especial?<\/strong> Descubra a nossa inspira\u00e7\u00e3o e abordagem ao design, a tecnologia especial que possibilita os nossos projetos e a jornada que os nossos \u00f3culos percorrem antes de chegarem ao seu alegre dono.[\/et_pb_text][\/et_pb_column][\/et_pb_row][\/et_pb_section][et_pb_section fb_built=&#8221;1&#8243; custom_padding_last_edited=&#8221;on|phone&#8221; _builder_version=&#8221;4.4.7&#8243; custom_padding=&#8221;20px||||false|false&#8221; custom_padding_tablet=&#8221;&#8221; custom_padding_phone=&#8221;0px||||false|false&#8221;][et_pb_row column_structure=&#8221;1_3,1_3,1_3&#8243; _builder_version=&#8221;4.4.7&#8243; custom_padding=&#8221;0px|||||&#8221;][et_pb_column type=&#8221;1_3&#8243; _builder_version=&#8221;4.4.7&#8243;][et_pb_image src=&#8221;https:\/\/johann-v-goisern.com\/\/wp-content\/uploads\/2020\/06\/Inspiration.png&#8221; url=&#8221;@ET-DC@eyJkeW5hbWljIjp0cnVlLCJjb250ZW50IjoicG9zdF9saW5rX3VybF9wYWdlIiwic2V0dGluZ3MiOnsicG9zdF9pZCI6IjEwNSJ9fQ==@&#8221; align=&#8221;center&#8221; _builder_version=&#8221;4.4.7&#8243; _dynamic_attributes=&#8221;url&#8221; transform_scale_last_edited=&#8221;off|desktop&#8221; transform_translate_last_edited=&#8221;off|desktop&#8221; transform_rotate_last_edited=&#8221;off|desktop&#8221; transform_skew_last_edited=&#8221;off|desktop&#8221; transform_origin_last_edited=&#8221;off|desktop&#8221; transform_styles_last_edited=&#8221;off|desktop&#8221; max_height=&#8221;200px&#8221; max_height_tablet=&#8221;200px&#8221; max_height_phone=&#8221;150px&#8221; max_height_last_edited=&#8221;on|phone&#8221; custom_css_main_element=&#8221;cursor: pointer;&#8221; transform_styles__hover_enabled=&#8221;on|hover&#8221; transform_scale__hover_enabled=&#8221;on|hover&#8221; transform_translate__hover_enabled=&#8221;on|desktop&#8221; transform_rotate__hover_enabled=&#8221;on|desktop&#8221; transform_skew__hover_enabled=&#8221;on|desktop&#8221; transform_origin__hover_enabled=&#8221;on|desktop&#8221; transform_scale__hover=&#8221;110%|110%&#8221;][\/et_pb_image][et_pb_button button_url=&#8221;@ET-DC@eyJkeW5hbWljIjp0cnVlLCJjb250ZW50IjoicG9zdF9saW5rX3VybF9wYWdlIiwic2V0dGluZ3MiOnsicG9zdF9pZCI6IjEwNSJ9fQ==@&#8221; button_text=&#8221;mergulhe na nossa criatividade&#8221; button_alignment=&#8221;center&#8221; _builder_version=&#8221;4.4.7&#8243; _dynamic_attributes=&#8221;button_url&#8221; custom_button=&#8221;on&#8221; button_bg_color=&#8221;#2caa13&#8243; button_use_icon=&#8221;off&#8221;][\/et_pb_button][\/et_pb_column][et_pb_column type=&#8221;1_3&#8243; _builder_version=&#8221;4.4.7&#8243;][et_pb_image src=&#8221;https:\/\/johann-v-goisern.com\/\/wp-content\/uploads\/2020\/06\/Technologie_Alt.png&#8221; title_text=&#8221;Tecnologia&#8221; url=&#8221;@ET-DC@eyJkeW5hbWljIjp0cnVlLCJjb250ZW50IjoicG9zdF9saW5rX3VybF9wYWdlIiwic2V0dGluZ3MiOnsicG9zdF9pZCI6IjEwOCJ9fQ==@&#8221; align=&#8221;center&#8221; _builder_version=&#8221;4.4.7&#8243; _dynamic_attributes=&#8221;url&#8221; transform_scale_last_edited=&#8221;off|desktop&#8221; transform_translate_last_edited=&#8221;off|desktop&#8221; transform_rotate_last_edited=&#8221;off|desktop&#8221; transform_skew_last_edited=&#8221;off|desktop&#8221; transform_origin_last_edited=&#8221;off|desktop&#8221; transform_styles_last_edited=&#8221;off|desktop&#8221; max_height=&#8221;200px&#8221; max_height_tablet=&#8221;200px&#8221; max_height_phone=&#8221;150px&#8221; max_height_last_edited=&#8221;on|phone&#8221; custom_css_main_element=&#8221;cursor: pointer;&#8221; transform_styles__hover_enabled=&#8221;on|hover&#8221; transform_scale__hover_enabled=&#8221;on|hover&#8221; transform_translate__hover_enabled=&#8221;on|desktop&#8221; transform_rotate__hover_enabled=&#8221;on|desktop&#8221; transform_skew__hover_enabled=&#8221;on|desktop&#8221; transform_origin__hover_enabled=&#8221;on|desktop&#8221; transform_scale__hover=&#8221;110%|110%&#8221;][\/et_pb_image][et_pb_button button_url=&#8221;@ET-DC@eyJkeW5hbWljIjp0cnVlLCJjb250ZW50IjoicG9zdF9saW5rX3VybF9wYWdlIiwic2V0dGluZ3MiOnsicG9zdF9pZCI6IjEwOCJ9fQ==@&#8221; button_text=&#8221;descubra a tecnologia&#8221; button_alignment=&#8221;center&#8221; _builder_version=&#8221;4.4.7&#8243; _dynamic_attributes=&#8221;button_url&#8221; custom_button=&#8221;on&#8221; button_bg_color=&#8221;#d350c8&#8243; button_use_icon=&#8221;off&#8221;][\/et_pb_button][\/et_pb_column][et_pb_column type=&#8221;1_3&#8243; _builder_version=&#8221;4.4.7&#8243;][et_pb_image src=&#8221;https:\/\/johann-v-goisern.com\/\/wp-content\/uploads\/2020\/06\/Reise.png&#8221; title_text=&#8221;Jornada&#8221; url=&#8221;@ET-DC@eyJkeW5hbWljIjp0cnVlLCJjb250ZW50IjoicG9zdF9saW5rX3VybF9wYWdlIiwic2V0dGluZ3MiOnsicG9zdF9pZCI6IjExMyJ9fQ==@&#8221; align=&#8221;center&#8221; _builder_version=&#8221;4.4.7&#8243; _dynamic_attributes=&#8221;url&#8221; transform_scale_last_edited=&#8221;off|desktop&#8221; transform_translate_last_edited=&#8221;off|desktop&#8221; transform_rotate_last_edited=&#8221;off|desktop&#8221; transform_skew_last_edited=&#8221;off|desktop&#8221; transform_origin_last_edited=&#8221;off|desktop&#8221; transform_styles_last_edited=&#8221;off|desktop&#8221; max_height=&#8221;200px&#8221; max_height_tablet=&#8221;200px&#8221; max_height_phone=&#8221;150px&#8221; max_height_last_edited=&#8221;on|phone&#8221; custom_css_main_element=&#8221;cursor: pointer;&#8221; transform_styles__hover_enabled=&#8221;on|hover&#8221; transform_scale__hover_enabled=&#8221;on|hover&#8221; transform_translate__hover_enabled=&#8221;on|desktop&#8221; transform_rotate__hover_enabled=&#8221;on|desktop&#8221; transform_skew__hover_enabled=&#8221;on|desktop&#8221; transform_origin__hover_enabled=&#8221;on|desktop&#8221; transform_scale__hover=&#8221;110%|110%&#8221;][\/et_pb_image][et_pb_button button_url=&#8221;@ET-DC@eyJkeW5hbWljIjp0cnVlLCJjb250ZW50IjoicG9zdF9saW5rX3VybF9wYWdlIiwic2V0dGluZ3MiOnsicG9zdF9pZCI6IjExMyJ9fQ==@&#8221; button_text=&#8221;comece a jornada&#8221; button_alignment=&#8221;center&#8221; _builder_version=&#8221;4.4.7&#8243; _dynamic_attributes=&#8221;button_url&#8221; custom_button=&#8221;on&#8221; button_bg_color=&#8221;#0c71c3&#8243; button_use_icon=&#8221;off&#8221;][\/et_pb_button][\/et_pb_column][\/et_pb_row][\/et_pb_section]<\/p>\n","protected":false},"excerpt":{"rendered":"<p>&#8220;Johann von Goisern&#8221; combina o primeiro nome de Johann Pomberger, o fundador criativo da marca, e a localiza\u00e7\u00e3o da nossa f\u00e1brica, em Bad Goisern. Coloquialmente, apenas a chamamos de &#8220;Goisern&#8221;.O Johann (von Goisern) &#8220;real&#8221; nasceu em Bad Goisern em 1937 e esta a regi\u00e3o e as suas pessoas estiveram muito pr\u00f3ximas do seu cora\u00e7\u00e3o. A [&hellip;]<\/p>\n","protected":false},"author":2,"featured_media":0,"parent":0,"menu_order":0,"comment_status":"closed","ping_status":"closed","template":"","meta":{"_et_pb_use_builder":"on","_et_pb_old_content":"","_et_gb_content_width":"","footnotes":""},"class_list":["post-2629","page","type-page","status-publish","hentry"],"_links":{"self":[{"href":"https:\/\/johann-v-goisern.com\/pt-pt\/wp-json\/wp\/v2\/pages\/2629","targetHints":{"allow":["GET"]}}],"collection":[{"href":"https:\/\/johann-v-goisern.com\/pt-pt\/wp-json\/wp\/v2\/pages"}],"about":[{"href":"https:\/\/johann-v-goisern.com\/pt-pt\/wp-json\/wp\/v2\/types\/page"}],"author":[{"embeddable":true,"href":"https:\/\/johann-v-goisern.com\/pt-pt\/wp-json\/wp\/v2\/users\/2"}],"replies":[{"embeddable":true,"href":"https:\/\/johann-v-goisern.com\/pt-pt\/wp-json\/wp\/v2\/comments?post=2629"}],"version-history":[{"count":0,"href":"https:\/\/johann-v-goisern.com\/pt-pt\/wp-json\/wp\/v2\/pages\/2629\/revisions"}],"wp:attachment":[{"href":"https:\/\/johann-v-goisern.com\/pt-pt\/wp-json\/wp\/v2\/media?parent=2629"}],"curies":[{"name":"wp","href":"https:\/\/api.w.org\/{rel}","templated":true}]}}