{"id":2677,"date":"2020-07-14T14:44:30","date_gmt":"2020-07-14T12:44:30","guid":{"rendered":"https:\/\/johann-v-goisern.com\/clube-jvg\/"},"modified":"2020-07-14T14:44:39","modified_gmt":"2020-07-14T12:44:39","slug":"clube-jvg","status":"publish","type":"page","link":"https:\/\/johann-v-goisern.com\/pt-pt\/clube-jvg\/","title":{"rendered":"Clube JvG"},"content":{"rendered":"<p>[et_pb_section fb_built=&#8221;1&#8243; _builder_version=&#8221;4.4.7&#8243; min_height=&#8221;194px&#8221;][et_pb_row column_structure=&#8221;1_2,1_2&#8243; _builder_version=&#8221;4.4.7&#8243;][et_pb_column type=&#8221;1_2&#8243; _builder_version=&#8221;4.4.7&#8243;][et_pb_text _builder_version=&#8221;4.4.7&#8243;]<\/p>\n<h1 style=\"text-align: justify\">QUEM USA UNS JOHANN VON GOISERN, OUSA SER DIFERENTE<\/h1>\n<p>[\/et_pb_text][\/et_pb_column][et_pb_column type=&#8221;1_2&#8243; _builder_version=&#8221;4.4.7&#8243;][et_pb_text _builder_version=&#8221;4.4.7&#8243;]Qualquer propriet\u00e1rio de uns Johann von Goisern est\u00e1 entusiasmado com os \u00f3culos, o design e a qualidade, al\u00e9m da hist\u00f3ria que se desenrola por tr\u00e1s de cada par de \u00f3culos JvG. Para manter vivo esse entusiasmo, cri\u00e1mos um clube dedicado aos propriet\u00e1rios de uns JvG. A entrada no clube \u00e9 gratuita, o \u00fanico requisito \u00e9 ser o propriet\u00e1rio de uns Johann von Goisern originais e inserir o n\u00famero do cart\u00e3o de certifica\u00e7\u00e3o correspondente.[\/et_pb_text][\/et_pb_column][\/et_pb_row][\/et_pb_section][et_pb_section fb_built=&#8221;1&#8243; _builder_version=&#8221;4.4.7&#8243; background_image=&#8221;https:\/\/johann-v-goisern.com\/\/wp-content\/uploads\/2020\/06\/Lichttest_Schmall.gif&#8221; background_size=&#8221;contain&#8221; background_repeat=&#8221;repeat-x&#8221; custom_padding=&#8221;0px||0px|||&#8221;][et_pb_row _builder_version=&#8221;4.4.7&#8243; custom_margin=&#8221;0px||0px||false|false&#8221; custom_padding=&#8221;10px||10px||false|false&#8221;][et_pb_column type=&#8221;4_4&#8243; _builder_version=&#8221;4.4.7&#8243;][et_pb_image src=&#8221;https:\/\/johann-v-goisern.com\/\/wp-content\/uploads\/2020\/06\/JvG-Club.png&#8221; title_text=&#8221;JvG Club&#8221; url=&#8221;https:\/\/www.jvg.club\/&#8221; url_new_window=&#8221;on&#8221; align=&#8221;center&#8221; _builder_version=&#8221;4.4.7&#8243; max_height=&#8221;200px&#8221; custom_margin=&#8221;0px|0px|0px|0px|false|false&#8221; custom_padding=&#8221;0px|0px|0px|0px|false|false&#8221; transform_styles__hover_enabled=&#8221;on|hover&#8221; transform_scale__hover_enabled=&#8221;on|hover&#8221; transform_translate__hover_enabled=&#8221;on|desktop&#8221; transform_rotate__hover_enabled=&#8221;on|desktop&#8221; transform_skew__hover_enabled=&#8221;on|desktop&#8221; transform_origin__hover_enabled=&#8221;on|desktop&#8221; transform_scale__hover=&#8221;110%|110%&#8221;][\/et_pb_image][\/et_pb_column][\/et_pb_row][\/et_pb_section][et_pb_section fb_built=&#8221;1&#8243; _builder_version=&#8221;4.4.7&#8243; min_height=&#8221;39px&#8221;][et_pb_row _builder_version=&#8221;4.4.7&#8243; custom_padding=&#8221;0px||0px|||&#8221;][et_pb_column type=&#8221;4_4&#8243; _builder_version=&#8221;4.4.7&#8243;][et_pb_text _builder_version=&#8221;4.4.7&#8243; custom_padding=&#8221;||0px|||&#8221;]<\/p>\n<h1><span style=\"color: #999999\">COMO MEMBRO DO CLUBE TEM AS SEGUINTES VANTAGENS:<\/span><\/h1>\n<ul>\n<li>Um pacote de &#8220;boas-vindas&#8221; especial (inclui cart\u00e3o de membro, uma surpresa de chocolate, e outros presentes)<\/li>\n<li>Informa\u00e7\u00e3o exclusiva, como descri\u00e7\u00f5es, fotografias, v\u00eddeos sobre a produ\u00e7\u00e3o dos \u00f3culos Johann von Goisern<\/li>\n<li>Uma vis\u00e3o detalhada de todos os modelos e cores (vis\u00e3o de 360\u00b0, imagens de alta resolu\u00e7\u00e3o e todos os detalhes t\u00e9cnicos)<\/li>\n<li>Produtos do Clube JvG exclusivos (acess\u00f3rios, T-shirts, etc.)<\/li>\n<li>Sorteios de presentes e sorteios em intervalos regulares<\/li>\n<\/ul>\n<p>&#8230; e muito mais![\/et_pb_text][\/et_pb_column][\/et_pb_row][\/et_pb_section][et_pb_section fb_built=&#8221;1&#8243; _builder_version=&#8221;4.4.7&#8243; custom_margin=&#8221;||-87px|||&#8221;][et_pb_row _builder_version=&#8221;4.4.7&#8243; custom_margin=&#8221;-52px|auto||auto||&#8221;][et_pb_column type=&#8221;4_4&#8243; _builder_version=&#8221;4.4.7&#8243;][et_pb_image src=&#8221;https:\/\/johann-v-goisern.com\/\/wp-content\/uploads\/2020\/06\/Club_Wimpel_Alt.png&#8221; align=&#8221;center&#8221; _builder_version=&#8221;4.4.7&#8243; custom_margin=&#8221;||8px|||&#8221; custom_padding=&#8221;||0px|||&#8221;][\/et_pb_image][et_pb_text _builder_version=&#8221;4.4.7&#8243; custom_padding=&#8221;0px||17px|||&#8221; transform_styles__hover_enabled=&#8221;on|desktop&#8221; transform_scale__hover_enabled=&#8221;on|desktop&#8221; transform_translate__hover_enabled=&#8221;on|desktop&#8221; transform_rotate__hover_enabled=&#8221;on|desktop&#8221; transform_skew__hover_enabled=&#8221;on|desktop&#8221; transform_origin__hover_enabled=&#8221;on|desktop&#8221;]<\/p>\n<p style=\"text-align: center\"><a title=\"JvG Club\" href=\"https:\/\/www.jvg.club\" target=\"_blank\" rel=\"noopener noreferrer\">Para a p\u00e1gina do Clube JvG<\/a><\/p>\n<p>[\/et_pb_text][\/et_pb_column][\/et_pb_row][\/et_pb_section][et_pb_section fb_built=&#8221;1&#8243; _builder_version=&#8221;4.4.7&#8243;][et_pb_row _builder_version=&#8221;4.4.7&#8243; min_height=&#8221;47px&#8221;][et_pb_column type=&#8221;4_4&#8243; _builder_version=&#8221;4.4.7&#8243;][et_pb_text _builder_version=&#8221;4.4.7&#8243; header_font=&#8221;|||on|||||&#8221;]<\/p>\n<h1><span style=\"color: #999999\">Quest\u00f5es frequentes<\/span><\/h1>\n<p>[\/et_pb_text][\/et_pb_column][\/et_pb_row][et_pb_row _builder_version=&#8221;4.4.7&#8243;][et_pb_column type=&#8221;4_4&#8243; _builder_version=&#8221;4.4.7&#8243;][et_pb_toggle title=&#8221;O QUE \u00c9 O CLUBE %22JOHANN VON GOISERN%22?&#8221; _builder_version=&#8221;4.4.7&#8243; min_height=&#8221;31px&#8221;]O Clube JvG \u00e9 uma Plataforma na internet que est\u00e1 acess\u00edvel atrav\u00e9s do seguinte endere\u00e7o: www.jvg.club. Apenas os propriet\u00e1rios de \u00f3culos JvG podem tornar-se membros. Cada membro do clube recebe informa\u00e7\u00e3o exclusiva sobre os \u00f3culos JvG e uma variedade de benef\u00edcios. Adicionalmente, cada membro recebe um n\u00edvel VIP no Clube JvG, que estar\u00e1 dependente do n\u00famero de arma\u00e7\u00f5es adquiridas.[\/et_pb_toggle][\/et_pb_column][\/et_pb_row][et_pb_row _builder_version=&#8221;4.4.7&#8243;][et_pb_column type=&#8221;4_4&#8243; _builder_version=&#8221;4.4.7&#8243;][et_pb_toggle title=&#8221;COMO \u00c9 QUE POSSO TER UM N\u00cdVEL VIP MAIOR?&#8221; _builder_version=&#8221;4.4.7&#8243;]Com cada arma\u00e7\u00e3o JvG adquirida receber\u00e1 um Cart\u00e3o de Certifica\u00e7\u00e3o. Assim que registar o n\u00famero do seu novo Cart\u00e3o de Certifica\u00e7\u00e3o em www.jvg.club, vamos aumentar o seu n\u00edvel VIP. Quanto mais Cart\u00f5es de Certifica\u00e7\u00e3o registar, maior ser\u00e1 o seu n\u00edvel VIP.[\/et_pb_toggle][\/et_pb_column][\/et_pb_row][et_pb_row _builder_version=&#8221;4.4.7&#8243;][et_pb_column type=&#8221;4_4&#8243; _builder_version=&#8221;4.4.7&#8243;][et_pb_toggle title=&#8221;QUE VANTAGENS ME AGUARDAM NO CLUBE?&#8221; _builder_version=&#8221;4.4.7&#8243;]<\/p>\n<p style=\"text-align: justify\">Cada membro do clube tem acesso \u00e0 \u00e1rea reservada em <a href=\"http:\/\/www.jvg.club\/\">www.jvg.club<\/a>. Dependendo do seu n\u00edvel VIP, cada membro recebe um desconto exclusivo em todos os artigos dedicados aos f\u00e3s da JvG (T-shirts, mostru\u00e1rios, etc.). S\u00e3o sorteados pr\u00e9mios de forma regular entre todos os Cart\u00f5es de Certifica\u00e7\u00e3o registados. Informa\u00e7\u00e3o atualizada \u00e9 enviada algumas vezes por ano atrav\u00e9s de uma newsletter exclusiva.<\/p>\n<p>[\/et_pb_toggle][\/et_pb_column][\/et_pb_row][et_pb_row _builder_version=&#8221;4.4.7&#8243;][et_pb_column type=&#8221;4_4&#8243; _builder_version=&#8221;4.4.7&#8243;][et_pb_toggle title=&#8221;COMO POSSO TORNAR-ME MEMBRO DO CLUBE?&#8221; _builder_version=&#8221;4.4.7&#8243;]<\/p>\n<p style=\"text-align: justify\">Por se registar em <a href=\"http:\/\/www.jvg.club\/\">www.jvg.club<\/a> com o seu primeiro Cart\u00e3o de Certifica\u00e7\u00e3o.<\/p>\n<p>[\/et_pb_toggle][\/et_pb_column][\/et_pb_row][et_pb_row _builder_version=&#8221;4.4.7&#8243;][et_pb_column type=&#8221;4_4&#8243; _builder_version=&#8221;4.4.7&#8243;][et_pb_toggle title=&#8221;TENHO \u00d3CULOS JVG MAS N\u00c3O TENHO UM CART\u00c3O DE CERTIFICA\u00c7\u00c3O! O QUE POSSO FAZER?&#8221; _builder_version=&#8221;4.4.7&#8243;]<\/p>\n<p style=\"text-align: justify\">Cada propriet\u00e1rio de \u00f3culos JvG tem direito a um Cart\u00e3o de Certifica\u00e7\u00e3o. Se os seus \u00f3culos n\u00e3o tiverem sido acompanhados pelo Cart\u00e3o de Certifica\u00e7\u00e3o, n\u00e3o h\u00e1 problema. Poder\u00e1 solicitar um Cart\u00e3o de Certifica\u00e7\u00e3o em <a href=\"http:\/\/www.jvg.club\/home\/requestCard\">www.jvg.club\/home\/requestCard.<\/a> Iremos enviar-lhe o cart\u00e3o juntamente com o seu pacote de boas-vindas!<\/p>\n<p>[\/et_pb_toggle][\/et_pb_column][\/et_pb_row][et_pb_row _builder_version=&#8221;4.4.7&#8243;][et_pb_column type=&#8221;4_4&#8243; _builder_version=&#8221;4.4.7&#8243;][et_pb_toggle title=&#8221;O QUE ACONTECE COM OS MEUS DADOS PESSOAIS?&#8221; _builder_version=&#8221;4.4.7&#8243; hover_enabled=&#8221;0&#8243;]Para lhe enviarmos o pacote de boas-vindas iremos criar uma conta pessoal com o endere\u00e7o que nos indicar. Este ser\u00e1 transmitido \u00e0 transportadora (por exemplo, CTT, DPD, etc.) para que possa receber a sua encomenda. Al\u00e9m disto, os seus dados n\u00e3o ser\u00e3o passados a terceiros. Ao registar-se no Clube, assumimos que tamb\u00e9m pretende receber a nossa newsletter. Para isso necessitamos do seu endere\u00e7o de e-mail. Mas poder\u00e1 cancelar a subscri\u00e7\u00e3o da newsletter a qualquer momento. Poder\u00e1 encontrar mais informa\u00e7\u00e3o sobre a prote\u00e7\u00e3o de dados na entrada do menu com o mesmo nome.<br \/>\n[\/et_pb_toggle][\/et_pb_column][\/et_pb_row][et_pb_row _builder_version=&#8221;4.4.7&#8243;][et_pb_column type=&#8221;4_4&#8243; _builder_version=&#8221;4.4.7&#8243;][et_pb_toggle title=&#8221;SER MEMBRO DO CLUBE TEM ALGUM CUSTO ASSOCIADO?&#8221; _builder_version=&#8221;4.4.7&#8243;]N\u00e3o, ser membro do clube \u00e9 absolutamente gratuito.[\/et_pb_toggle][\/et_pb_column][\/et_pb_row][et_pb_row _builder_version=&#8221;4.4.7&#8243;][et_pb_column type=&#8221;4_4&#8243; _builder_version=&#8221;4.4.7&#8243;][et_pb_toggle title=&#8221;QUANDO RECEBEREI O MEU CART\u00c3O PESSOAL DE MEMBRO DO CLUBE?&#8221; _builder_version=&#8221;4.4.7&#8243;]Assim que adquirir o seu primeiro par de \u00f3culos JvG poder\u00e1 registar-se para se tornar membro do clube com o respetivo Cart\u00e3o de Certifica\u00e7\u00e3o.[\/et_pb_toggle][\/et_pb_column][\/et_pb_row][\/et_pb_section]<\/p>\n","protected":false},"excerpt":{"rendered":"<p>QUEM USA UNS JOHANN VON GOISERN, OUSA SER DIFERENTEQualquer propriet\u00e1rio de uns Johann von Goisern est\u00e1 entusiasmado com os \u00f3culos, o design e a qualidade, al\u00e9m da hist\u00f3ria que se desenrola por tr\u00e1s de cada par de \u00f3culos JvG. Para manter vivo esse entusiasmo, cri\u00e1mos um clube dedicado aos propriet\u00e1rios de uns JvG. A entrada [&hellip;]<\/p>\n","protected":false},"author":2,"featured_media":0,"parent":0,"menu_order":0,"comment_status":"closed","ping_status":"closed","template":"","meta":{"_et_pb_use_builder":"on","_et_pb_old_content":"","_et_gb_content_width":"","footnotes":""},"class_list":["post-2677","page","type-page","status-publish","hentry"],"_links":{"self":[{"href":"https:\/\/johann-v-goisern.com\/pt-pt\/wp-json\/wp\/v2\/pages\/2677","targetHints":{"allow":["GET"]}}],"collection":[{"href":"https:\/\/johann-v-goisern.com\/pt-pt\/wp-json\/wp\/v2\/pages"}],"about":[{"href":"https:\/\/johann-v-goisern.com\/pt-pt\/wp-json\/wp\/v2\/types\/page"}],"author":[{"embeddable":true,"href":"https:\/\/johann-v-goisern.com\/pt-pt\/wp-json\/wp\/v2\/users\/2"}],"replies":[{"embeddable":true,"href":"https:\/\/johann-v-goisern.com\/pt-pt\/wp-json\/wp\/v2\/comments?post=2677"}],"version-history":[{"count":0,"href":"https:\/\/johann-v-goisern.com\/pt-pt\/wp-json\/wp\/v2\/pages\/2677\/revisions"}],"wp:attachment":[{"href":"https:\/\/johann-v-goisern.com\/pt-pt\/wp-json\/wp\/v2\/media?parent=2677"}],"curies":[{"name":"wp","href":"https:\/\/api.w.org\/{rel}","templated":true}]}}