{"id":2689,"date":"2020-07-15T00:49:58","date_gmt":"2020-07-14T22:49:58","guid":{"rendered":"https:\/\/johann-v-goisern.com\/johann-von-goisern\/"},"modified":"2025-09-04T13:02:43","modified_gmt":"2025-09-04T12:02:43","slug":"johann-von-goisern","status":"publish","type":"page","link":"https:\/\/johann-v-goisern.com\/pt-pt\/johann-von-goisern\/","title":{"rendered":"Johann von Goisern"},"content":{"rendered":"<p>[et_pb_section fb_built=&#8221;1&#8243; _builder_version=&#8221;4.16&#8243; background_color=&#8221;#262626&#8243; custom_padding=&#8221;0px|||||&#8221; global_colors_info=&#8221;{}&#8221;][et_pb_row make_equal=&#8221;on&#8221; _builder_version=&#8221;4.16&#8243; background_enable_color=&#8221;off&#8221; background_image=&#8221;https:\/\/johann-v-goisern.com\/\/wp-content\/uploads\/2020\/06\/Kollektion_Adult.jpg&#8221; width=&#8221;100%&#8221; width_tablet=&#8221;100%&#8221; width_phone=&#8221;&#8221; width_last_edited=&#8221;on|phone&#8221; max_width=&#8221;100%&#8221; height=&#8221;500px&#8221; height_tablet=&#8221;150px&#8221; height_phone=&#8221;150px&#8221; height_last_edited=&#8221;on|phone&#8221; custom_padding=&#8221;||0px|||&#8221; global_colors_info=&#8221;{}&#8221;][et_pb_column type=&#8221;4_4&#8243; _builder_version=&#8221;4.16&#8243; global_colors_info=&#8221;{}&#8221;][\/et_pb_column][\/et_pb_row][et_pb_row _builder_version=&#8221;4.16&#8243; custom_padding=&#8221;0px||0px|||&#8221; global_colors_info=&#8221;{}&#8221;][et_pb_column type=&#8221;4_4&#8243; _builder_version=&#8221;4.16&#8243; global_colors_info=&#8221;{}&#8221;][et_pb_text _builder_version=&#8221;4.16&#8243; header_font=&#8221;Allura|700|||||||&#8221; header_text_align=&#8221;center&#8221; header_text_color=&#8221;#ffffff&#8221; header_font_size=&#8221;5em&#8221; background_image=&#8221;https:\/\/johann-v-goisern.com\/\/wp-content\/uploads\/2020\/06\/flag_blue.png&#8221; background_size=&#8221;contain&#8221; custom_margin=&#8221;-45px||||false|false&#8221; custom_margin_tablet=&#8221;||||false|false&#8221; custom_margin_phone=&#8221;-20px||||false|false&#8221; custom_margin_last_edited=&#8221;on|phone&#8221; header_font_size_tablet=&#8221;3em&#8221; header_font_size_phone=&#8221;2em&#8221; header_font_size_last_edited=&#8221;on|phone&#8221; header_text_shadow_style=&#8221;preset2&#8243; global_colors_info=&#8221;{}&#8221;]<\/p>\n<h1>Cole\u00e7\u00e3o Adulto<\/h1>\n<p>[\/et_pb_text][\/et_pb_column][\/et_pb_row][et_pb_row _builder_version=&#8221;4.16&#8243; custom_margin=&#8221;50px||||false|false&#8221; global_colors_info=&#8221;{}&#8221;][et_pb_column type=&#8221;4_4&#8243; _builder_version=&#8221;4.16&#8243; global_colors_info=&#8221;{}&#8221;][et_pb_text _builder_version=&#8221;4.16&#8243; header_text_color=&#8221;#ffffff&#8221; global_colors_info=&#8221;{}&#8221;]<\/p>\n<h1>Johann von Goisern<\/h1>\n<p>[\/et_pb_text][et_pb_text _builder_version=&#8221;4.16&#8243; background_layout=&#8221;dark&#8221; global_colors_info=&#8221;{}&#8221;]Com mais de 450 arma\u00e7\u00f5es, a cole\u00e7\u00e3o de Adulto da Johann von Goisern \u00e9 a maior cole\u00e7\u00e3o de acetato laminado do mundo. Incont\u00e1veis combina\u00e7\u00f5es de cores fazem os cora\u00e7\u00f5es dos amantes de \u00f3culos bater mais rapidamente vez ap\u00f3s vez.<strong> Ousa ser diferente?<\/strong> Ent\u00e3o veio ao s\u00edtio certo![\/et_pb_text][\/et_pb_column][\/et_pb_row][et_pb_row make_equal=&#8221;on&#8221; disabled_on=&#8221;on|on|on&#8221; _builder_version=&#8221;4.27.4&#8243; hover_enabled=&#8221;0&#8243; global_colors_info=&#8221;{}&#8221; disabled=&#8221;on&#8221; sticky_enabled=&#8221;0&#8243;][et_pb_column type=&#8221;4_4&#8243; _builder_version=&#8221;4.16&#8243; global_colors_info=&#8221;{}&#8221;][et_pb_code _builder_version=&#8221;4.16&#8243; global_colors_info=&#8221;{}&#8221;]<iframe style=\"border: none; width: 100%; height: 500px;\" src=\"\/\/e.issuu.com\/embed.html?backgroundColor=%23262626&#038;d=2014-02-14-jvg-catalog&#038;hideIssuuLogo=true&#038;hideShareButton=true&#038;logoImageUrl=https%3A%2F%2Fimages.pomberger.com%2Fjvgcom%2Fjvg_logo_white_thumb.png&#038;pageNumber=2&#038;u=pomberger\" allowfullscreen=\"allowfullscreen\"><\/iframe>[\/et_pb_code][\/et_pb_column][\/et_pb_row][et_pb_row _builder_version=&#8221;4.27.4&#8243; _module_preset=&#8221;default&#8221;][et_pb_column _builder_version=&#8221;4.27.4&#8243; _module_preset=&#8221;default&#8221; type=&#8221;4_4&#8243;][et_pb_text _builder_version=&#8221;4.27.4&#8243; _module_preset=&#8221;default&#8221; hover_enabled=&#8221;0&#8243; sticky_enabled=&#8221;0&#8243;]<\/p>\n<p><span><div class=\"_df_book df-lite\" id=\"df_6670\"  _slug=\"6670\" data-title=\"johann-von-goisern-adult\" wpoptions=\"true\" thumb=\"https:\/\/johann-v-goisern.com\/wp-content\/uploads\/2026\/01\/Screenshot-2026-01-07-065122.jpg\" thumbtype=\"\" ><\/div><script class=\"df-shortcode-script\" nowprocket type=\"application\/javascript\">window.option_df_6670 = {\"outline\":[],\"autoEnableOutline\":\"false\",\"autoEnableThumbnail\":\"false\",\"overwritePDFOutline\":\"false\",\"direction\":\"1\",\"pageSize\":\"0\",\"soundEnable\":\"false\",\"source\":\"https:\\\/\\\/johann-v-goisern.com\\\/wp-content\\\/uploads\\\/2026\\\/01\\\/Johann-von-Goisern-adult-collection-catalog.pdf\",\"wpOptions\":\"true\"}; if(window.DFLIP && window.DFLIP.parseBooks){window.DFLIP.parseBooks();}<\/script><\/span><\/p>\n<p>[\/et_pb_text][\/et_pb_column][\/et_pb_row][et_pb_row disabled_on=&#8221;on|off|off&#8221; _builder_version=&#8221;4.16&#8243; global_colors_info=&#8221;{}&#8221;][et_pb_column type=&#8221;4_4&#8243; _builder_version=&#8221;4.16&#8243; global_colors_info=&#8221;{}&#8221;][et_pb_text _builder_version=&#8221;4.16&#8243; header_text_align=&#8221;left&#8221; header_2_text_align=&#8221;center&#8221; header_2_text_color=&#8221;#ffffff&#8221; link_option_url=&#8221;https:\/\/images.pomberger.com\/Download%20Data\/Johann%20von%20Goisern%20-%20adult%20collection%20-%20catalog.pdf&#8221; link_option_url_new_window=&#8221;on&#8221; global_colors_info=&#8221;{}&#8221; header_2_text_color__hover_enabled=&#8221;on|hover&#8221; header_2_text_color__hover=&#8221;#0ecaef&#8221;]<\/p>\n<h2>clique aqui para a vers\u00e3o em .pdf<\/h2>\n<p>[\/et_pb_text][\/et_pb_column][\/et_pb_row][et_pb_row make_equal=&#8221;on&#8221; disabled_on=&#8221;off|on|on&#8221; _builder_version=&#8221;4.16&#8243; global_colors_info=&#8221;{}&#8221;][et_pb_column type=&#8221;4_4&#8243; _builder_version=&#8221;4.16&#8243; global_colors_info=&#8221;{}&#8221;][et_pb_code _builder_version=&#8221;4.16&#8243; global_colors_info=&#8221;{}&#8221;]<iframe style=\"border: none; width: 100%; height: 250px;\" src=\"\/\/e.issuu.com\/embed.html?backgroundColor=%23262626&#038;d=2014-02-14-jvg-catalog&#038;hideIssuuLogo=true&#038;hideShareButton=true&#038;logoImageUrl=https%3A%2F%2Fimages.pomberger.com%2Fjvgcom%2Fjvg_logo_white_thumb.png&#038;pageNumber=2&#038;u=pomberger\" allowfullscreen=\"allowfullscreen\"><\/iframe>[\/et_pb_code][\/et_pb_column][\/et_pb_row][et_pb_row disabled_on=&#8221;off|on|on&#8221; _builder_version=&#8221;4.16&#8243; global_colors_info=&#8221;{}&#8221;][et_pb_column type=&#8221;4_4&#8243; _builder_version=&#8221;4.16&#8243; global_colors_info=&#8221;{}&#8221;][et_pb_text _builder_version=&#8221;4.16&#8243; header_text_align=&#8221;left&#8221; header_2_text_align=&#8221;center&#8221; header_2_text_color=&#8221;#ffffff&#8221; custom_padding=&#8221;0px|||||&#8221; link_option_url=&#8221;https:\/\/images.pomberger.com\/Download%20Data\/Johann%20von%20Goisern%20-%20adult%20collection%20-%20catalog.pdf&#8221; link_option_url_new_window=&#8221;on&#8221; global_colors_info=&#8221;{}&#8221; header_2_text_color__hover_enabled=&#8221;on|hover&#8221; header_2_text_color__hover=&#8221;#0ecaef&#8221;]<\/p>\n<h2>toque aqui para a vers\u00e3o em .pdf<\/h2>\n<p>[\/et_pb_text][\/et_pb_column][\/et_pb_row][et_pb_row column_structure=&#8221;1_2,1_2&#8243; _builder_version=&#8221;4.16&#8243; custom_padding=&#8221;||||false|false&#8221; global_colors_info=&#8221;{}&#8221;][et_pb_column type=&#8221;1_2&#8243; _builder_version=&#8221;4.16&#8243; global_colors_info=&#8221;{}&#8221;][et_pb_button button_url=&#8221;@ET-DC@eyJkeW5hbWljIjp0cnVlLCJjb250ZW50IjoicG9zdF9saW5rX3VybF9wYWdlIiwic2V0dGluZ3MiOnsicG9zdF9pZCI6IjczIn19@&#8221; button_text=&#8221;voltar \u00e0 vis\u00e3o geral&#8221; button_alignment=&#8221;center&#8221; _builder_version=&#8221;4.16&#8243; _dynamic_attributes=&#8221;button_url&#8221; custom_button=&#8221;on&#8221; button_bg_color=&#8221;#545454&#8243; button_icon=&#8221;&#x44;||divi||400&#8243; button_icon_placement=&#8221;left&#8221; button_on_hover=&#8221;off&#8221; custom_css_main_element=&#8221;width: 100%;&#8221; global_colors_info=&#8221;{}&#8221;][\/et_pb_button][\/et_pb_column][et_pb_column type=&#8221;1_2&#8243; _builder_version=&#8221;4.16&#8243; global_colors_info=&#8221;{}&#8221;][et_pb_button button_url=&#8221;https:\/\/jvg.club\/shopFinder&#8221; url_new_window=&#8221;on&#8221; button_text=&#8221;mostrar no shop-finder&#8221; button_alignment=&#8221;center&#8221; _builder_version=&#8221;4.16&#8243; custom_button=&#8221;on&#8221; button_bg_color=&#8221;#0c71c3&#8243; button_icon=&#8221;&#x45;||divi||400&#8243; button_on_hover=&#8221;off&#8221; button_on_hover_tablet=&#8221;&#8221; button_on_hover_phone=&#8221;&#8221; button_on_hover_last_edited=&#8221;on|desktop&#8221; custom_css_main_element=&#8221;width: 100%&#8221; global_colors_info=&#8221;{}&#8221;][\/et_pb_button][\/et_pb_column][\/et_pb_row][\/et_pb_section]<\/p>\n","protected":false},"excerpt":{"rendered":"<p>Cole\u00e7\u00e3o AdultoJohann von GoisernCom mais de 450 arma\u00e7\u00f5es, a cole\u00e7\u00e3o de Adulto da Johann von Goisern \u00e9 a maior cole\u00e7\u00e3o de acetato laminado do mundo. Incont\u00e1veis combina\u00e7\u00f5es de cores fazem os cora\u00e7\u00f5es dos amantes de \u00f3culos bater mais rapidamente vez ap\u00f3s vez. Ousa ser diferente? Ent\u00e3o veio ao s\u00edtio certo!<div class=\"_df_book df-lite\" id=\"df_6670\"  _slug=\"6670\" data-title=\"johann-von-goisern-adult\" wpoptions=\"true\" thumb=\"https:\/\/johann-v-goisern.com\/wp-content\/uploads\/2026\/01\/Screenshot-2026-01-07-065122.jpg\" thumbtype=\"\" ><\/div><script class=\"df-shortcode-script\" nowprocket type=\"application\/javascript\">window.option_df_6670 = {\"outline\":[],\"autoEnableOutline\":\"false\",\"autoEnableThumbnail\":\"false\",\"overwritePDFOutline\":\"false\",\"direction\":\"1\",\"pageSize\":\"0\",\"soundEnable\":\"false\",\"source\":\"https:\\\/\\\/johann-v-goisern.com\\\/wp-content\\\/uploads\\\/2026\\\/01\\\/Johann-von-Goisern-adult-collection-catalog.pdf\",\"wpOptions\":\"true\"}; if(window.DFLIP && window.DFLIP.parseBooks){window.DFLIP.parseBooks();}<\/script>clique aqui para a vers\u00e3o [&hellip;]<\/p>\n","protected":false},"author":2,"featured_media":0,"parent":0,"menu_order":0,"comment_status":"closed","ping_status":"closed","template":"","meta":{"_et_pb_use_builder":"on","_et_pb_old_content":"","_et_gb_content_width":"","footnotes":""},"class_list":["post-2689","page","type-page","status-publish","hentry"],"_links":{"self":[{"href":"https:\/\/johann-v-goisern.com\/pt-pt\/wp-json\/wp\/v2\/pages\/2689","targetHints":{"allow":["GET"]}}],"collection":[{"href":"https:\/\/johann-v-goisern.com\/pt-pt\/wp-json\/wp\/v2\/pages"}],"about":[{"href":"https:\/\/johann-v-goisern.com\/pt-pt\/wp-json\/wp\/v2\/types\/page"}],"author":[{"embeddable":true,"href":"https:\/\/johann-v-goisern.com\/pt-pt\/wp-json\/wp\/v2\/users\/2"}],"replies":[{"embeddable":true,"href":"https:\/\/johann-v-goisern.com\/pt-pt\/wp-json\/wp\/v2\/comments?post=2689"}],"version-history":[{"count":0,"href":"https:\/\/johann-v-goisern.com\/pt-pt\/wp-json\/wp\/v2\/pages\/2689\/revisions"}],"wp:attachment":[{"href":"https:\/\/johann-v-goisern.com\/pt-pt\/wp-json\/wp\/v2\/media?parent=2689"}],"curies":[{"name":"wp","href":"https:\/\/api.w.org\/{rel}","templated":true}]}}