{"id":7063,"date":"2026-01-07T13:06:26","date_gmt":"2026-01-07T12:06:26","guid":{"rendered":"https:\/\/johann-v-goisern.com\/a-sustentabilidade\/"},"modified":"2026-01-07T13:06:27","modified_gmt":"2026-01-07T12:06:27","slug":"a-sustentabilidade","status":"publish","type":"page","link":"https:\/\/johann-v-goisern.com\/pt-pt\/a-sustentabilidade\/","title":{"rendered":"A sustentabilidade"},"content":{"rendered":"<p>[et_pb_section fb_built=&#8221;1&#8243; _builder_version=&#8221;4.16&#8243; custom_padding=&#8221;0px||31px|||&#8221; locked=&#8221;off&#8221; global_colors_info=&#8221;{}&#8221;][et_pb_row make_equal=&#8221;on&#8221; _builder_version=&#8221;4.27.5&#8243; background_enable_color=&#8221;off&#8221; background_image=&#8221;https:\/\/johann-v-goisern.com\/wp-content\/uploads\/2026\/01\/Banner_Nachhaltigkeit.webp&#8221; width=&#8221;100%&#8221; width_tablet=&#8221;100%&#8221; width_phone=&#8221;&#8221; width_last_edited=&#8221;on|phone&#8221; max_width=&#8221;100%&#8221; height=&#8221;500px&#8221; height_tablet=&#8221;200px&#8221; height_phone=&#8221;150px&#8221; height_last_edited=&#8221;on|tablet&#8221; custom_padding=&#8221;||0px|||&#8221; custom_css_main_element=&#8221;align-items:flex-end;&#8221; locked=&#8221;off&#8221; global_colors_info=&#8221;{}&#8221;][et_pb_column type=&#8221;4_4&#8243; _builder_version=&#8221;4.16&#8243; global_colors_info=&#8221;{}&#8221;][\/et_pb_column][\/et_pb_row][et_pb_row _builder_version=&#8221;4.16&#8243; custom_padding=&#8221;0px||0px|||&#8221; locked=&#8221;off&#8221; global_colors_info=&#8221;{}&#8221;][et_pb_column type=&#8221;4_4&#8243; _builder_version=&#8221;4.16&#8243; global_colors_info=&#8221;{}&#8221;][et_pb_text _builder_version=&#8221;4.27.5&#8243; header_font=&#8221;Allura|700|||||||&#8221; header_text_align=&#8221;center&#8221; header_text_color=&#8221;#ffffff&#8221; header_font_size=&#8221;5em&#8221; background_image=&#8221;https:\/\/johann-v-goisern.com\/wp-content\/uploads\/2026\/01\/flag_nachhaltig.webp&#8221; background_size=&#8221;contain&#8221; custom_margin=&#8221;-45px||||false|false&#8221; custom_margin_tablet=&#8221;||||false|false&#8221; custom_margin_phone=&#8221;-20px||||false|false&#8221; custom_margin_last_edited=&#8221;on|phone&#8221; header_font_size_tablet=&#8221;3em&#8221; header_font_size_phone=&#8221;2em&#8221; header_font_size_last_edited=&#8221;on|phone&#8221; header_text_shadow_style=&#8221;preset2&#8243; global_colors_info=&#8221;{}&#8221;]<\/p>\n<h1>A sustentabilidade<\/h1>\n<p>[\/et_pb_text][\/et_pb_column][\/et_pb_row][et_pb_row _builder_version=&#8221;4.16&#8243; custom_padding=&#8221;||0px|||&#8221; global_colors_info=&#8221;{}&#8221;][et_pb_column type=&#8221;4_4&#8243; _builder_version=&#8221;4.16&#8243; global_colors_info=&#8221;{}&#8221;][et_pb_text _builder_version=&#8221;4.27.5&#8243; global_colors_info=&#8221;{}&#8221;]<\/p>\n<h2 style=\"text-align: justify;\"><strong><span style=\"color: #99cc00;\">A sustentabilidade come\u00e7a na origem<\/span><\/strong><\/h2>\n<p><\/p>\n<p style=\"text-align: justify;\">O acetato de algod\u00e3o \u00e9 obtido a partir das fibras da planta do algod\u00e3o e da mat\u00e9ria-prima renov\u00e1vel madeira, cuja estrutura cont\u00e9m resinas e subst\u00e2ncias naturais essenciais para a produ\u00e7\u00e3o do material base das nossas arma\u00e7\u00f5es.<br data-start=\"587\" data-end=\"590\" \/>O acetato de algod\u00e3o utilizado pela <strong data-start=\"626\" data-end=\"648\">Johann von Goisern<\/strong> \u00e9 composto por <strong data-start=\"664\" data-end=\"712\">72% de flocos de algod\u00e3o e fibras de madeira<\/strong>. Este material combina naturalidade, conforto ao usar e sustentabilidade. As dobradi\u00e7as tamb\u00e9m s\u00e3o fornecidas diretamente da \u00c1ustria, provenientes da regi\u00e3o envolvente.<\/p>\n<p>[\/et_pb_text][\/et_pb_column][\/et_pb_row][\/et_pb_section][et_pb_section fb_built=&#8221;1&#8243; module_id=&#8221;design&#8221; _builder_version=&#8221;4.27.5&#8243; background_image=&#8221;https:\/\/johann-v-goisern.com\/wp-content\/uploads\/2026\/01\/Nachhaltigkeit_Baumwolle.webp&#8221; parallax=&#8221;on&#8221; parallax_method=&#8221;off&#8221; height=&#8221;60vh&#8221; height_tablet=&#8221;30vh&#8221; height_phone=&#8221;30vh&#8221; height_last_edited=&#8221;on|phone&#8221; global_colors_info=&#8221;{}&#8221;][\/et_pb_section][et_pb_section fb_built=&#8221;1&#8243; _builder_version=&#8221;4.16&#8243; height=&#8221;40vh&#8221; height_tablet=&#8221;70vh&#8221; height_phone=&#8221;70vh&#8221; height_last_edited=&#8221;on|phone&#8221; custom_padding=&#8221;||0px|||&#8221; global_colors_info=&#8221;{}&#8221;][et_pb_row _builder_version=&#8221;4.16&#8243; custom_padding=&#8221;||0px|||&#8221; locked=&#8221;off&#8221; global_colors_info=&#8221;{}&#8221;][et_pb_column type=&#8221;4_4&#8243; _builder_version=&#8221;4.16&#8243; global_colors_info=&#8221;{}&#8221;][et_pb_text _builder_version=&#8221;4.27.5&#8243; global_colors_info=&#8221;{}&#8221;]<\/p>\n<h2 style=\"text-align: justify;\"><strong><span style=\"color: #99cc00;\">O sol como apoio<\/span><\/strong><\/h2>\n<p><\/p>\n<p style=\"text-align: justify;\">H\u00e1 mais de 40 anos, a POMBERGER Goisern produz os \u00f3culos <strong data-start=\"972\" data-end=\"994\">Johann von Goisern<\/strong> exclusivamente em Bad Goisern. Um passo importante rumo ao futuro \u00e9 a utiliza\u00e7\u00e3o de energias renov\u00e1veis: com <strong data-start=\"1104\" data-end=\"1135\">mais de 350 pain\u00e9is solares<\/strong>, formando a <strong data-start=\"1148\" data-end=\"1196\">maior instala\u00e7\u00e3o fotovoltaica de Bad Goisern<\/strong>, a empresa apoia hoje grande parte da sua produ\u00e7\u00e3o com energia solar.<br data-start=\"1266\" data-end=\"1269\" \/>Desta forma, o artesanato regional alia-se ao pensamento sustent\u00e1vel \u2013 para mais independ\u00eancia, responsabilidade e um futuro mais habit\u00e1vel.<\/p>\n<p>[\/et_pb_text][\/et_pb_column][\/et_pb_row][\/et_pb_section][et_pb_section fb_built=&#8221;1&#8243; module_id=&#8221;materialcutting&#8221; _builder_version=&#8221;4.27.5&#8243; background_image=&#8221;https:\/\/johann-v-goisern.com\/wp-content\/uploads\/2026\/01\/Nachhaltigkeit_Solar.webp&#8221; parallax=&#8221;on&#8221; parallax_method=&#8221;off&#8221; height=&#8221;60vh&#8221; height_tablet=&#8221;30vh&#8221; height_phone=&#8221;30vh&#8221; height_last_edited=&#8221;on|phone&#8221; global_colors_info=&#8221;{}&#8221;][\/et_pb_section][et_pb_section fb_built=&#8221;1&#8243; _builder_version=&#8221;4.16&#8243; height=&#8221;40vh&#8221; height_tablet=&#8221;70vh&#8221; height_phone=&#8221;70vh&#8221; height_last_edited=&#8221;on|phone&#8221; global_colors_info=&#8221;{}&#8221;][et_pb_row _builder_version=&#8221;4.16&#8243; custom_padding=&#8221;||0px|||&#8221; locked=&#8221;off&#8221; global_colors_info=&#8221;{}&#8221;][et_pb_column type=&#8221;4_4&#8243; _builder_version=&#8221;4.16&#8243; global_colors_info=&#8221;{}&#8221;][et_pb_text _builder_version=&#8221;4.27.5&#8243; global_colors_info=&#8221;{}&#8221;]<\/p>\n<h2 style=\"text-align: justify;\"><strong><span style=\"color: #99cc00;\">Aproveitamento inteligente do calor residual<\/span><\/strong><\/h2>\n<p><\/p>\n<p style=\"text-align: justify;\">Gra\u00e7as a um sistema de recupera\u00e7\u00e3o de calor, na produ\u00e7\u00e3o da POMBERGER Goisern \u00e9 poss\u00edvel reutilizar cerca de <strong data-start=\"1580\" data-end=\"1601\">96% de calor \u00fatil<\/strong> a partir de <strong data-start=\"1614\" data-end=\"1652\">100% da energia el\u00e9trica consumida<\/strong>, para o aquecimento das instala\u00e7\u00f5es.<br data-start=\"1689\" data-end=\"1692\" \/>S\u00e3o aproveitados os calores residuais dos compressores, das m\u00e1quinas e das salas de servidores, algumas delas alimentadas por energia fotovoltaica. Assim, cerca de <strong data-start=\"1856\" data-end=\"1916\">50% da energia necess\u00e1ria para aquecimento \u00e9 economizada<\/strong>, reduzindo custos e protegendo o meio ambiente. A pegada ecol\u00f3gica de cada arma\u00e7\u00e3o <strong data-start=\"2000\" data-end=\"2022\">Johann von Goisern<\/strong> \u00e9, assim, significativamente reduzida.<\/p>\n<p>[\/et_pb_text][\/et_pb_column][\/et_pb_row][\/et_pb_section][et_pb_section fb_built=&#8221;1&#8243; module_id=&#8221;lamination&#8221; _builder_version=&#8221;4.27.5&#8243; background_image=&#8221;https:\/\/johann-v-goisern.com\/wp-content\/uploads\/2026\/01\/Nachhaltigkeit_Abwaerme.webp&#8221; parallax=&#8221;on&#8221; parallax_method=&#8221;off&#8221; height=&#8221;60vh&#8221; height_tablet=&#8221;30vh&#8221; height_phone=&#8221;30vh&#8221; height_last_edited=&#8221;on|phone&#8221; global_colors_info=&#8221;{}&#8221;][\/et_pb_section][et_pb_section fb_built=&#8221;1&#8243; _builder_version=&#8221;4.16&#8243; height=&#8221;40vh&#8221; height_tablet=&#8221;70vh&#8221; height_phone=&#8221;70vh&#8221; height_last_edited=&#8221;on|phone&#8221; global_colors_info=&#8221;{}&#8221;][et_pb_row _builder_version=&#8221;4.16&#8243; custom_padding=&#8221;||0px|||&#8221; locked=&#8221;off&#8221; global_colors_info=&#8221;{}&#8221;][et_pb_column type=&#8221;4_4&#8243; _builder_version=&#8221;4.16&#8243; global_colors_info=&#8221;{}&#8221;][et_pb_text _builder_version=&#8221;4.27.5&#8243; global_colors_info=&#8221;{}&#8221;]<\/p>\n<h2 style=\"text-align: justify;\"><strong><span style=\"color: #99cc00;\">De Goisern para o mundo inteiro<\/span><\/strong><\/h2>\n<p><\/p>\n<p style=\"text-align: justify;\">A partir de Bad Goisern, a POMBERGER Goisern envia os seus \u00f3culos para todo o mundo. Especialmente na Europa, os nossos parceiros beneficiam de rotas de transporte curtas \u2013 envios transoce\u00e2nicos complexos s\u00e3o evitados e a pegada ecol\u00f3gica mant\u00e9m-se reduzida.<br data-start=\"2368\" data-end=\"2371\" \/>Tamb\u00e9m nos detalhes apostamos em solu\u00e7\u00f5es conscientes: o <strong data-start=\"2428\" data-end=\"2484\">pacote de boas-vindas para novos membros do JvG Club<\/strong> \u00e9 enviado apenas mediante pedido, e muitos f\u00e3s optam deliberadamente por n\u00e3o o receber em respeito ao meio ambiente. O cart\u00e3o de membro \u00e9 feito de cart\u00e3o h\u00e1 v\u00e1rios anos, e os nossos <strong data-start=\"2667\" data-end=\"2701\">panos de limpeza XXL e estojos<\/strong> s\u00e3o produzidos em <strong data-start=\"2720\" data-end=\"2738\">rPET reciclado<\/strong>.<br data-start=\"2739\" data-end=\"2742\" \/>Desta forma, combinamos presen\u00e7a internacional com a\u00e7\u00e3o respons\u00e1vel \u2013 passo a passo.<\/p>\n<p>[\/et_pb_text][\/et_pb_column][\/et_pb_row][\/et_pb_section][et_pb_section fb_built=&#8221;1&#8243; module_id=&#8221;milling&#8221; _builder_version=&#8221;4.27.5&#8243; background_image=&#8221;https:\/\/johann-v-goisern.com\/wp-content\/uploads\/2026\/01\/Nachhaltigkeit_Welt.webp&#8221; parallax=&#8221;on&#8221; parallax_method=&#8221;off&#8221; height=&#8221;60vh&#8221; height_tablet=&#8221;30vh&#8221; height_phone=&#8221;30vh&#8221; height_last_edited=&#8221;on|phone&#8221; global_colors_info=&#8221;{}&#8221;][\/et_pb_section][et_pb_section fb_built=&#8221;1&#8243; _builder_version=&#8221;4.27.5&#8243; background_image=&#8221;https:\/\/johann-v-goisern.com\/wp-content\/uploads\/2026\/01\/Nachhaltigkeit_footer01.webp&#8221; background_size=&#8221;contain&#8221; height=&#8221;19vh&#8221; height_tablet=&#8221;70vh&#8221; height_phone=&#8221;70vh&#8221; height_last_edited=&#8221;on|phone&#8221; custom_margin=&#8221;||74px|||&#8221; custom_padding=&#8221;||409px|||&#8221; global_colors_info=&#8221;{}&#8221;][\/et_pb_section][et_pb_section fb_built=&#8221;1&#8243; _builder_version=&#8221;4.16&#8243; min_height=&#8221;838.3px&#8221; height_last_edited=&#8221;off|phone&#8221; custom_margin=&#8221;-102px|||||&#8221; custom_padding=&#8221;0px|||||&#8221; global_colors_info=&#8221;{}&#8221;][et_pb_row column_structure=&#8221;1_3,1_3,1_3&#8243; make_equal=&#8221;on&#8221; _builder_version=&#8221;4.16&#8243; module_alignment=&#8221;center&#8221; height=&#8221;60%&#8221; height_phone=&#8221;auto&#8221; height_last_edited=&#8221;off|desktop&#8221; custom_margin=&#8221;100px||||false|false&#8221; locked=&#8221;off&#8221; global_colors_info=&#8221;{}&#8221; custom_css_main_element_last_edited=&#8221;on|desktop&#8221; custom_css_main_element_tablet=&#8221;align-items: center;&#8221; custom_css_main_element_phone=&#8221;align-items: center;&#8221;][et_pb_column type=&#8221;1_3&#8243; disabled_on=&#8221;off|off|off&#8221; _builder_version=&#8221;4.16&#8243; global_colors_info=&#8221;{}&#8221;][et_pb_image src=&#8221;https:\/\/johann-v-goisern.com\/\/wp-content\/uploads\/2020\/06\/Kataloge.png&#8221; title_text=&#8221;Cat\u00e1logos&#8221; url=&#8221;@ET-DC@eyJkeW5hbWljIjp0cnVlLCJjb250ZW50IjoicG9zdF9saW5rX3VybF9wYWdlIiwic2V0dGluZ3MiOnsicG9zdF9pZCI6IjczIn19@&#8221; align=&#8221;center&#8221; _builder_version=&#8221;4.16&#8243; _dynamic_attributes=&#8221;url&#8221; max_height_tablet=&#8221;150px&#8221; max_height_phone=&#8221;150px&#8221; max_height_last_edited=&#8221;on|phone&#8221; global_colors_info=&#8221;{}&#8221;][\/et_pb_image][et_pb_blurb title=&#8221;Cat\u00e1logos&#8221; _builder_version=&#8221;4.16&#8243; text_orientation=&#8221;center&#8221; global_colors_info=&#8221;{}&#8221;]<\/p>\n<p>Os nossos cat\u00e1logos atuais est\u00e3o dispon\u00edveis online.<\/p>\n<p>[\/et_pb_blurb][et_pb_button button_url=&#8221;@ET-DC@eyJkeW5hbWljIjp0cnVlLCJjb250ZW50IjoicG9zdF9saW5rX3VybF9wYWdlIiwic2V0dGluZ3MiOnsicG9zdF9pZCI6IjczIn19@&#8221; button_text=&#8221;veja as cole\u00e7\u00f5es&#8221; button_alignment=&#8221;center&#8221; _builder_version=&#8221;4.16&#8243; _dynamic_attributes=&#8221;button_url&#8221; custom_button=&#8221;on&#8221; button_bg_color=&#8221;#0c71c3&#8243; button_use_icon=&#8221;off&#8221; global_colors_info=&#8221;{}&#8221;][\/et_pb_button][\/et_pb_column][et_pb_column type=&#8221;1_3&#8243; _builder_version=&#8221;4.16&#8243; global_colors_info=&#8221;{}&#8221;][et_pb_image src=&#8221;https:\/\/johann-v-goisern.com\/\/wp-content\/uploads\/2020\/06\/Aktuelles_alt.png&#8221; title_text=&#8221;Aktuelles_alt&#8221; url=&#8221;@ET-DC@eyJkeW5hbWljIjp0cnVlLCJjb250ZW50IjoicG9zdF9saW5rX3VybF9wYWdlIiwic2V0dGluZ3MiOnsicG9zdF9pZCI6IjQ2In19@&#8221; align=&#8221;center&#8221; _builder_version=&#8221;4.16&#8243; _dynamic_attributes=&#8221;url&#8221; max_height_tablet=&#8221;150px&#8221; max_height_phone=&#8221;150px&#8221; max_height_last_edited=&#8221;on|phone&#8221; global_colors_info=&#8221;{}&#8221;][\/et_pb_image][et_pb_blurb title=&#8221;Not\u00edcias&#8221; _builder_version=&#8221;4.16&#8243; text_orientation=&#8221;center&#8221; global_colors_info=&#8221;{}&#8221;]<\/p>\n<p>Aqui encontra todas as novidades sobre a Johann von Goisern.<\/p>\n<p>[\/et_pb_blurb][et_pb_button button_url=&#8221;@ET-DC@eyJkeW5hbWljIjp0cnVlLCJjb250ZW50IjoicG9zdF9saW5rX3VybF9wYWdlIiwic2V0dGluZ3MiOnsicG9zdF9pZCI6IjQ2In19@&#8221; button_text=&#8221;veja as not\u00edcias&#8221; button_alignment=&#8221;center&#8221; _builder_version=&#8221;4.16&#8243; _dynamic_attributes=&#8221;button_url&#8221; custom_button=&#8221;on&#8221; button_bg_color=&#8221;#e29b00&#8243; button_use_icon=&#8221;off&#8221; global_colors_info=&#8221;{}&#8221;][\/et_pb_button][\/et_pb_column][et_pb_column type=&#8221;1_3&#8243; _builder_version=&#8221;4.16&#8243; global_colors_info=&#8221;{}&#8221;][et_pb_image src=&#8221;https:\/\/johann-v-goisern.com\/\/wp-content\/uploads\/2020\/06\/Shopfinder.png&#8221; title_text=&#8221;Shop-Finder&#8221; align=&#8221;center&#8221; _builder_version=&#8221;4.16&#8243; max_height_tablet=&#8221;150px&#8221; max_height_phone=&#8221;150px&#8221; max_height_last_edited=&#8221;on|phone&#8221; global_colors_info=&#8221;{}&#8221;][\/et_pb_image][et_pb_blurb title=&#8221;Shop-Finder&#8221; _builder_version=&#8221;4.16&#8243; text_orientation=&#8221;center&#8221; global_colors_info=&#8221;{}&#8221;]<\/p>\n<p>Ajudamos a encontrar \u00f3pticos parceiros perto de si.<\/p>\n<p>[\/et_pb_blurb][et_pb_button button_url=&#8221;https:\/\/pomberger.com\/maps\/?remove=Alle&#8221; button_text=&#8221;veja o Shop-Finder&#8221; button_alignment=&#8221;center&#8221; _builder_version=&#8221;4.16&#8243; custom_button=&#8221;on&#8221; button_bg_color=&#8221;#e02b20&#8243; button_use_icon=&#8221;off&#8221; global_colors_info=&#8221;{}&#8221;][\/et_pb_button][\/et_pb_column][\/et_pb_row][\/et_pb_section]<\/p>\n","protected":false},"excerpt":{"rendered":"<p>A sustentabilidadeA sustentabilidade come\u00e7a na origemO acetato de algod\u00e3o \u00e9 obtido a partir das fibras da planta do algod\u00e3o e da mat\u00e9ria-prima renov\u00e1vel madeira, cuja estrutura cont\u00e9m resinas e subst\u00e2ncias naturais essenciais para a produ\u00e7\u00e3o do material base das nossas arma\u00e7\u00f5es.O acetato de algod\u00e3o utilizado pela Johann von Goisern \u00e9 composto por 72% de flocos [&hellip;]<\/p>\n","protected":false},"author":3,"featured_media":0,"parent":0,"menu_order":0,"comment_status":"closed","ping_status":"closed","template":"","meta":{"_et_pb_use_builder":"on","_et_pb_old_content":"","_et_gb_content_width":"","footnotes":""},"class_list":["post-7063","page","type-page","status-publish","hentry"],"_links":{"self":[{"href":"https:\/\/johann-v-goisern.com\/pt-pt\/wp-json\/wp\/v2\/pages\/7063","targetHints":{"allow":["GET"]}}],"collection":[{"href":"https:\/\/johann-v-goisern.com\/pt-pt\/wp-json\/wp\/v2\/pages"}],"about":[{"href":"https:\/\/johann-v-goisern.com\/pt-pt\/wp-json\/wp\/v2\/types\/page"}],"author":[{"embeddable":true,"href":"https:\/\/johann-v-goisern.com\/pt-pt\/wp-json\/wp\/v2\/users\/3"}],"replies":[{"embeddable":true,"href":"https:\/\/johann-v-goisern.com\/pt-pt\/wp-json\/wp\/v2\/comments?post=7063"}],"version-history":[{"count":0,"href":"https:\/\/johann-v-goisern.com\/pt-pt\/wp-json\/wp\/v2\/pages\/7063\/revisions"}],"wp:attachment":[{"href":"https:\/\/johann-v-goisern.com\/pt-pt\/wp-json\/wp\/v2\/media?parent=7063"}],"curies":[{"name":"wp","href":"https:\/\/api.w.org\/{rel}","templated":true}]}}